{"id":129,"date":"2025-03-30T19:32:21","date_gmt":"2025-03-30T17:32:21","guid":{"rendered":"http:\/\/lnkbridge.com\/services\/"},"modified":"2025-06-18T12:38:52","modified_gmt":"2025-06-18T10:38:52","slug":"services","status":"publish","type":"page","link":"https:\/\/lnkbridge.com\/pl\/services\/","title":{"rendered":"Us\u0142ugi"},"content":{"rendered":"<div data-elementor-type=\"wp-post\" data-elementor-id=\"129\" class=\"elementor elementor-129\">\n\t\t\t\t<div class=\"elementor-element elementor-element-09e4f30 e-flex e-con-boxed e-con e-parent\" data-id=\"09e4f30\" data-element_type=\"container\" data-settings=\"{&quot;background_background&quot;:&quot;classic&quot;}\">\n\t\t\t\t\t<div class=\"e-con-inner\">\n\t\t<div class=\"elementor-element elementor-element-e82164a e-con-full e-flex e-con e-child\" data-id=\"e82164a\" data-element_type=\"container\">\n\t\t\t\t<div class=\"elementor-element elementor-element-78cf751 elementor-widget elementor-widget-heading\" data-id=\"78cf751\" data-element_type=\"widget\" data-widget_type=\"heading.default\">\n\t\t\t\t<div class=\"elementor-widget-container\">\n\t\t\t\t\t<h1 class=\"elementor-heading-title elementor-size-default\">Us\u0142ugi<\/h1>\t\t\t\t<\/div>\n\t\t\t\t<\/div>\n\t\t\t\t<\/div>\n\t\t\t\t\t<\/div>\n\t\t\t\t<\/div>\n\t\t<div class=\"elementor-element elementor-element-7750483 e-flex e-con-boxed e-con e-parent\" data-id=\"7750483\" data-element_type=\"container\">\n\t\t\t\t\t<div class=\"e-con-inner\">\n\t\t<div class=\"elementor-element elementor-element-8b75471 e-con-full e-flex e-con e-child\" data-id=\"8b75471\" data-element_type=\"container\" data-settings=\"{&quot;background_background&quot;:&quot;classic&quot;}\">\n\t\t\t\t<div class=\"elementor-element elementor-element-729a3d1 elementor-widget elementor-widget-image\" data-id=\"729a3d1\" data-element_type=\"widget\" data-widget_type=\"image.default\">\n\t\t\t\t<div class=\"elementor-widget-container\">\n\t\t\t\t\t\t\t\t\t\t\t\t\t\t\t<img fetchpriority=\"high\" decoding=\"async\" width=\"1276\" height=\"850\" src=\"https:\/\/lnkbridge.com\/wp-content\/uploads\/2025\/03\/AdobeStock_907170032.jpg\" class=\"attachment-full size-full wp-image-1298\" alt=\"\" srcset=\"https:\/\/lnkbridge.com\/wp-content\/uploads\/2025\/03\/AdobeStock_907170032.jpg 1276w, https:\/\/lnkbridge.com\/wp-content\/uploads\/2025\/03\/AdobeStock_907170032-300x200.jpg 300w, https:\/\/lnkbridge.com\/wp-content\/uploads\/2025\/03\/AdobeStock_907170032-1024x682.jpg 1024w, https:\/\/lnkbridge.com\/wp-content\/uploads\/2025\/03\/AdobeStock_907170032-768x512.jpg 768w\" sizes=\"(max-width: 1276px) 100vw, 1276px\" \/>\t\t\t\t\t\t\t\t\t\t\t\t\t\t\t<\/div>\n\t\t\t\t<\/div>\n\t\t\t\t<\/div>\n\t\t<div class=\"elementor-element elementor-element-81d04ef e-con-full e-flex e-con e-child\" data-id=\"81d04ef\" data-element_type=\"container\">\n\t\t\t\t<div class=\"elementor-element elementor-element-75a29fb elementor-widget elementor-widget-heading\" data-id=\"75a29fb\" data-element_type=\"widget\" data-widget_type=\"heading.default\">\n\t\t\t\t<div class=\"elementor-widget-container\">\n\t\t\t\t\t<h3 class=\"elementor-heading-title elementor-size-default\">Business Matchmaking <\/h3>\t\t\t\t<\/div>\n\t\t\t\t<\/div>\n\t\t\t\t<div class=\"elementor-element elementor-element-f3b1155 elementor-widget elementor-widget-text-editor\" data-id=\"f3b1155\" data-element_type=\"widget\" data-widget_type=\"text-editor.default\">\n\t\t\t\t<div class=\"elementor-widget-container\">\n\t\t\t\t\t\t\t\t\t<p style=\"font-weight: 400;\">Naszym celem jest \u0142\u0105czenie inwestor\u00f3w z odpowiednimi projektami i mo\u017cliwo\u015bciami; oraz nawi\u0105zywanie kontakt\u00f3w z zaufanymi kupuj\u0105cymi i sprzedaj\u0105cymi, aby osi\u0105gn\u0105\u0107 sukces obustronny. Nasza ekspertyza w zakresie Vinculacji Biznesowej pomaga tworzy\u0107 trwa\u0142e, d\u0142ugoterminowe partnerstwa, u\u0142atwiaj\u0105c op\u0142acalne transakcje i wsp\u00f3\u0142prac\u0119 dla naszych Klient\u00f3w.<\/p>\t\t\t\t\t\t\t\t<\/div>\n\t\t\t\t<\/div>\n\t\t\t\t<div class=\"elementor-element elementor-element-c5f2be8 elementor-widget elementor-widget-heading\" data-id=\"c5f2be8\" data-element_type=\"widget\" data-widget_type=\"heading.default\">\n\t\t\t\t<div class=\"elementor-widget-container\">\n\t\t\t\t\t<h3 class=\"elementor-heading-title elementor-size-default\">Kapita\u0142 od Inwestor\u00f3w<\/h3>\t\t\t\t<\/div>\n\t\t\t\t<\/div>\n\t\t\t\t<div class=\"elementor-element elementor-element-b7855b0 elementor-widget elementor-widget-text-editor\" data-id=\"b7855b0\" data-element_type=\"widget\" data-widget_type=\"text-editor.default\">\n\t\t\t\t<div class=\"elementor-widget-container\">\n\t\t\t\t\t\t\t\t\t<p style=\"font-weight: 400;\">LnkBridge nawi\u0105za\u0142o kontakty z mened\u017cerami aktyw\u00f3w, firmami private equity, venture capital i instytucjami zarz\u0105dzaj\u0105cymi aktywami, a tak\u017ce setkami prywatnych inwestor\u00f3w na ca\u0142ym \u015bwiecie, zapewniaj\u0105c firmom dost\u0119p do mo\u017cliwo\u015bci inwestycyjnych i strategicznych partnerstw. Nasza rozleg\u0142a sie\u0107 inwestor\u00f3w pozwala nam dopasowa\u0107 firmy do odpowiednich inwestor\u00f3w, wspieraj\u0105c rozw\u00f3j i innowacje.<\/p>\t\t\t\t\t\t\t\t<\/div>\n\t\t\t\t<\/div>\n\t\t\t\t<\/div>\n\t\t\t\t\t<\/div>\n\t\t\t\t<\/div>\n\t\t<div class=\"elementor-element elementor-element-6cddb1b e-flex e-con-boxed e-con e-parent\" data-id=\"6cddb1b\" data-element_type=\"container\" data-settings=\"{&quot;background_background&quot;:&quot;classic&quot;}\">\n\t\t\t\t\t<div class=\"e-con-inner\">\n\t\t<div class=\"elementor-element elementor-element-f175447 e-con-full e-flex e-con e-child\" data-id=\"f175447\" data-element_type=\"container\">\n\t\t\t\t<div class=\"elementor-element elementor-element-27af923 elementor-widget elementor-widget-heading\" data-id=\"27af923\" data-element_type=\"widget\" data-widget_type=\"heading.default\">\n\t\t\t\t<div class=\"elementor-widget-container\">\n\t\t\t\t\t<h3 class=\"elementor-heading-title elementor-size-default\">Finansowanie<\/h3>\t\t\t\t<\/div>\n\t\t\t\t<\/div>\n\t\t\t\t<div class=\"elementor-element elementor-element-b9afa7f elementor-widget elementor-widget-text-editor\" data-id=\"b9afa7f\" data-element_type=\"widget\" data-widget_type=\"text-editor.default\">\n\t\t\t\t<div class=\"elementor-widget-container\">\n\t\t\t\t\t\t\t\t\t<p style=\"font-weight: 400;\">W LnkBridge oferujemy kompleksowe rozwi\u0105zania finansowe i strategiczne finansowanie wspieraj\u0105ce firmy w osi\u0105ganiu cel\u00f3w rozwoju i ekspansji. Dzi\u0119ki naszej rozbudowanej sieci zapewniamy dost\u0119p do szerokiego zakresu \u017ar\u00f3de\u0142 kapita\u0142u, w tym tradycyjnych bank\u00f3w i dostawc\u00f3w finansowania alternatywnego.<\/p>\t\t\t\t\t\t\t\t<\/div>\n\t\t\t\t<\/div>\n\t\t\t\t<div class=\"elementor-element elementor-element-489e75a elementor-widget elementor-widget-heading\" data-id=\"489e75a\" data-element_type=\"widget\" data-widget_type=\"heading.default\">\n\t\t\t\t<div class=\"elementor-widget-container\">\n\t\t\t\t\t<h3 class=\"elementor-heading-title elementor-size-default\">Fuzje i Przej\u0119cia (M&amp;A)<\/h3>\t\t\t\t<\/div>\n\t\t\t\t<\/div>\n\t\t\t\t<div class=\"elementor-element elementor-element-28d1f9b elementor-widget elementor-widget-text-editor\" data-id=\"28d1f9b\" data-element_type=\"widget\" data-widget_type=\"text-editor.default\">\n\t\t\t\t<div class=\"elementor-widget-container\">\n\t\t\t\t\t\t\t\t\t<p>LnkBridge zapewnia wsparcie od A do Z w zakresie fuzji, przej\u0119\u0107 i zby\u0107. Nasza ekspertyza obejmuje pozyskiwanie okazji, wycen\u0119, audyt due diligence, negocjacje oraz integracj\u0119 po transakcji. Pomagamy klientom przej\u015b\u0107 przez z\u0142o\u017cono\u015bci procesu i osi\u0105gn\u0105\u0107 ich cele strategiczne, korzystaj\u0105c z dostosowanych us\u0142ug doradczych w zakresie M&amp;A.<\/p>\t\t\t\t\t\t\t\t<\/div>\n\t\t\t\t<\/div>\n\t\t\t\t<div class=\"elementor-element elementor-element-eb3476a elementor-widget elementor-widget-heading\" data-id=\"eb3476a\" data-element_type=\"widget\" data-widget_type=\"heading.default\">\n\t\t\t\t<div class=\"elementor-widget-container\">\n\t\t\t\t\t<h3 class=\"elementor-heading-title elementor-size-default\">U\u0142atwianie Handlu Mi\u0119dzynarodowego<\/h3>\t\t\t\t<\/div>\n\t\t\t\t<\/div>\n\t\t\t\t<div class=\"elementor-element elementor-element-e6bc60d elementor-widget elementor-widget-text-editor\" data-id=\"e6bc60d\" data-element_type=\"widget\" data-widget_type=\"text-editor.default\">\n\t\t\t\t<div class=\"elementor-widget-container\">\n\t\t\t\t\t\t\t\t\t<p style=\"font-weight: 400;\">Dzi\u0119ki strategicznym partnerom w ponad 50 krajach na 6 kontynentach, LnkBridge wyr\u00f3\u017cnia si\u0119 w zakresie u\u0142atwiania handlu globalnego, korzystaj\u0105c z wiedzy bran\u017cowej i kontakt\u00f3w, aby zapewni\u0107 sprawny przep\u0142yw towar\u00f3w przez granice mi\u0119dzynarodowe.<\/p>\t\t\t\t\t\t\t\t<\/div>\n\t\t\t\t<\/div>\n\t\t\t\t<\/div>\n\t\t<div class=\"elementor-element elementor-element-7f84341 e-con-full e-flex e-con e-child\" data-id=\"7f84341\" data-element_type=\"container\" data-settings=\"{&quot;background_background&quot;:&quot;classic&quot;}\">\n\t\t\t\t<div class=\"elementor-element elementor-element-494dc3a elementor-widget elementor-widget-image\" data-id=\"494dc3a\" data-element_type=\"widget\" data-widget_type=\"image.default\">\n\t\t\t\t<div class=\"elementor-widget-container\">\n\t\t\t\t\t\t\t\t\t\t\t\t\t\t\t<img decoding=\"async\" width=\"1290\" height=\"860\" src=\"https:\/\/lnkbridge.com\/wp-content\/uploads\/2025\/03\/AdobeStock_1068627693.jpeg\" class=\"attachment-full size-full wp-image-1300\" alt=\"\" srcset=\"https:\/\/lnkbridge.com\/wp-content\/uploads\/2025\/03\/AdobeStock_1068627693.jpeg 1290w, https:\/\/lnkbridge.com\/wp-content\/uploads\/2025\/03\/AdobeStock_1068627693-300x200.jpeg 300w, https:\/\/lnkbridge.com\/wp-content\/uploads\/2025\/03\/AdobeStock_1068627693-1024x683.jpeg 1024w, https:\/\/lnkbridge.com\/wp-content\/uploads\/2025\/03\/AdobeStock_1068627693-768x512.jpeg 768w\" sizes=\"(max-width: 1290px) 100vw, 1290px\" \/>\t\t\t\t\t\t\t\t\t\t\t\t\t\t\t<\/div>\n\t\t\t\t<\/div>\n\t\t\t\t<\/div>\n\t\t\t\t\t<\/div>\n\t\t\t\t<\/div>\n\t\t<div class=\"elementor-element elementor-element-a2a06b9 e-con-full e-flex e-con e-parent\" data-id=\"a2a06b9\" data-element_type=\"container\" data-settings=\"{&quot;background_background&quot;:&quot;classic&quot;}\">\n\t\t<div class=\"elementor-element elementor-element-7c0f64f e-con-full e-flex e-con e-child\" data-id=\"7c0f64f\" data-element_type=\"container\">\n\t\t\t\t<div class=\"elementor-element elementor-element-eee7c66 elementor-widget elementor-widget-heading\" data-id=\"eee7c66\" data-element_type=\"widget\" data-widget_type=\"heading.default\">\n\t\t\t\t<div class=\"elementor-widget-container\">\n\t\t\t\t\t<h3 class=\"elementor-heading-title elementor-size-default\">Globalna Sie\u0107 LnkBridge Ponad 50 kraj\u00f3w na 6 kontynentach<\/h3>\t\t\t\t<\/div>\n\t\t\t\t<\/div>\n\t\t\t\t<\/div>\n\t\t\t\t<\/div>\n\t\t\t\t<\/div>","protected":false},"excerpt":{"rendered":"<p>Services Business Matchmaking Our purpose lies in bridging Investors with the right projects and opportunities; and to connect trusted buyers and sellers for mutual success. Our expertise in business matchmaking helps create successful, long-term partnerships, facilitating profitable transactions and collaborations for our Clients. Capital from Investors LnkBridge has established connections with asset managers, private equity [&hellip;]<\/p>","protected":false},"author":2,"featured_media":0,"parent":0,"menu_order":0,"comment_status":"closed","ping_status":"closed","template":"","meta":{"site-sidebar-layout":"default","site-content-layout":"page-builder","ast-site-content-layout":"full-width-container","site-content-style":"unboxed","site-sidebar-style":"unboxed","ast-global-header-display":"","ast-banner-title-visibility":"","ast-main-header-display":"","ast-hfb-above-header-display":"","ast-hfb-below-header-display":"","ast-hfb-mobile-header-display":"","site-post-title":"disabled","ast-breadcrumbs-content":"","ast-featured-img":"disabled","footer-sml-layout":"","theme-transparent-header-meta":"enabled","adv-header-id-meta":"","stick-header-meta":"","header-above-stick-meta":"","header-main-stick-meta":"","header-below-stick-meta":"","astra-migrate-meta-layouts":"set","ast-page-background-enabled":"default","ast-page-background-meta":{"desktop":{"background-color":"","background-image":"","background-repeat":"repeat","background-position":"center center","background-size":"auto","background-attachment":"scroll","background-type":"","background-media":"","overlay-type":"","overlay-color":"","overlay-opacity":"","overlay-gradient":""},"tablet":{"background-color":"","background-image":"","background-repeat":"repeat","background-position":"center center","background-size":"auto","background-attachment":"scroll","background-type":"","background-media":"","overlay-type":"","overlay-color":"","overlay-opacity":"","overlay-gradient":""},"mobile":{"background-color":"","background-image":"","background-repeat":"repeat","background-position":"center center","background-size":"auto","background-attachment":"scroll","background-type":"","background-media":"","overlay-type":"","overlay-color":"","overlay-opacity":"","overlay-gradient":""}},"ast-content-background-meta":{"desktop":{"background-color":"var(--ast-global-color-5)","background-image":"","background-repeat":"repeat","background-position":"center center","background-size":"auto","background-attachment":"scroll","background-type":"","background-media":"","overlay-type":"","overlay-color":"","overlay-opacity":"","overlay-gradient":""},"tablet":{"background-color":"var(--ast-global-color-5)","background-image":"","background-repeat":"repeat","background-position":"center center","background-size":"auto","background-attachment":"scroll","background-type":"","background-media":"","overlay-type":"","overlay-color":"","overlay-opacity":"","overlay-gradient":""},"mobile":{"background-color":"var(--ast-global-color-5)","background-image":"","background-repeat":"repeat","background-position":"center center","background-size":"auto","background-attachment":"scroll","background-type":"","background-media":"","overlay-type":"","overlay-color":"","overlay-opacity":"","overlay-gradient":""}},"footnotes":""},"class_list":["post-129","page","type-page","status-publish","hentry"],"yoast_head":"<!-- This site is optimized with the Yoast SEO plugin v24.7 - https:\/\/yoast.com\/wordpress\/plugins\/seo\/ -->\n<title>LnkBridge Services \u2013 Business Matchmaking, Financing &amp; M&amp;A<\/title>\n<meta name=\"description\" content=\"At LnkBridge, we offer business matchmaking, strategic financing, M&amp;A advisory and global trade facilitation to help businesses expand internationally. :contentReference[oaicite:2]{index=2}\" \/>\n<meta name=\"robots\" content=\"index, follow, max-snippet:-1, max-image-preview:large, max-video-preview:-1\" \/>\n<link rel=\"canonical\" href=\"https:\/\/lnkbridge.com\/pl\/services\/\" \/>\n<meta property=\"og:locale\" content=\"pl_PL\" \/>\n<meta property=\"og:type\" content=\"article\" \/>\n<meta property=\"og:title\" content=\"LnkBridge Services \u2013 Business Matchmaking, Financing &amp; M&amp;A\" \/>\n<meta property=\"og:description\" content=\"At LnkBridge, we offer business matchmaking, strategic financing, M&amp;A advisory and global trade facilitation to help businesses expand internationally. :contentReference[oaicite:2]{index=2}\" \/>\n<meta property=\"og:url\" content=\"https:\/\/lnkbridge.com\/pl\/services\/\" \/>\n<meta property=\"article:modified_time\" content=\"2025-06-18T10:38:52+00:00\" \/>\n<meta property=\"og:image\" content=\"https:\/\/lnkbridge.com\/wp-content\/uploads\/2025\/03\/AdobeStock_907170032.jpg\" \/>\n<meta name=\"twitter:card\" content=\"summary_large_image\" \/>\n<meta name=\"twitter:label1\" content=\"Szacowany czas czytania\" \/>\n\t<meta name=\"twitter:data1\" content=\"2 minuty\" \/>\n<script type=\"application\/ld+json\" class=\"yoast-schema-graph\">{\"@context\":\"https:\/\/schema.org\",\"@graph\":[{\"@type\":\"WebPage\",\"@id\":\"https:\/\/lnkbridge.com\/services\/\",\"url\":\"https:\/\/lnkbridge.com\/services\/\",\"name\":\"LnkBridge Services \u2013 Business Matchmaking, Financing & M&A\",\"isPartOf\":{\"@id\":\"https:\/\/lnkbridge.com\/#website\"},\"primaryImageOfPage\":{\"@id\":\"https:\/\/lnkbridge.com\/services\/#primaryimage\"},\"image\":{\"@id\":\"https:\/\/lnkbridge.com\/services\/#primaryimage\"},\"thumbnailUrl\":\"https:\/\/lnkbridge.com\/wp-content\/uploads\/2025\/03\/AdobeStock_907170032.jpg\",\"datePublished\":\"2025-03-30T17:32:21+00:00\",\"dateModified\":\"2025-06-18T10:38:52+00:00\",\"description\":\"At LnkBridge, we offer business matchmaking, strategic financing, M&A advisory and global trade facilitation to help businesses expand internationally. :contentReference[oaicite:2]{index=2}\",\"breadcrumb\":{\"@id\":\"https:\/\/lnkbridge.com\/services\/#breadcrumb\"},\"inLanguage\":\"pl-PL\",\"potentialAction\":[{\"@type\":\"ReadAction\",\"target\":[\"https:\/\/lnkbridge.com\/services\/\"]}]},{\"@type\":\"ImageObject\",\"inLanguage\":\"pl-PL\",\"@id\":\"https:\/\/lnkbridge.com\/services\/#primaryimage\",\"url\":\"https:\/\/lnkbridge.com\/wp-content\/uploads\/2025\/03\/AdobeStock_907170032.jpg\",\"contentUrl\":\"https:\/\/lnkbridge.com\/wp-content\/uploads\/2025\/03\/AdobeStock_907170032.jpg\"},{\"@type\":\"BreadcrumbList\",\"@id\":\"https:\/\/lnkbridge.com\/services\/#breadcrumb\",\"itemListElement\":[{\"@type\":\"ListItem\",\"position\":1,\"name\":\"Home\",\"item\":\"https:\/\/lnkbridge.com\/\"},{\"@type\":\"ListItem\",\"position\":2,\"name\":\"Services\"}]},{\"@type\":\"WebSite\",\"@id\":\"https:\/\/lnkbridge.com\/#website\",\"url\":\"https:\/\/lnkbridge.com\/\",\"name\":\"\",\"description\":\"\",\"potentialAction\":[{\"@type\":\"SearchAction\",\"target\":{\"@type\":\"EntryPoint\",\"urlTemplate\":\"https:\/\/lnkbridge.com\/?s={search_term_string}\"},\"query-input\":{\"@type\":\"PropertyValueSpecification\",\"valueRequired\":true,\"valueName\":\"search_term_string\"}}],\"inLanguage\":\"pl-PL\"}]}<\/script>\n<!-- \/ Yoast SEO plugin. -->","yoast_head_json":{"title":"LnkBridge Services \u2013 Business Matchmaking, Financing & M&A","description":"At LnkBridge, we offer business matchmaking, strategic financing, M&A advisory and global trade facilitation to help businesses expand internationally. :contentReference[oaicite:2]{index=2}","robots":{"index":"index","follow":"follow","max-snippet":"max-snippet:-1","max-image-preview":"max-image-preview:large","max-video-preview":"max-video-preview:-1"},"canonical":"https:\/\/lnkbridge.com\/pl\/services\/","og_locale":"pl_PL","og_type":"article","og_title":"LnkBridge Services \u2013 Business Matchmaking, Financing & M&A","og_description":"At LnkBridge, we offer business matchmaking, strategic financing, M&A advisory and global trade facilitation to help businesses expand internationally. :contentReference[oaicite:2]{index=2}","og_url":"https:\/\/lnkbridge.com\/pl\/services\/","article_modified_time":"2025-06-18T10:38:52+00:00","og_image":[{"url":"https:\/\/lnkbridge.com\/wp-content\/uploads\/2025\/03\/AdobeStock_907170032.jpg","type":"","width":"","height":""}],"twitter_card":"summary_large_image","twitter_misc":{"Szacowany czas czytania":"2 minuty"},"schema":{"@context":"https:\/\/schema.org","@graph":[{"@type":"WebPage","@id":"https:\/\/lnkbridge.com\/services\/","url":"https:\/\/lnkbridge.com\/services\/","name":"LnkBridge Services \u2013 Business Matchmaking, Financing & M&A","isPartOf":{"@id":"https:\/\/lnkbridge.com\/#website"},"primaryImageOfPage":{"@id":"https:\/\/lnkbridge.com\/services\/#primaryimage"},"image":{"@id":"https:\/\/lnkbridge.com\/services\/#primaryimage"},"thumbnailUrl":"https:\/\/lnkbridge.com\/wp-content\/uploads\/2025\/03\/AdobeStock_907170032.jpg","datePublished":"2025-03-30T17:32:21+00:00","dateModified":"2025-06-18T10:38:52+00:00","description":"At LnkBridge, we offer business matchmaking, strategic financing, M&A advisory and global trade facilitation to help businesses expand internationally. :contentReference[oaicite:2]{index=2}","breadcrumb":{"@id":"https:\/\/lnkbridge.com\/services\/#breadcrumb"},"inLanguage":"pl-PL","potentialAction":[{"@type":"ReadAction","target":["https:\/\/lnkbridge.com\/services\/"]}]},{"@type":"ImageObject","inLanguage":"pl-PL","@id":"https:\/\/lnkbridge.com\/services\/#primaryimage","url":"https:\/\/lnkbridge.com\/wp-content\/uploads\/2025\/03\/AdobeStock_907170032.jpg","contentUrl":"https:\/\/lnkbridge.com\/wp-content\/uploads\/2025\/03\/AdobeStock_907170032.jpg"},{"@type":"BreadcrumbList","@id":"https:\/\/lnkbridge.com\/services\/#breadcrumb","itemListElement":[{"@type":"ListItem","position":1,"name":"Home","item":"https:\/\/lnkbridge.com\/"},{"@type":"ListItem","position":2,"name":"Services"}]},{"@type":"WebSite","@id":"https:\/\/lnkbridge.com\/#website","url":"https:\/\/lnkbridge.com\/","name":"","description":"","potentialAction":[{"@type":"SearchAction","target":{"@type":"EntryPoint","urlTemplate":"https:\/\/lnkbridge.com\/?s={search_term_string}"},"query-input":{"@type":"PropertyValueSpecification","valueRequired":true,"valueName":"search_term_string"}}],"inLanguage":"pl-PL"}]}},"_links":{"self":[{"href":"https:\/\/lnkbridge.com\/pl\/wp-json\/wp\/v2\/pages\/129","targetHints":{"allow":["GET"]}}],"collection":[{"href":"https:\/\/lnkbridge.com\/pl\/wp-json\/wp\/v2\/pages"}],"about":[{"href":"https:\/\/lnkbridge.com\/pl\/wp-json\/wp\/v2\/types\/page"}],"author":[{"embeddable":true,"href":"https:\/\/lnkbridge.com\/pl\/wp-json\/wp\/v2\/users\/2"}],"replies":[{"embeddable":true,"href":"https:\/\/lnkbridge.com\/pl\/wp-json\/wp\/v2\/comments?post=129"}],"version-history":[{"count":49,"href":"https:\/\/lnkbridge.com\/pl\/wp-json\/wp\/v2\/pages\/129\/revisions"}],"predecessor-version":[{"id":1811,"href":"https:\/\/lnkbridge.com\/pl\/wp-json\/wp\/v2\/pages\/129\/revisions\/1811"}],"wp:attachment":[{"href":"https:\/\/lnkbridge.com\/pl\/wp-json\/wp\/v2\/media?parent=129"}],"curies":[{"name":"wp","href":"https:\/\/api.w.org\/{rel}","templated":true}]}}