{"id":127,"date":"2025-03-30T19:32:21","date_gmt":"2025-03-30T17:32:21","guid":{"rendered":"http:\/\/lnkbridge.com\/home\/"},"modified":"2025-10-10T12:35:17","modified_gmt":"2025-10-10T10:35:17","slug":"home","status":"publish","type":"page","link":"https:\/\/lnkbridge.com\/pl\/","title":{"rendered":"Strona g\u0142\u00f3wna"},"content":{"rendered":"<div data-elementor-type=\"wp-page\" data-elementor-id=\"127\" class=\"elementor elementor-127\">\n\t\t\t\t<div class=\"elementor-element elementor-element-816bc2e e-flex e-con-boxed e-con e-parent\" data-id=\"816bc2e\" data-element_type=\"container\" data-settings=\"{&quot;background_background&quot;:&quot;classic&quot;}\">\n\t\t\t\t\t<div class=\"e-con-inner\">\n\t\t\t\t\t<\/div>\n\t\t\t\t<\/div>\n\t\t<div class=\"elementor-element elementor-element-03d5ac0 e-flex e-con-boxed e-con e-parent\" data-id=\"03d5ac0\" data-element_type=\"container\">\n\t\t\t\t\t<div class=\"e-con-inner\">\n\t\t\t\t<div class=\"elementor-element elementor-element-91edc4f elementor-widget elementor-widget-text-editor\" data-id=\"91edc4f\" data-element_type=\"widget\" data-widget_type=\"text-editor.default\">\n\t\t\t\t<div class=\"elementor-widget-container\">\n\t\t\t\t\t\t\t\t\t<p style=\"font-weight: 400;\"><strong>\u0141\u0105czenie Inwestor\u00f3w z odpowiednimi projektami i nawi\u0105zywanie kontakt\u00f3w z zaufanymi Kupuj\u0105cymi i Sprzedaj\u0105cymi dla wsp\u00f3lnego sukcesu.<\/strong><\/p>\t\t\t\t\t\t\t\t<\/div>\n\t\t\t\t<\/div>\n\t\t\t\t<div class=\"elementor-element elementor-element-5792b1d elementor-widget elementor-widget-image\" data-id=\"5792b1d\" data-element_type=\"widget\" data-widget_type=\"image.default\">\n\t\t\t\t<div class=\"elementor-widget-container\">\n\t\t\t\t\t\t\t\t\t\t\t\t\t\t\t<img decoding=\"async\" src=\"https:\/\/lnkbridge.com\/wp-content\/uploads\/elementor\/thumbs\/FIN-LNKBRIDGE-LOGO-v5-rcyq5k6ie44wc8ukmyeo10g4zyrodz4324t2tca4zq.png\" title=\"FIN-LNKBRIDGE-LOGO-v5\" alt=\"FIN-LNKBRIDGE-LOGO-v5\" loading=\"lazy\" \/>\t\t\t\t\t\t\t\t\t\t\t\t\t\t\t<\/div>\n\t\t\t\t<\/div>\n\t\t\t\t\t<\/div>\n\t\t\t\t<\/div>\n\t\t<div class=\"elementor-element elementor-element-bc3512a e-flex e-con-boxed e-con e-parent\" data-id=\"bc3512a\" data-element_type=\"container\" data-settings=\"{&quot;background_background&quot;:&quot;classic&quot;}\">\n\t\t\t\t\t<div class=\"e-con-inner\">\n\t\t<div class=\"elementor-element elementor-element-c730a48 e-con-full e-flex e-con e-child\" data-id=\"c730a48\" data-element_type=\"container\">\n\t\t\t\t<div class=\"elementor-element elementor-element-669418a elementor-widget elementor-widget-heading\" data-id=\"669418a\" data-element_type=\"widget\" data-widget_type=\"heading.default\">\n\t\t\t\t<div class=\"elementor-widget-container\">\n\t\t\t\t\t<h2 class=\"elementor-heading-title elementor-size-default\">NASZE US\u0141UGI<\/h2>\t\t\t\t<\/div>\n\t\t\t\t<\/div>\n\t\t\t\t<div class=\"elementor-element elementor-element-bdec0a5 elementor-widget elementor-widget-text-editor\" data-id=\"bdec0a5\" data-element_type=\"widget\" data-widget_type=\"text-editor.default\">\n\t\t\t\t<div class=\"elementor-widget-container\">\n\t\t\t\t\t\t\t\t\t<p style=\"font-weight: 400;\">W LnkBridge zapewniamy us\u0142ugi i rozwi\u0105zania dostosowane do Twoich potrzeb, niezale\u017cnie od tego, czy potrzebujesz finansowania kapita\u0142owego i d\u0142u\u017cnego, czy rozwi\u0105za\u0144 dla handlu mi\u0119dzynarodowego i ekspansji dzia\u0142alno\u015bci na skal\u0119 globaln\u0105. Nasz zesp\u00f3\u0142 ekspert\u00f3w dostarcza spersonalizowane rozwi\u0105zania, kt\u00f3re wspieraj\u0105 wzrost i skalowalno\u015b\u0107.<\/p>\t\t\t\t\t\t\t\t<\/div>\n\t\t\t\t<\/div>\n\t\t\t\t<\/div>\n\t\t\t\t\t<\/div>\n\t\t\t\t<\/div>\n\t\t<div class=\"elementor-element elementor-element-4d58789 e-con-full e-flex e-con e-parent\" data-id=\"4d58789\" data-element_type=\"container\" data-settings=\"{&quot;background_background&quot;:&quot;classic&quot;}\">\n\t\t\t\t<div class=\"elementor-element elementor-element-35293e4 elementor-widget elementor-widget-heading\" data-id=\"35293e4\" data-element_type=\"widget\" data-widget_type=\"heading.default\">\n\t\t\t\t<div class=\"elementor-widget-container\">\n\t\t\t\t\t<h3 class=\"elementor-heading-title elementor-size-default\">Globalna Sie\u0107 LnkBridge <br>Ponad 50 kraj\u00f3w na 6 kontynentach<\/h3>\t\t\t\t<\/div>\n\t\t\t\t<\/div>\n\t\t\t\t<\/div>\n\t\t<div class=\"elementor-element elementor-element-28c4e90 e-con-full e-flex e-con e-parent\" data-id=\"28c4e90\" data-element_type=\"container\">\n\t\t<div class=\"elementor-element elementor-element-f6c2b59 e-con-full e-flex e-con e-child\" data-id=\"f6c2b59\" data-element_type=\"container\">\n\t\t<div class=\"elementor-element elementor-element-e4c314a e-con-full e-flex e-con e-child\" data-id=\"e4c314a\" data-element_type=\"container\">\n\t\t\t\t<div class=\"elementor-element elementor-element-c924289 elementor-widget elementor-widget-heading\" data-id=\"c924289\" data-element_type=\"widget\" data-widget_type=\"heading.default\">\n\t\t\t\t<div class=\"elementor-widget-container\">\n\t\t\t\t\t<h2 class=\"elementor-heading-title elementor-size-default\">Kim jeste\u015bmy<\/h2>\t\t\t\t<\/div>\n\t\t\t\t<\/div>\n\t\t\t\t<div class=\"elementor-element elementor-element-2a0705e elementor-widget elementor-widget-text-editor\" data-id=\"2a0705e\" data-element_type=\"widget\" data-widget_type=\"text-editor.default\">\n\t\t\t\t<div class=\"elementor-widget-container\">\n\t\t\t\t\t\t\t\t\t<div>\n<p><b>LnkBridge to mi\u0119dzynarodowa firma specjalizuj\u0105ca si\u0119 w \u0142\u0105czeniu biznes\u00f3w i doradztwie finansowym, z partnerami w ponad 50 krajach i na 6 kontynentach: Europie, Amerykach, Afryce, Bliskim Wschodzie, Azji i Oceanii.<\/b><\/p><p><b><br><\/b><\/p>\n<\/div>\n<div>\n<p>Nasi eksperci maj\u0105 ponad 20 lat do\u015bwiadczenia w biznesie globalnym oraz w bankowo\u015bci korporacyjnej i inwestycyjnej. <span style=\"font-size: 16px;\">Specjalizujemy si\u0119 w \u0142\u0105czeniu inwestor\u00f3w i bank\u00f3w z odpowiednimi projektami i przedsi\u0119biorstwami, oferuj\u0105c wskaz\u00f3wki dotycz\u0105ce zaawansowanych i innowacyjnych rozwi\u0105za\u0144 finansowych dla strategicznego finansowania projekt\u00f3w. Nasza wiedza obejmuje tak\u017ce doradztwo w zakresie fuzji i przej\u0119\u0107 (M&amp;A), wspieraj\u0105c rozw\u00f3j i restrukturyzacj\u0119 firm. Dodatkowo, u\u0142atwiamy kontakt mi\u0119dzy zaufanymi kupuj\u0105cymi i sprzedaj\u0105cymi, aby wspiera\u0107 korzy\u015bci obop\u00f3lne.<\/span><\/p><p><span style=\"font-size: 16px;\"><br><\/span><\/p>\n<\/div>\n<div>\n<p>Zaanga\u017cowani w budowanie d\u0142ugoterminowych i udanych relacji biznesowych, jeste\u015bmy kluczowym partnerem w zakresie rozwoju dzia\u0142alno\u015bci, pozyskiwania inwestycji i u\u0142atwiania handlu mi\u0119dzynarodowego.<\/p>\n<\/div>\t\t\t\t\t\t\t\t<\/div>\n\t\t\t\t<\/div>\n\t\t\t\t<\/div>\n\t\t\t\t<\/div>\n\t\t\t\t<\/div>\n\t\t\t\t<\/div>","protected":false},"excerpt":{"rendered":"<p>Bridging Investors with the right projects and connecting Trusted Buyers and Sellers for mutual success. OUR SERVICES At LnkBridge, we provide services and solutions tailored to your needs, whether you require equity and debt funding or solutions for global trade and international business expansion. Our team of experts delivers customized solutions that foster growth and [&hellip;]<\/p>","protected":false},"author":2,"featured_media":0,"parent":0,"menu_order":0,"comment_status":"closed","ping_status":"closed","template":"","meta":{"site-sidebar-layout":"default","site-content-layout":"page-builder","ast-site-content-layout":"full-width-container","site-content-style":"unboxed","site-sidebar-style":"unboxed","ast-global-header-display":"","ast-banner-title-visibility":"","ast-main-header-display":"","ast-hfb-above-header-display":"","ast-hfb-below-header-display":"","ast-hfb-mobile-header-display":"","site-post-title":"disabled","ast-breadcrumbs-content":"","ast-featured-img":"disabled","footer-sml-layout":"","theme-transparent-header-meta":"enabled","adv-header-id-meta":"","stick-header-meta":"","header-above-stick-meta":"","header-main-stick-meta":"","header-below-stick-meta":"","astra-migrate-meta-layouts":"set","ast-page-background-enabled":"default","ast-page-background-meta":{"desktop":{"background-color":"","background-image":"","background-repeat":"repeat","background-position":"center center","background-size":"auto","background-attachment":"scroll","background-type":"","background-media":"","overlay-type":"","overlay-color":"","overlay-opacity":"","overlay-gradient":""},"tablet":{"background-color":"","background-image":"","background-repeat":"repeat","background-position":"center center","background-size":"auto","background-attachment":"scroll","background-type":"","background-media":"","overlay-type":"","overlay-color":"","overlay-opacity":"","overlay-gradient":""},"mobile":{"background-color":"","background-image":"","background-repeat":"repeat","background-position":"center center","background-size":"auto","background-attachment":"scroll","background-type":"","background-media":"","overlay-type":"","overlay-color":"","overlay-opacity":"","overlay-gradient":""}},"ast-content-background-meta":{"desktop":{"background-color":"var(--ast-global-color-5)","background-image":"","background-repeat":"repeat","background-position":"center center","background-size":"auto","background-attachment":"scroll","background-type":"","background-media":"","overlay-type":"","overlay-color":"","overlay-opacity":"","overlay-gradient":""},"tablet":{"background-color":"var(--ast-global-color-5)","background-image":"","background-repeat":"repeat","background-position":"center center","background-size":"auto","background-attachment":"scroll","background-type":"","background-media":"","overlay-type":"","overlay-color":"","overlay-opacity":"","overlay-gradient":""},"mobile":{"background-color":"var(--ast-global-color-5)","background-image":"","background-repeat":"repeat","background-position":"center center","background-size":"auto","background-attachment":"scroll","background-type":"","background-media":"","overlay-type":"","overlay-color":"","overlay-opacity":"","overlay-gradient":""}},"footnotes":""},"class_list":["post-127","page","type-page","status-publish","hentry"],"yoast_head":"<!-- This site is optimized with the Yoast SEO plugin v24.7 - https:\/\/yoast.com\/wordpress\/plugins\/seo\/ -->\n<title>LnkBridge \u2013 Global Business Matchmaking &amp; Consulting<\/title>\n<meta name=\"description\" content=\"LnkBridge is a global business matchmaking and financial consulting firm operating in 50+ countries, offering tailored financing, M&amp;A advisory, and international trade facilitation. :contentReference[oaicite:1]{index=1}\" \/>\n<meta name=\"robots\" content=\"index, follow, max-snippet:-1, max-image-preview:large, max-video-preview:-1\" \/>\n<link rel=\"canonical\" href=\"https:\/\/lnkbridge.com\/pl\/\" \/>\n<meta property=\"og:locale\" content=\"pl_PL\" \/>\n<meta property=\"og:type\" content=\"article\" \/>\n<meta property=\"og:title\" content=\"LnkBridge \u2013 Global Business Matchmaking &amp; Consulting\" \/>\n<meta property=\"og:description\" content=\"LnkBridge is a global business matchmaking and financial consulting firm operating in 50+ countries, offering tailored financing, M&amp;A advisory, and international trade facilitation. :contentReference[oaicite:1]{index=1}\" \/>\n<meta property=\"og:url\" content=\"https:\/\/lnkbridge.com\/pl\/\" \/>\n<meta property=\"article:modified_time\" content=\"2025-10-10T10:35:17+00:00\" \/>\n<meta property=\"og:image\" content=\"https:\/\/lnkbridge.com\/wp-content\/uploads\/elementor\/thumbs\/FIN-LNKBRIDGE-LOGO-v5-rcyq5k6ie44wc8ukmyeo10g4zyrodz4324t2tca4zq.png\" \/>\n<meta name=\"twitter:card\" content=\"summary_large_image\" \/>\n<meta name=\"twitter:label1\" content=\"Szacowany czas czytania\" \/>\n\t<meta name=\"twitter:data1\" content=\"2 minuty\" \/>\n<script type=\"application\/ld+json\" class=\"yoast-schema-graph\">{\"@context\":\"https:\/\/schema.org\",\"@graph\":[{\"@type\":\"WebPage\",\"@id\":\"https:\/\/lnkbridge.com\/\",\"url\":\"https:\/\/lnkbridge.com\/\",\"name\":\"LnkBridge \u2013 Global Business Matchmaking & Consulting\",\"isPartOf\":{\"@id\":\"https:\/\/lnkbridge.com\/#website\"},\"primaryImageOfPage\":{\"@id\":\"https:\/\/lnkbridge.com\/#primaryimage\"},\"image\":{\"@id\":\"https:\/\/lnkbridge.com\/#primaryimage\"},\"thumbnailUrl\":\"https:\/\/lnkbridge.com\/wp-content\/uploads\/elementor\/thumbs\/FIN-LNKBRIDGE-LOGO-v5-rcyq5k6ie44wc8ukmyeo10g4zyrodz4324t2tca4zq.png\",\"datePublished\":\"2025-03-30T17:32:21+00:00\",\"dateModified\":\"2025-10-10T10:35:17+00:00\",\"description\":\"LnkBridge is a global business matchmaking and financial consulting firm operating in 50+ countries, offering tailored financing, M&A advisory, and international trade facilitation. :contentReference[oaicite:1]{index=1}\",\"breadcrumb\":{\"@id\":\"https:\/\/lnkbridge.com\/#breadcrumb\"},\"inLanguage\":\"pl-PL\",\"potentialAction\":[{\"@type\":\"ReadAction\",\"target\":[\"https:\/\/lnkbridge.com\/\"]}]},{\"@type\":\"ImageObject\",\"inLanguage\":\"pl-PL\",\"@id\":\"https:\/\/lnkbridge.com\/#primaryimage\",\"url\":\"https:\/\/lnkbridge.com\/wp-content\/uploads\/elementor\/thumbs\/FIN-LNKBRIDGE-LOGO-v5-rcyq5k6ie44wc8ukmyeo10g4zyrodz4324t2tca4zq.png\",\"contentUrl\":\"https:\/\/lnkbridge.com\/wp-content\/uploads\/elementor\/thumbs\/FIN-LNKBRIDGE-LOGO-v5-rcyq5k6ie44wc8ukmyeo10g4zyrodz4324t2tca4zq.png\"},{\"@type\":\"BreadcrumbList\",\"@id\":\"https:\/\/lnkbridge.com\/#breadcrumb\",\"itemListElement\":[{\"@type\":\"ListItem\",\"position\":1,\"name\":\"Home\",\"item\":\"https:\/\/lnkbridge.com\/\"},{\"@type\":\"ListItem\",\"position\":2,\"name\":\"Home\"}]},{\"@type\":\"WebSite\",\"@id\":\"https:\/\/lnkbridge.com\/#website\",\"url\":\"https:\/\/lnkbridge.com\/\",\"name\":\"\",\"description\":\"\",\"potentialAction\":[{\"@type\":\"SearchAction\",\"target\":{\"@type\":\"EntryPoint\",\"urlTemplate\":\"https:\/\/lnkbridge.com\/?s={search_term_string}\"},\"query-input\":{\"@type\":\"PropertyValueSpecification\",\"valueRequired\":true,\"valueName\":\"search_term_string\"}}],\"inLanguage\":\"pl-PL\"}]}<\/script>\n<!-- \/ Yoast SEO plugin. -->","yoast_head_json":{"title":"LnkBridge \u2013 Global Business Matchmaking & Consulting","description":"LnkBridge is a global business matchmaking and financial consulting firm operating in 50+ countries, offering tailored financing, M&A advisory, and international trade facilitation. :contentReference[oaicite:1]{index=1}","robots":{"index":"index","follow":"follow","max-snippet":"max-snippet:-1","max-image-preview":"max-image-preview:large","max-video-preview":"max-video-preview:-1"},"canonical":"https:\/\/lnkbridge.com\/pl\/","og_locale":"pl_PL","og_type":"article","og_title":"LnkBridge \u2013 Global Business Matchmaking & Consulting","og_description":"LnkBridge is a global business matchmaking and financial consulting firm operating in 50+ countries, offering tailored financing, M&A advisory, and international trade facilitation. :contentReference[oaicite:1]{index=1}","og_url":"https:\/\/lnkbridge.com\/pl\/","article_modified_time":"2025-10-10T10:35:17+00:00","og_image":[{"url":"https:\/\/lnkbridge.com\/wp-content\/uploads\/elementor\/thumbs\/FIN-LNKBRIDGE-LOGO-v5-rcyq5k6ie44wc8ukmyeo10g4zyrodz4324t2tca4zq.png","type":"","width":"","height":""}],"twitter_card":"summary_large_image","twitter_misc":{"Szacowany czas czytania":"2 minuty"},"schema":{"@context":"https:\/\/schema.org","@graph":[{"@type":"WebPage","@id":"https:\/\/lnkbridge.com\/","url":"https:\/\/lnkbridge.com\/","name":"LnkBridge \u2013 Global Business Matchmaking & Consulting","isPartOf":{"@id":"https:\/\/lnkbridge.com\/#website"},"primaryImageOfPage":{"@id":"https:\/\/lnkbridge.com\/#primaryimage"},"image":{"@id":"https:\/\/lnkbridge.com\/#primaryimage"},"thumbnailUrl":"https:\/\/lnkbridge.com\/wp-content\/uploads\/elementor\/thumbs\/FIN-LNKBRIDGE-LOGO-v5-rcyq5k6ie44wc8ukmyeo10g4zyrodz4324t2tca4zq.png","datePublished":"2025-03-30T17:32:21+00:00","dateModified":"2025-10-10T10:35:17+00:00","description":"LnkBridge is a global business matchmaking and financial consulting firm operating in 50+ countries, offering tailored financing, M&A advisory, and international trade facilitation. :contentReference[oaicite:1]{index=1}","breadcrumb":{"@id":"https:\/\/lnkbridge.com\/#breadcrumb"},"inLanguage":"pl-PL","potentialAction":[{"@type":"ReadAction","target":["https:\/\/lnkbridge.com\/"]}]},{"@type":"ImageObject","inLanguage":"pl-PL","@id":"https:\/\/lnkbridge.com\/#primaryimage","url":"https:\/\/lnkbridge.com\/wp-content\/uploads\/elementor\/thumbs\/FIN-LNKBRIDGE-LOGO-v5-rcyq5k6ie44wc8ukmyeo10g4zyrodz4324t2tca4zq.png","contentUrl":"https:\/\/lnkbridge.com\/wp-content\/uploads\/elementor\/thumbs\/FIN-LNKBRIDGE-LOGO-v5-rcyq5k6ie44wc8ukmyeo10g4zyrodz4324t2tca4zq.png"},{"@type":"BreadcrumbList","@id":"https:\/\/lnkbridge.com\/#breadcrumb","itemListElement":[{"@type":"ListItem","position":1,"name":"Home","item":"https:\/\/lnkbridge.com\/"},{"@type":"ListItem","position":2,"name":"Home"}]},{"@type":"WebSite","@id":"https:\/\/lnkbridge.com\/#website","url":"https:\/\/lnkbridge.com\/","name":"","description":"","potentialAction":[{"@type":"SearchAction","target":{"@type":"EntryPoint","urlTemplate":"https:\/\/lnkbridge.com\/?s={search_term_string}"},"query-input":{"@type":"PropertyValueSpecification","valueRequired":true,"valueName":"search_term_string"}}],"inLanguage":"pl-PL"}]}},"_links":{"self":[{"href":"https:\/\/lnkbridge.com\/pl\/wp-json\/wp\/v2\/pages\/127","targetHints":{"allow":["GET"]}}],"collection":[{"href":"https:\/\/lnkbridge.com\/pl\/wp-json\/wp\/v2\/pages"}],"about":[{"href":"https:\/\/lnkbridge.com\/pl\/wp-json\/wp\/v2\/types\/page"}],"author":[{"embeddable":true,"href":"https:\/\/lnkbridge.com\/pl\/wp-json\/wp\/v2\/users\/2"}],"replies":[{"embeddable":true,"href":"https:\/\/lnkbridge.com\/pl\/wp-json\/wp\/v2\/comments?post=127"}],"version-history":[{"count":175,"href":"https:\/\/lnkbridge.com\/pl\/wp-json\/wp\/v2\/pages\/127\/revisions"}],"predecessor-version":[{"id":1908,"href":"https:\/\/lnkbridge.com\/pl\/wp-json\/wp\/v2\/pages\/127\/revisions\/1908"}],"wp:attachment":[{"href":"https:\/\/lnkbridge.com\/pl\/wp-json\/wp\/v2\/media?parent=127"}],"curies":[{"name":"wp","href":"https:\/\/api.w.org\/{rel}","templated":true}]}}