{"id":596,"date":"2025-03-30T19:32:21","date_gmt":"2025-03-30T17:32:21","guid":{"rendered":"http:\/\/lnkbridge.com\/why-choose-me\/"},"modified":"2025-10-10T15:00:09","modified_gmt":"2025-10-10T13:00:09","slug":"team","status":"publish","type":"page","link":"https:\/\/lnkbridge.com\/fr\/team\/","title":{"rendered":"\u00c9quipe"},"content":{"rendered":"<div data-elementor-type=\"wp-post\" data-elementor-id=\"596\" class=\"elementor elementor-596\">\n\t\t\t\t<div class=\"elementor-element elementor-element-69c6002 e-flex e-con-boxed e-con e-parent\" data-id=\"69c6002\" data-element_type=\"container\" data-settings=\"{&quot;background_background&quot;:&quot;classic&quot;}\">\n\t\t\t\t\t<div class=\"e-con-inner\">\n\t\t<div class=\"elementor-element elementor-element-499678b e-con-full e-flex e-con e-child\" data-id=\"499678b\" data-element_type=\"container\">\n\t\t\t\t<div class=\"elementor-element elementor-element-1295887 elementor-widget elementor-widget-heading\" data-id=\"1295887\" data-element_type=\"widget\" data-widget_type=\"heading.default\">\n\t\t\t\t<div class=\"elementor-widget-container\">\n\t\t\t\t\t<h1 class=\"elementor-heading-title elementor-size-default\">Notre \u00c9quipe<\/h1>\t\t\t\t<\/div>\n\t\t\t\t<\/div>\n\t\t\t\t<\/div>\n\t\t\t\t\t<\/div>\n\t\t\t\t<\/div>\n\t\t<div class=\"elementor-element elementor-element-fe17a38 e-flex e-con-boxed e-con e-parent\" data-id=\"fe17a38\" data-element_type=\"container\" data-settings=\"{&quot;background_background&quot;:&quot;classic&quot;}\">\n\t\t\t\t\t<div class=\"e-con-inner\">\n\t\t<div class=\"elementor-element elementor-element-b50d7b4 e-con-full e-flex e-con e-child\" data-id=\"b50d7b4\" data-element_type=\"container\" data-settings=\"{&quot;background_background&quot;:&quot;classic&quot;}\">\n\t\t\t\t<div class=\"elementor-element elementor-element-39e95a4 elementor-widget elementor-widget-image\" data-id=\"39e95a4\" data-element_type=\"widget\" data-widget_type=\"image.default\">\n\t\t\t\t<div class=\"elementor-widget-container\">\n\t\t\t\t\t\t\t\t\t\t\t\t\t\t\t<img fetchpriority=\"high\" decoding=\"async\" width=\"231\" height=\"300\" src=\"https:\/\/lnkbridge.com\/wp-content\/uploads\/2025\/05\/Charles-1-231x300.jpg\" class=\"attachment-medium size-medium wp-image-1737\" alt=\"\" srcset=\"https:\/\/lnkbridge.com\/wp-content\/uploads\/2025\/05\/Charles-1-231x300.jpg 231w, https:\/\/lnkbridge.com\/wp-content\/uploads\/2025\/05\/Charles-1-9x12.jpg 9w, https:\/\/lnkbridge.com\/wp-content\/uploads\/2025\/05\/Charles-1.jpg 500w\" sizes=\"(max-width: 231px) 100vw, 231px\" \/>\t\t\t\t\t\t\t\t\t\t\t\t\t\t\t<\/div>\n\t\t\t\t<\/div>\n\t\t\t\t<\/div>\n\t\t<div class=\"elementor-element elementor-element-6692b5f e-con-full e-flex e-con e-child\" data-id=\"6692b5f\" data-element_type=\"container\">\n\t\t\t\t<div class=\"elementor-element elementor-element-0e184dc elementor-widget elementor-widget-heading\" data-id=\"0e184dc\" data-element_type=\"widget\" data-widget_type=\"heading.default\">\n\t\t\t\t<div class=\"elementor-widget-container\">\n\t\t\t\t\t<h4 class=\"elementor-heading-title elementor-size-default\">Charles Kujawski<br>Fondateur &amp; PDG<\/h4>\t\t\t\t<\/div>\n\t\t\t\t<\/div>\n\t\t\t\t<div class=\"elementor-element elementor-element-a762bab elementor-widget elementor-widget-text-editor\" data-id=\"a762bab\" data-element_type=\"widget\" data-widget_type=\"text-editor.default\">\n\t\t\t\t<div class=\"elementor-widget-container\">\n\t\t\t\t\t\t\t\t\t<p style=\"font-weight: 400;\">Dipl\u00f4m\u00e9 de la Harvard Business School, de l\u2019Universit\u00e9 du Qu\u00e9bec \u00e0 Montr\u00e9al et de la SGH Warsaw School of Economics, apr\u00e8s avoir effectu\u00e9 toute sa formation fondamentale en France et au Royaume-Uni.<\/p><p style=\"font-weight: 400;\">Plus de 20 ans d\u2019exp\u00e9rience dans la Banque d\u2019Entreprise et d\u2019Investissement. Il a structur\u00e9 plus de 30 milliards de dollars am\u00e9ricains de capitaux \u00e0 travers l\u2019Europe, l\u2019Afrique, le Moyen-Orient et les \u00c9tats-Unis, au sein d\u2019institutions de premier plan telles que Citigroup, Banco Santander, Soci\u00e9t\u00e9 G\u00e9n\u00e9rale et ICBC \u2013 Industrial and Commercial Bank of China.<\/p>\t\t\t\t\t\t\t\t<\/div>\n\t\t\t\t<\/div>\n\t\t\t\t<\/div>\n\t\t\t\t\t<\/div>\n\t\t\t\t<\/div>\n\t\t<div class=\"elementor-element elementor-element-10b1a06 e-flex e-con-boxed e-con e-parent\" data-id=\"10b1a06\" data-element_type=\"container\" data-settings=\"{&quot;background_background&quot;:&quot;classic&quot;}\">\n\t\t\t\t\t<div class=\"e-con-inner\">\n\t\t<div class=\"elementor-element elementor-element-06b054f e-con-full e-flex e-con e-child\" data-id=\"06b054f\" data-element_type=\"container\" data-settings=\"{&quot;background_background&quot;:&quot;classic&quot;}\">\n\t\t\t\t<div class=\"elementor-element elementor-element-be5a6d0 elementor-widget elementor-widget-image\" data-id=\"be5a6d0\" data-element_type=\"widget\" data-widget_type=\"image.default\">\n\t\t\t\t<div class=\"elementor-widget-container\">\n\t\t\t\t\t\t\t\t\t\t\t\t\t\t\t<img decoding=\"async\" width=\"231\" height=\"300\" src=\"https:\/\/lnkbridge.com\/wp-content\/uploads\/2025\/05\/Paul-1-231x300.jpg\" class=\"attachment-medium size-medium wp-image-1739\" alt=\"\" srcset=\"https:\/\/lnkbridge.com\/wp-content\/uploads\/2025\/05\/Paul-1-231x300.jpg 231w, https:\/\/lnkbridge.com\/wp-content\/uploads\/2025\/05\/Paul-1-9x12.jpg 9w, https:\/\/lnkbridge.com\/wp-content\/uploads\/2025\/05\/Paul-1.jpg 500w\" sizes=\"(max-width: 231px) 100vw, 231px\" \/>\t\t\t\t\t\t\t\t\t\t\t\t\t\t\t<\/div>\n\t\t\t\t<\/div>\n\t\t\t\t<\/div>\n\t\t<div class=\"elementor-element elementor-element-6c9aaf3 e-con-full e-flex e-con e-child\" data-id=\"6c9aaf3\" data-element_type=\"container\">\n\t\t\t\t<div class=\"elementor-element elementor-element-89a5eea elementor-widget elementor-widget-heading\" data-id=\"89a5eea\" data-element_type=\"widget\" data-widget_type=\"heading.default\">\n\t\t\t\t<div class=\"elementor-widget-container\">\n\t\t\t\t\t<h4 class=\"elementor-heading-title elementor-size-default\">Paul B Fogo <br>Partenaire Affaires Juridiques &amp; Corporatives\n<\/h4>\t\t\t\t<\/div>\n\t\t\t\t<\/div>\n\t\t\t\t<div class=\"elementor-element elementor-element-c9d269e elementor-widget elementor-widget-text-editor\" data-id=\"c9d269e\" data-element_type=\"widget\" data-widget_type=\"text-editor.default\">\n\t\t\t\t<div class=\"elementor-widget-container\">\n\t\t\t\t\t\t\t\t\t<p style=\"font-weight: 400;\">Dipl\u00f4m\u00e9 de la Columbus School of Law de l'Universit\u00e9 Catholique d'Am\u00e9rique \u00e0 Washington, D.C. et de l'Universit\u00e9 de Virginie.<\/p><p style=\"font-weight: 400;\">Plus de 25 ann\u00e9es d\u2019exp\u00e9rience en vivant et travaillant dans l\u2019Europe centrale et de l\u2019Est, notamment en tant qu\u2019avocat principal dans un cabinet d\u2019avocats international, sp\u00e9cialis\u00e9 en droit commercial et immobilier, ainsi que dans des postes de direction dans plusieurs fonds europ\u00e9ens priv\u00e9s d\u2019investissement et soci\u00e9t\u00e9s de d\u00e9veloppement r\u00e9sidentiel.<\/p>\t\t\t\t\t\t\t\t<\/div>\n\t\t\t\t<\/div>\n\t\t\t\t<\/div>\n\t\t\t\t\t<\/div>\n\t\t\t\t<\/div>\n\t\t<div class=\"elementor-element elementor-element-39f90f0 e-flex e-con-boxed e-con e-parent\" data-id=\"39f90f0\" data-element_type=\"container\" data-settings=\"{&quot;background_background&quot;:&quot;classic&quot;}\">\n\t\t\t\t\t<div class=\"e-con-inner\">\n\t\t<div class=\"elementor-element elementor-element-e7b7d75 e-con-full e-flex e-con e-child\" data-id=\"e7b7d75\" data-element_type=\"container\" data-settings=\"{&quot;background_background&quot;:&quot;classic&quot;}\">\n\t\t\t\t<div class=\"elementor-element elementor-element-81aa117 elementor-widget elementor-widget-image\" data-id=\"81aa117\" data-element_type=\"widget\" data-widget_type=\"image.default\">\n\t\t\t\t<div class=\"elementor-widget-container\">\n\t\t\t\t\t\t\t\t\t\t\t\t\t\t\t<img decoding=\"async\" width=\"231\" height=\"300\" src=\"https:\/\/lnkbridge.com\/wp-content\/uploads\/2025\/05\/Kamila-1-231x300.jpg\" class=\"attachment-medium size-medium wp-image-1741\" alt=\"\" srcset=\"https:\/\/lnkbridge.com\/wp-content\/uploads\/2025\/05\/Kamila-1-231x300.jpg 231w, https:\/\/lnkbridge.com\/wp-content\/uploads\/2025\/05\/Kamila-1-9x12.jpg 9w, https:\/\/lnkbridge.com\/wp-content\/uploads\/2025\/05\/Kamila-1.jpg 500w\" sizes=\"(max-width: 231px) 100vw, 231px\" \/>\t\t\t\t\t\t\t\t\t\t\t\t\t\t\t<\/div>\n\t\t\t\t<\/div>\n\t\t\t\t<\/div>\n\t\t<div class=\"elementor-element elementor-element-4a58f49 e-con-full e-flex e-con e-child\" data-id=\"4a58f49\" data-element_type=\"container\">\n\t\t\t\t<div class=\"elementor-element elementor-element-a586a27 elementor-widget elementor-widget-heading\" data-id=\"a586a27\" data-element_type=\"widget\" data-widget_type=\"heading.default\">\n\t\t\t\t<div class=\"elementor-widget-container\">\n\t\t\t\t\t<h4 class=\"elementor-heading-title elementor-size-default\">Kamila Grochala<br>Partenaire Affaires Bancaires<\/h4>\t\t\t\t<\/div>\n\t\t\t\t<\/div>\n\t\t\t\t<div class=\"elementor-element elementor-element-e8ab0ec elementor-widget elementor-widget-text-editor\" data-id=\"e8ab0ec\" data-element_type=\"widget\" data-widget_type=\"text-editor.default\">\n\t\t\t\t<div class=\"elementor-widget-container\">\n\t\t\t\t\t\t\t\t\t<p style=\"font-weight: 400;\">Dipl\u00f4m\u00e9e de l\u2019Acad\u00e9mie d\u2019\u00e9conomie de Radom en comptabilit\u00e9 et gestion et du Coll\u00e8ge priv\u00e9 de protection de l\u2019environnement. \u00a0<\/p><p style=\"font-weight: 400;\">Plus de 15 ans d\u2019exp\u00e9rience dans le secteur bancaire, y compris dans les divisions de vente et d\u2019analyse des risques de cr\u00e9dit, au sein de banques commerciales et coop\u00e9ratives en Pologne, telles que Raiffeisen, Idea Bank, WBS. Sp\u00e9cialis\u00e9e en conseil en gestion de la dette et services bancaires transactionnels. \u00a0<\/p>\t\t\t\t\t\t\t\t<\/div>\n\t\t\t\t<\/div>\n\t\t\t\t<\/div>\n\t\t\t\t\t<\/div>\n\t\t\t\t<\/div>\n\t\t<div class=\"elementor-element elementor-element-9ad407c e-flex e-con-boxed e-con e-parent\" data-id=\"9ad407c\" data-element_type=\"container\" data-settings=\"{&quot;background_background&quot;:&quot;classic&quot;}\">\n\t\t\t\t\t<div class=\"e-con-inner\">\n\t\t<div class=\"elementor-element elementor-element-01535ec e-con-full e-flex e-con e-child\" data-id=\"01535ec\" data-element_type=\"container\" data-settings=\"{&quot;background_background&quot;:&quot;classic&quot;}\">\n\t\t\t\t<div class=\"elementor-element elementor-element-7c84ddb elementor-widget elementor-widget-image\" data-id=\"7c84ddb\" data-element_type=\"widget\" data-widget_type=\"image.default\">\n\t\t\t\t<div class=\"elementor-widget-container\">\n\t\t\t\t\t\t\t\t\t\t\t\t\t\t\t<img loading=\"lazy\" decoding=\"async\" width=\"231\" height=\"300\" src=\"https:\/\/lnkbridge.com\/wp-content\/uploads\/2025\/06\/Ola-Fraczek-v3-231x300.jpg\" class=\"attachment-medium size-medium wp-image-1794\" alt=\"\" srcset=\"https:\/\/lnkbridge.com\/wp-content\/uploads\/2025\/06\/Ola-Fraczek-v3-231x300.jpg 231w, https:\/\/lnkbridge.com\/wp-content\/uploads\/2025\/06\/Ola-Fraczek-v3-9x12.jpg 9w, https:\/\/lnkbridge.com\/wp-content\/uploads\/2025\/06\/Ola-Fraczek-v3.jpg 500w\" sizes=\"(max-width: 231px) 100vw, 231px\" \/>\t\t\t\t\t\t\t\t\t\t\t\t\t\t\t<\/div>\n\t\t\t\t<\/div>\n\t\t\t\t<\/div>\n\t\t<div class=\"elementor-element elementor-element-10d506e e-con-full e-flex e-con e-child\" data-id=\"10d506e\" data-element_type=\"container\">\n\t\t\t\t<div class=\"elementor-element elementor-element-4ec4bf4 elementor-widget elementor-widget-heading\" data-id=\"4ec4bf4\" data-element_type=\"widget\" data-widget_type=\"heading.default\">\n\t\t\t\t<div class=\"elementor-widget-container\">\n\t\t\t\t\t<h4 class=\"elementor-heading-title elementor-size-default\">Aleksandra Fraczek&nbsp;<div>Partner, Conseiller Juridique &amp; Strat\u00e9gie d'Entreprise <\/div><\/h4>\t\t\t\t<\/div>\n\t\t\t\t<\/div>\n\t\t\t\t<div class=\"elementor-element elementor-element-aaf5a3f elementor-widget elementor-widget-text-editor\" data-id=\"aaf5a3f\" data-element_type=\"widget\" data-widget_type=\"text-editor.default\">\n\t\t\t\t<div class=\"elementor-widget-container\">\n\t\t\t\t\t\t\t\t\t<p style=\"font-weight: 400;\">Dipl\u00f4m\u00e9 de la Facult\u00e9 de Droit et d'Administration de l'Universit\u00e9 de Varsovie. Avocat, membre du Barreau de Varsovie.<\/p><p style=\"font-weight: 400;\">Membre du conseil d'administration de la Fondation de l'embl\u00e8me promotionnel polonais 'Teraz Polska' (Maintenant la Pologne) \u2013 fondation promouvant l'image et l'\u00e9conomie de la Pologne au niveau national et international. Exp\u00e9rience en administration publique, structures d'organisations europ\u00e9ennes, coop\u00e9ration avec les chambres de commerce, petites et grandes entreprises.<\/p>\t\t\t\t\t\t\t\t<\/div>\n\t\t\t\t<\/div>\n\t\t\t\t<\/div>\n\t\t\t\t\t<\/div>\n\t\t\t\t<\/div>\n\t\t\t\t<\/div>","protected":false},"excerpt":{"rendered":"<p>Our Team Charles KujawskiFounder &amp; CEO Graduated from Harvard Business School, Universit\u00e9 du Qu\u00e9bec \u00e0 Montr\u00e9al and the SGH Warsaw School of Economics, having completed all foundational education in France and the UK. Over 20 years in Corporate and Investment Banking. Originated over US$ 30 billion of capital across Europe, Africa, the Middle East and [&hellip;]<\/p>","protected":false},"author":2,"featured_media":0,"parent":0,"menu_order":0,"comment_status":"closed","ping_status":"closed","template":"","meta":{"site-sidebar-layout":"default","site-content-layout":"page-builder","ast-site-content-layout":"full-width-container","site-content-style":"unboxed","site-sidebar-style":"unboxed","ast-global-header-display":"","ast-banner-title-visibility":"","ast-main-header-display":"","ast-hfb-above-header-display":"","ast-hfb-below-header-display":"","ast-hfb-mobile-header-display":"","site-post-title":"disabled","ast-breadcrumbs-content":"","ast-featured-img":"disabled","footer-sml-layout":"","theme-transparent-header-meta":"enabled","adv-header-id-meta":"","stick-header-meta":"","header-above-stick-meta":"","header-main-stick-meta":"","header-below-stick-meta":"","astra-migrate-meta-layouts":"set","ast-page-background-enabled":"default","ast-page-background-meta":{"desktop":{"background-color":"","background-image":"","background-repeat":"repeat","background-position":"center center","background-size":"auto","background-attachment":"scroll","background-type":"","background-media":"","overlay-type":"","overlay-color":"","overlay-opacity":"","overlay-gradient":""},"tablet":{"background-color":"","background-image":"","background-repeat":"repeat","background-position":"center center","background-size":"auto","background-attachment":"scroll","background-type":"","background-media":"","overlay-type":"","overlay-color":"","overlay-opacity":"","overlay-gradient":""},"mobile":{"background-color":"","background-image":"","background-repeat":"repeat","background-position":"center center","background-size":"auto","background-attachment":"scroll","background-type":"","background-media":"","overlay-type":"","overlay-color":"","overlay-opacity":"","overlay-gradient":""}},"ast-content-background-meta":{"desktop":{"background-color":"var(--ast-global-color-5)","background-image":"","background-repeat":"repeat","background-position":"center center","background-size":"auto","background-attachment":"scroll","background-type":"","background-media":"","overlay-type":"","overlay-color":"","overlay-opacity":"","overlay-gradient":""},"tablet":{"background-color":"var(--ast-global-color-5)","background-image":"","background-repeat":"repeat","background-position":"center center","background-size":"auto","background-attachment":"scroll","background-type":"","background-media":"","overlay-type":"","overlay-color":"","overlay-opacity":"","overlay-gradient":""},"mobile":{"background-color":"var(--ast-global-color-5)","background-image":"","background-repeat":"repeat","background-position":"center center","background-size":"auto","background-attachment":"scroll","background-type":"","background-media":"","overlay-type":"","overlay-color":"","overlay-opacity":"","overlay-gradient":""}},"footnotes":""},"class_list":["post-596","page","type-page","status-publish","hentry"],"yoast_head":"<!-- This site is optimized with the Yoast SEO plugin v24.7 - https:\/\/yoast.com\/wordpress\/plugins\/seo\/ -->\n<title>Team- LnkBridge Conseil &amp; Financement<\/title>\n<meta name=\"description\" content=\"Meet LnkBridge\u2019s team of seasoned investment banking and M&amp;A professionals delivering tailored financial structuring and transaction support worldwide. :contentReference[oaicite:4]{index=4}\" \/>\n<meta name=\"robots\" content=\"index, follow, max-snippet:-1, max-image-preview:large, max-video-preview:-1\" \/>\n<link rel=\"canonical\" href=\"https:\/\/lnkbridge.com\/fr\/team\/\" \/>\n<meta property=\"og:locale\" content=\"fr_FR\" \/>\n<meta property=\"og:type\" content=\"article\" \/>\n<meta property=\"og:title\" content=\"Team- LnkBridge Conseil &amp; Financement\" \/>\n<meta property=\"og:description\" content=\"Meet LnkBridge\u2019s team of seasoned investment banking and M&amp;A professionals delivering tailored financial structuring and transaction support worldwide. :contentReference[oaicite:4]{index=4}\" \/>\n<meta property=\"og:url\" content=\"https:\/\/lnkbridge.com\/fr\/team\/\" \/>\n<meta property=\"article:modified_time\" content=\"2025-10-10T13:00:09+00:00\" \/>\n<meta property=\"og:image\" content=\"https:\/\/lnkbridge.com\/wp-content\/uploads\/2025\/05\/Charles-1.jpg\" \/>\n\t<meta property=\"og:image:width\" content=\"500\" \/>\n\t<meta property=\"og:image:height\" content=\"650\" \/>\n\t<meta property=\"og:image:type\" content=\"image\/jpeg\" \/>\n<meta name=\"twitter:card\" content=\"summary_large_image\" \/>\n<meta name=\"twitter:label1\" content=\"Dur\u00e9e de lecture estim\u00e9e\" \/>\n\t<meta name=\"twitter:data1\" content=\"3 minutes\" \/>\n<script type=\"application\/ld+json\" class=\"yoast-schema-graph\">{\"@context\":\"https:\/\/schema.org\",\"@graph\":[{\"@type\":\"WebPage\",\"@id\":\"https:\/\/lnkbridge.com\/team\/\",\"url\":\"https:\/\/lnkbridge.com\/team\/\",\"name\":\"Team- LnkBridge Conseil & Financement\",\"isPartOf\":{\"@id\":\"https:\/\/lnkbridge.com\/#website\"},\"primaryImageOfPage\":{\"@id\":\"https:\/\/lnkbridge.com\/team\/#primaryimage\"},\"image\":{\"@id\":\"https:\/\/lnkbridge.com\/team\/#primaryimage\"},\"thumbnailUrl\":\"https:\/\/lnkbridge.com\/wp-content\/uploads\/2025\/05\/Charles-1-231x300.jpg\",\"datePublished\":\"2025-03-30T17:32:21+00:00\",\"dateModified\":\"2025-10-10T13:00:09+00:00\",\"description\":\"Meet LnkBridge\u2019s team of seasoned investment banking and M&A professionals delivering tailored financial structuring and transaction support worldwide. :contentReference[oaicite:4]{index=4}\",\"breadcrumb\":{\"@id\":\"https:\/\/lnkbridge.com\/team\/#breadcrumb\"},\"inLanguage\":\"fr-FR\",\"potentialAction\":[{\"@type\":\"ReadAction\",\"target\":[\"https:\/\/lnkbridge.com\/team\/\"]}]},{\"@type\":\"ImageObject\",\"inLanguage\":\"fr-FR\",\"@id\":\"https:\/\/lnkbridge.com\/team\/#primaryimage\",\"url\":\"https:\/\/lnkbridge.com\/wp-content\/uploads\/2025\/05\/Charles-1-231x300.jpg\",\"contentUrl\":\"https:\/\/lnkbridge.com\/wp-content\/uploads\/2025\/05\/Charles-1-231x300.jpg\"},{\"@type\":\"BreadcrumbList\",\"@id\":\"https:\/\/lnkbridge.com\/team\/#breadcrumb\",\"itemListElement\":[{\"@type\":\"ListItem\",\"position\":1,\"name\":\"Home\",\"item\":\"https:\/\/lnkbridge.com\/\"},{\"@type\":\"ListItem\",\"position\":2,\"name\":\"Team\"}]},{\"@type\":\"WebSite\",\"@id\":\"https:\/\/lnkbridge.com\/#website\",\"url\":\"https:\/\/lnkbridge.com\/\",\"name\":\"\",\"description\":\"\",\"potentialAction\":[{\"@type\":\"SearchAction\",\"target\":{\"@type\":\"EntryPoint\",\"urlTemplate\":\"https:\/\/lnkbridge.com\/?s={search_term_string}\"},\"query-input\":{\"@type\":\"PropertyValueSpecification\",\"valueRequired\":true,\"valueName\":\"search_term_string\"}}],\"inLanguage\":\"fr-FR\"}]}<\/script>\n<!-- \/ Yoast SEO plugin. -->","yoast_head_json":{"title":"Team- LnkBridge Conseil & Financement","description":"Meet LnkBridge\u2019s team of seasoned investment banking and M&A professionals delivering tailored financial structuring and transaction support worldwide. :contentReference[oaicite:4]{index=4}","robots":{"index":"index","follow":"follow","max-snippet":"max-snippet:-1","max-image-preview":"max-image-preview:large","max-video-preview":"max-video-preview:-1"},"canonical":"https:\/\/lnkbridge.com\/fr\/team\/","og_locale":"fr_FR","og_type":"article","og_title":"Team- LnkBridge Conseil & Financement","og_description":"Meet LnkBridge\u2019s team of seasoned investment banking and M&A professionals delivering tailored financial structuring and transaction support worldwide. :contentReference[oaicite:4]{index=4}","og_url":"https:\/\/lnkbridge.com\/fr\/team\/","article_modified_time":"2025-10-10T13:00:09+00:00","og_image":[{"width":500,"height":650,"url":"https:\/\/lnkbridge.com\/wp-content\/uploads\/2025\/05\/Charles-1.jpg","type":"image\/jpeg"}],"twitter_card":"summary_large_image","twitter_misc":{"Dur\u00e9e de lecture estim\u00e9e":"3 minutes"},"schema":{"@context":"https:\/\/schema.org","@graph":[{"@type":"WebPage","@id":"https:\/\/lnkbridge.com\/team\/","url":"https:\/\/lnkbridge.com\/team\/","name":"Team- LnkBridge Conseil & Financement","isPartOf":{"@id":"https:\/\/lnkbridge.com\/#website"},"primaryImageOfPage":{"@id":"https:\/\/lnkbridge.com\/team\/#primaryimage"},"image":{"@id":"https:\/\/lnkbridge.com\/team\/#primaryimage"},"thumbnailUrl":"https:\/\/lnkbridge.com\/wp-content\/uploads\/2025\/05\/Charles-1-231x300.jpg","datePublished":"2025-03-30T17:32:21+00:00","dateModified":"2025-10-10T13:00:09+00:00","description":"Meet LnkBridge\u2019s team of seasoned investment banking and M&A professionals delivering tailored financial structuring and transaction support worldwide. :contentReference[oaicite:4]{index=4}","breadcrumb":{"@id":"https:\/\/lnkbridge.com\/team\/#breadcrumb"},"inLanguage":"fr-FR","potentialAction":[{"@type":"ReadAction","target":["https:\/\/lnkbridge.com\/team\/"]}]},{"@type":"ImageObject","inLanguage":"fr-FR","@id":"https:\/\/lnkbridge.com\/team\/#primaryimage","url":"https:\/\/lnkbridge.com\/wp-content\/uploads\/2025\/05\/Charles-1-231x300.jpg","contentUrl":"https:\/\/lnkbridge.com\/wp-content\/uploads\/2025\/05\/Charles-1-231x300.jpg"},{"@type":"BreadcrumbList","@id":"https:\/\/lnkbridge.com\/team\/#breadcrumb","itemListElement":[{"@type":"ListItem","position":1,"name":"Home","item":"https:\/\/lnkbridge.com\/"},{"@type":"ListItem","position":2,"name":"Team"}]},{"@type":"WebSite","@id":"https:\/\/lnkbridge.com\/#website","url":"https:\/\/lnkbridge.com\/","name":"","description":"","potentialAction":[{"@type":"SearchAction","target":{"@type":"EntryPoint","urlTemplate":"https:\/\/lnkbridge.com\/?s={search_term_string}"},"query-input":{"@type":"PropertyValueSpecification","valueRequired":true,"valueName":"search_term_string"}}],"inLanguage":"fr-FR"}]}},"_links":{"self":[{"href":"https:\/\/lnkbridge.com\/fr\/wp-json\/wp\/v2\/pages\/596","targetHints":{"allow":["GET"]}}],"collection":[{"href":"https:\/\/lnkbridge.com\/fr\/wp-json\/wp\/v2\/pages"}],"about":[{"href":"https:\/\/lnkbridge.com\/fr\/wp-json\/wp\/v2\/types\/page"}],"author":[{"embeddable":true,"href":"https:\/\/lnkbridge.com\/fr\/wp-json\/wp\/v2\/users\/2"}],"replies":[{"embeddable":true,"href":"https:\/\/lnkbridge.com\/fr\/wp-json\/wp\/v2\/comments?post=596"}],"version-history":[{"count":94,"href":"https:\/\/lnkbridge.com\/fr\/wp-json\/wp\/v2\/pages\/596\/revisions"}],"predecessor-version":[{"id":1911,"href":"https:\/\/lnkbridge.com\/fr\/wp-json\/wp\/v2\/pages\/596\/revisions\/1911"}],"wp:attachment":[{"href":"https:\/\/lnkbridge.com\/fr\/wp-json\/wp\/v2\/media?parent=596"}],"curies":[{"name":"wp","href":"https:\/\/api.w.org\/{rel}","templated":true}]}}