{"id":129,"date":"2025-03-30T19:32:21","date_gmt":"2025-03-30T17:32:21","guid":{"rendered":"http:\/\/lnkbridge.com\/services\/"},"modified":"2025-06-18T12:38:52","modified_gmt":"2025-06-18T10:38:52","slug":"services","status":"publish","type":"page","link":"https:\/\/lnkbridge.com\/fr\/services\/","title":{"rendered":"Services"},"content":{"rendered":"<div data-elementor-type=\"wp-post\" data-elementor-id=\"129\" class=\"elementor elementor-129\">\n\t\t\t\t<div class=\"elementor-element elementor-element-09e4f30 e-flex e-con-boxed e-con e-parent\" data-id=\"09e4f30\" data-element_type=\"container\" data-settings=\"{&quot;background_background&quot;:&quot;classic&quot;}\">\n\t\t\t\t\t<div class=\"e-con-inner\">\n\t\t<div class=\"elementor-element elementor-element-e82164a e-con-full e-flex e-con e-child\" data-id=\"e82164a\" data-element_type=\"container\">\n\t\t\t\t<div class=\"elementor-element elementor-element-78cf751 elementor-widget elementor-widget-heading\" data-id=\"78cf751\" data-element_type=\"widget\" data-widget_type=\"heading.default\">\n\t\t\t\t<div class=\"elementor-widget-container\">\n\t\t\t\t\t<h1 class=\"elementor-heading-title elementor-size-default\">Services<\/h1>\t\t\t\t<\/div>\n\t\t\t\t<\/div>\n\t\t\t\t<\/div>\n\t\t\t\t\t<\/div>\n\t\t\t\t<\/div>\n\t\t<div class=\"elementor-element elementor-element-7750483 e-flex e-con-boxed e-con e-parent\" data-id=\"7750483\" data-element_type=\"container\">\n\t\t\t\t\t<div class=\"e-con-inner\">\n\t\t<div class=\"elementor-element elementor-element-8b75471 e-con-full e-flex e-con e-child\" data-id=\"8b75471\" data-element_type=\"container\" data-settings=\"{&quot;background_background&quot;:&quot;classic&quot;}\">\n\t\t\t\t<div class=\"elementor-element elementor-element-729a3d1 elementor-widget elementor-widget-image\" data-id=\"729a3d1\" data-element_type=\"widget\" data-widget_type=\"image.default\">\n\t\t\t\t<div class=\"elementor-widget-container\">\n\t\t\t\t\t\t\t\t\t\t\t\t\t\t\t<img fetchpriority=\"high\" decoding=\"async\" width=\"1276\" height=\"850\" src=\"https:\/\/lnkbridge.com\/wp-content\/uploads\/2025\/03\/AdobeStock_907170032.jpg\" class=\"attachment-full size-full wp-image-1298\" alt=\"\" srcset=\"https:\/\/lnkbridge.com\/wp-content\/uploads\/2025\/03\/AdobeStock_907170032.jpg 1276w, https:\/\/lnkbridge.com\/wp-content\/uploads\/2025\/03\/AdobeStock_907170032-300x200.jpg 300w, https:\/\/lnkbridge.com\/wp-content\/uploads\/2025\/03\/AdobeStock_907170032-1024x682.jpg 1024w, https:\/\/lnkbridge.com\/wp-content\/uploads\/2025\/03\/AdobeStock_907170032-768x512.jpg 768w\" sizes=\"(max-width: 1276px) 100vw, 1276px\" \/>\t\t\t\t\t\t\t\t\t\t\t\t\t\t\t<\/div>\n\t\t\t\t<\/div>\n\t\t\t\t<\/div>\n\t\t<div class=\"elementor-element elementor-element-81d04ef e-con-full e-flex e-con e-child\" data-id=\"81d04ef\" data-element_type=\"container\">\n\t\t\t\t<div class=\"elementor-element elementor-element-75a29fb elementor-widget elementor-widget-heading\" data-id=\"75a29fb\" data-element_type=\"widget\" data-widget_type=\"heading.default\">\n\t\t\t\t<div class=\"elementor-widget-container\">\n\t\t\t\t\t<h3 class=\"elementor-heading-title elementor-size-default\">Business Matchmaking <\/h3>\t\t\t\t<\/div>\n\t\t\t\t<\/div>\n\t\t\t\t<div class=\"elementor-element elementor-element-f3b1155 elementor-widget elementor-widget-text-editor\" data-id=\"f3b1155\" data-element_type=\"widget\" data-widget_type=\"text-editor.default\">\n\t\t\t\t<div class=\"elementor-widget-container\">\n\t\t\t\t\t\t\t\t\t<p style=\"font-weight: 400;\">Notre objectif est de connecter les investisseurs aux projets et opportunit\u00e9s appropri\u00e9s ; et de mettre en relation des acheteurs et vendeurs de confiance pour un succ\u00e8s mutuel. Notre expertise en mise en relation commerciale permet de cr\u00e9er des partenariats durables et fructueux, facilitant des transactions rentables et des collaborations pour nos clients.<\/p>\t\t\t\t\t\t\t\t<\/div>\n\t\t\t\t<\/div>\n\t\t\t\t<div class=\"elementor-element elementor-element-c5f2be8 elementor-widget elementor-widget-heading\" data-id=\"c5f2be8\" data-element_type=\"widget\" data-widget_type=\"heading.default\">\n\t\t\t\t<div class=\"elementor-widget-container\">\n\t\t\t\t\t<h3 class=\"elementor-heading-title elementor-size-default\">Capitaux d\u2019Investisseurs<\/h3>\t\t\t\t<\/div>\n\t\t\t\t<\/div>\n\t\t\t\t<div class=\"elementor-element elementor-element-b7855b0 elementor-widget elementor-widget-text-editor\" data-id=\"b7855b0\" data-element_type=\"widget\" data-widget_type=\"text-editor.default\">\n\t\t\t\t<div class=\"elementor-widget-container\">\n\t\t\t\t\t\t\t\t\t<p style=\"font-weight: 400;\">LnkBridge a \u00e9tabli des connexions avec des gestionnaires d\u2019actifs, des fonds de private equity, du capital-risque et des entit\u00e9s de gestion d\u2019actifs, ainsi qu\u2019avec des centaines d\u2019investisseurs priv\u00e9s dans le monde entier. Cela permet aux entreprises d\u2019acc\u00e9der \u00e0 des opportunit\u00e9s d\u2019investissement potentielles et \u00e0 des partenariats strat\u00e9giques. Notre r\u00e9seau \u00e9tendu d\u2019investisseurs nous permet d\u2019associer les entreprises aux bons investisseurs, favorisant ainsi la croissance et l\u2019innovation.<\/p>\t\t\t\t\t\t\t\t<\/div>\n\t\t\t\t<\/div>\n\t\t\t\t<\/div>\n\t\t\t\t\t<\/div>\n\t\t\t\t<\/div>\n\t\t<div class=\"elementor-element elementor-element-6cddb1b e-flex e-con-boxed e-con e-parent\" data-id=\"6cddb1b\" data-element_type=\"container\" data-settings=\"{&quot;background_background&quot;:&quot;classic&quot;}\">\n\t\t\t\t\t<div class=\"e-con-inner\">\n\t\t<div class=\"elementor-element elementor-element-f175447 e-con-full e-flex e-con e-child\" data-id=\"f175447\" data-element_type=\"container\">\n\t\t\t\t<div class=\"elementor-element elementor-element-27af923 elementor-widget elementor-widget-heading\" data-id=\"27af923\" data-element_type=\"widget\" data-widget_type=\"heading.default\">\n\t\t\t\t<div class=\"elementor-widget-container\">\n\t\t\t\t\t<h3 class=\"elementor-heading-title elementor-size-default\">Financement<\/h3>\t\t\t\t<\/div>\n\t\t\t\t<\/div>\n\t\t\t\t<div class=\"elementor-element elementor-element-b9afa7f elementor-widget elementor-widget-text-editor\" data-id=\"b9afa7f\" data-element_type=\"widget\" data-widget_type=\"text-editor.default\">\n\t\t\t\t<div class=\"elementor-widget-container\">\n\t\t\t\t\t\t\t\t\t<p style=\"font-weight: 400;\">Chez LnkBridge, nous proposons des solutions financi\u00e8res compl\u00e8tes et un financement strat\u00e9gique pour soutenir les entreprises dans la r\u00e9alisation de leurs objectifs de croissance et d\u2019expansion. Gr\u00e2ce \u00e0 notre r\u00e9seau \u00e9tendu, nous donnons acc\u00e8s \u00e0 une large gamme de sources de capital, comprenant des banques traditionnelles et des fournisseurs de financements alternatifs.<\/p>\t\t\t\t\t\t\t\t<\/div>\n\t\t\t\t<\/div>\n\t\t\t\t<div class=\"elementor-element elementor-element-489e75a elementor-widget elementor-widget-heading\" data-id=\"489e75a\" data-element_type=\"widget\" data-widget_type=\"heading.default\">\n\t\t\t\t<div class=\"elementor-widget-container\">\n\t\t\t\t\t<h3 class=\"elementor-heading-title elementor-size-default\">Fusions &amp; Acquisitions (M&amp;A)<\/h3>\t\t\t\t<\/div>\n\t\t\t\t<\/div>\n\t\t\t\t<div class=\"elementor-element elementor-element-28d1f9b elementor-widget elementor-widget-text-editor\" data-id=\"28d1f9b\" data-element_type=\"widget\" data-widget_type=\"text-editor.default\">\n\t\t\t\t<div class=\"elementor-widget-container\">\n\t\t\t\t\t\t\t\t\t<p>LnkBridge fournit un accompagnement complet pour les fusions, acquisitions et cessions. Notre expertise couvre la recherche d\u2019opportunit\u00e9s, l\u2019\u00e9valuation, la diligence raisonnable, la n\u00e9gociation et l\u2019int\u00e9gration apr\u00e8s transaction. Nous aidons nos clients \u00e0 naviguer dans les complexit\u00e9s et \u00e0 atteindre leurs objectifs strat\u00e9giques via des services de conseil en M&amp;A sur mesure.<\/p>\t\t\t\t\t\t\t\t<\/div>\n\t\t\t\t<\/div>\n\t\t\t\t<div class=\"elementor-element elementor-element-eb3476a elementor-widget elementor-widget-heading\" data-id=\"eb3476a\" data-element_type=\"widget\" data-widget_type=\"heading.default\">\n\t\t\t\t<div class=\"elementor-widget-container\">\n\t\t\t\t\t<h3 class=\"elementor-heading-title elementor-size-default\">Facilitation du Commerce Global<\/h3>\t\t\t\t<\/div>\n\t\t\t\t<\/div>\n\t\t\t\t<div class=\"elementor-element elementor-element-e6bc60d elementor-widget elementor-widget-text-editor\" data-id=\"e6bc60d\" data-element_type=\"widget\" data-widget_type=\"text-editor.default\">\n\t\t\t\t<div class=\"elementor-widget-container\">\n\t\t\t\t\t\t\t\t\t<p style=\"font-weight: 400;\">Avec des partenaires strat\u00e9giques dans plus de 50 pays et sur 6 continents, LnkBridge excelle dans la facilitation du commerce international en s\u2019appuyant sur son expertise sectorielle et ses connexions pour assurer un \u00e9change fluide de marchandises \u00e0 travers les fronti\u00e8res.<\/p>\t\t\t\t\t\t\t\t<\/div>\n\t\t\t\t<\/div>\n\t\t\t\t<\/div>\n\t\t<div class=\"elementor-element elementor-element-7f84341 e-con-full e-flex e-con e-child\" data-id=\"7f84341\" data-element_type=\"container\" data-settings=\"{&quot;background_background&quot;:&quot;classic&quot;}\">\n\t\t\t\t<div class=\"elementor-element elementor-element-494dc3a elementor-widget elementor-widget-image\" data-id=\"494dc3a\" data-element_type=\"widget\" data-widget_type=\"image.default\">\n\t\t\t\t<div class=\"elementor-widget-container\">\n\t\t\t\t\t\t\t\t\t\t\t\t\t\t\t<img decoding=\"async\" width=\"1290\" height=\"860\" src=\"https:\/\/lnkbridge.com\/wp-content\/uploads\/2025\/03\/AdobeStock_1068627693.jpeg\" class=\"attachment-full size-full wp-image-1300\" alt=\"\" srcset=\"https:\/\/lnkbridge.com\/wp-content\/uploads\/2025\/03\/AdobeStock_1068627693.jpeg 1290w, https:\/\/lnkbridge.com\/wp-content\/uploads\/2025\/03\/AdobeStock_1068627693-300x200.jpeg 300w, https:\/\/lnkbridge.com\/wp-content\/uploads\/2025\/03\/AdobeStock_1068627693-1024x683.jpeg 1024w, https:\/\/lnkbridge.com\/wp-content\/uploads\/2025\/03\/AdobeStock_1068627693-768x512.jpeg 768w\" sizes=\"(max-width: 1290px) 100vw, 1290px\" \/>\t\t\t\t\t\t\t\t\t\t\t\t\t\t\t<\/div>\n\t\t\t\t<\/div>\n\t\t\t\t<\/div>\n\t\t\t\t\t<\/div>\n\t\t\t\t<\/div>\n\t\t<div class=\"elementor-element elementor-element-a2a06b9 e-con-full e-flex e-con e-parent\" data-id=\"a2a06b9\" data-element_type=\"container\" data-settings=\"{&quot;background_background&quot;:&quot;classic&quot;}\">\n\t\t<div class=\"elementor-element elementor-element-7c0f64f e-con-full e-flex e-con e-child\" data-id=\"7c0f64f\" data-element_type=\"container\">\n\t\t\t\t<div class=\"elementor-element elementor-element-eee7c66 elementor-widget elementor-widget-heading\" data-id=\"eee7c66\" data-element_type=\"widget\" data-widget_type=\"heading.default\">\n\t\t\t\t<div class=\"elementor-widget-container\">\n\t\t\t\t\t<h3 class=\"elementor-heading-title elementor-size-default\">R\u00e9seau mondial de LnkBridge Plus de 50 pays sur 6 continents<\/h3>\t\t\t\t<\/div>\n\t\t\t\t<\/div>\n\t\t\t\t<\/div>\n\t\t\t\t<\/div>\n\t\t\t\t<\/div>","protected":false},"excerpt":{"rendered":"<p>Services Business Matchmaking Our purpose lies in bridging Investors with the right projects and opportunities; and to connect trusted buyers and sellers for mutual success. Our expertise in business matchmaking helps create successful, long-term partnerships, facilitating profitable transactions and collaborations for our Clients. Capital from Investors LnkBridge has established connections with asset managers, private equity [&hellip;]<\/p>","protected":false},"author":2,"featured_media":0,"parent":0,"menu_order":0,"comment_status":"closed","ping_status":"closed","template":"","meta":{"site-sidebar-layout":"default","site-content-layout":"page-builder","ast-site-content-layout":"full-width-container","site-content-style":"unboxed","site-sidebar-style":"unboxed","ast-global-header-display":"","ast-banner-title-visibility":"","ast-main-header-display":"","ast-hfb-above-header-display":"","ast-hfb-below-header-display":"","ast-hfb-mobile-header-display":"","site-post-title":"disabled","ast-breadcrumbs-content":"","ast-featured-img":"disabled","footer-sml-layout":"","theme-transparent-header-meta":"enabled","adv-header-id-meta":"","stick-header-meta":"","header-above-stick-meta":"","header-main-stick-meta":"","header-below-stick-meta":"","astra-migrate-meta-layouts":"set","ast-page-background-enabled":"default","ast-page-background-meta":{"desktop":{"background-color":"","background-image":"","background-repeat":"repeat","background-position":"center center","background-size":"auto","background-attachment":"scroll","background-type":"","background-media":"","overlay-type":"","overlay-color":"","overlay-opacity":"","overlay-gradient":""},"tablet":{"background-color":"","background-image":"","background-repeat":"repeat","background-position":"center center","background-size":"auto","background-attachment":"scroll","background-type":"","background-media":"","overlay-type":"","overlay-color":"","overlay-opacity":"","overlay-gradient":""},"mobile":{"background-color":"","background-image":"","background-repeat":"repeat","background-position":"center center","background-size":"auto","background-attachment":"scroll","background-type":"","background-media":"","overlay-type":"","overlay-color":"","overlay-opacity":"","overlay-gradient":""}},"ast-content-background-meta":{"desktop":{"background-color":"var(--ast-global-color-5)","background-image":"","background-repeat":"repeat","background-position":"center center","background-size":"auto","background-attachment":"scroll","background-type":"","background-media":"","overlay-type":"","overlay-color":"","overlay-opacity":"","overlay-gradient":""},"tablet":{"background-color":"var(--ast-global-color-5)","background-image":"","background-repeat":"repeat","background-position":"center center","background-size":"auto","background-attachment":"scroll","background-type":"","background-media":"","overlay-type":"","overlay-color":"","overlay-opacity":"","overlay-gradient":""},"mobile":{"background-color":"var(--ast-global-color-5)","background-image":"","background-repeat":"repeat","background-position":"center center","background-size":"auto","background-attachment":"scroll","background-type":"","background-media":"","overlay-type":"","overlay-color":"","overlay-opacity":"","overlay-gradient":""}},"footnotes":""},"class_list":["post-129","page","type-page","status-publish","hentry"],"yoast_head":"<!-- This site is optimized with the Yoast SEO plugin v24.7 - https:\/\/yoast.com\/wordpress\/plugins\/seo\/ -->\n<title>LnkBridge Services \u2013 Business Matchmaking, Financing &amp; M&amp;A<\/title>\n<meta name=\"description\" content=\"At LnkBridge, we offer business matchmaking, strategic financing, M&amp;A advisory and global trade facilitation to help businesses expand internationally. :contentReference[oaicite:2]{index=2}\" \/>\n<meta name=\"robots\" content=\"index, follow, max-snippet:-1, max-image-preview:large, max-video-preview:-1\" \/>\n<link rel=\"canonical\" href=\"https:\/\/lnkbridge.com\/fr\/services\/\" \/>\n<meta property=\"og:locale\" content=\"fr_FR\" \/>\n<meta property=\"og:type\" content=\"article\" \/>\n<meta property=\"og:title\" content=\"LnkBridge Services \u2013 Business Matchmaking, Financing &amp; M&amp;A\" \/>\n<meta property=\"og:description\" content=\"At LnkBridge, we offer business matchmaking, strategic financing, M&amp;A advisory and global trade facilitation to help businesses expand internationally. :contentReference[oaicite:2]{index=2}\" \/>\n<meta property=\"og:url\" content=\"https:\/\/lnkbridge.com\/fr\/services\/\" \/>\n<meta property=\"article:modified_time\" content=\"2025-06-18T10:38:52+00:00\" \/>\n<meta property=\"og:image\" content=\"https:\/\/lnkbridge.com\/wp-content\/uploads\/2025\/03\/AdobeStock_907170032.jpg\" \/>\n<meta name=\"twitter:card\" content=\"summary_large_image\" \/>\n<meta name=\"twitter:label1\" content=\"Dur\u00e9e de lecture estim\u00e9e\" \/>\n\t<meta name=\"twitter:data1\" content=\"2 minutes\" \/>\n<script type=\"application\/ld+json\" class=\"yoast-schema-graph\">{\"@context\":\"https:\/\/schema.org\",\"@graph\":[{\"@type\":\"WebPage\",\"@id\":\"https:\/\/lnkbridge.com\/services\/\",\"url\":\"https:\/\/lnkbridge.com\/services\/\",\"name\":\"LnkBridge Services \u2013 Business Matchmaking, Financing & M&A\",\"isPartOf\":{\"@id\":\"https:\/\/lnkbridge.com\/#website\"},\"primaryImageOfPage\":{\"@id\":\"https:\/\/lnkbridge.com\/services\/#primaryimage\"},\"image\":{\"@id\":\"https:\/\/lnkbridge.com\/services\/#primaryimage\"},\"thumbnailUrl\":\"https:\/\/lnkbridge.com\/wp-content\/uploads\/2025\/03\/AdobeStock_907170032.jpg\",\"datePublished\":\"2025-03-30T17:32:21+00:00\",\"dateModified\":\"2025-06-18T10:38:52+00:00\",\"description\":\"At LnkBridge, we offer business matchmaking, strategic financing, M&A advisory and global trade facilitation to help businesses expand internationally. :contentReference[oaicite:2]{index=2}\",\"breadcrumb\":{\"@id\":\"https:\/\/lnkbridge.com\/services\/#breadcrumb\"},\"inLanguage\":\"fr-FR\",\"potentialAction\":[{\"@type\":\"ReadAction\",\"target\":[\"https:\/\/lnkbridge.com\/services\/\"]}]},{\"@type\":\"ImageObject\",\"inLanguage\":\"fr-FR\",\"@id\":\"https:\/\/lnkbridge.com\/services\/#primaryimage\",\"url\":\"https:\/\/lnkbridge.com\/wp-content\/uploads\/2025\/03\/AdobeStock_907170032.jpg\",\"contentUrl\":\"https:\/\/lnkbridge.com\/wp-content\/uploads\/2025\/03\/AdobeStock_907170032.jpg\"},{\"@type\":\"BreadcrumbList\",\"@id\":\"https:\/\/lnkbridge.com\/services\/#breadcrumb\",\"itemListElement\":[{\"@type\":\"ListItem\",\"position\":1,\"name\":\"Home\",\"item\":\"https:\/\/lnkbridge.com\/\"},{\"@type\":\"ListItem\",\"position\":2,\"name\":\"Services\"}]},{\"@type\":\"WebSite\",\"@id\":\"https:\/\/lnkbridge.com\/#website\",\"url\":\"https:\/\/lnkbridge.com\/\",\"name\":\"\",\"description\":\"\",\"potentialAction\":[{\"@type\":\"SearchAction\",\"target\":{\"@type\":\"EntryPoint\",\"urlTemplate\":\"https:\/\/lnkbridge.com\/?s={search_term_string}\"},\"query-input\":{\"@type\":\"PropertyValueSpecification\",\"valueRequired\":true,\"valueName\":\"search_term_string\"}}],\"inLanguage\":\"fr-FR\"}]}<\/script>\n<!-- \/ Yoast SEO plugin. -->","yoast_head_json":{"title":"LnkBridge Services \u2013 Business Matchmaking, Financing & M&A","description":"At LnkBridge, we offer business matchmaking, strategic financing, M&A advisory and global trade facilitation to help businesses expand internationally. :contentReference[oaicite:2]{index=2}","robots":{"index":"index","follow":"follow","max-snippet":"max-snippet:-1","max-image-preview":"max-image-preview:large","max-video-preview":"max-video-preview:-1"},"canonical":"https:\/\/lnkbridge.com\/fr\/services\/","og_locale":"fr_FR","og_type":"article","og_title":"LnkBridge Services \u2013 Business Matchmaking, Financing & M&A","og_description":"At LnkBridge, we offer business matchmaking, strategic financing, M&A advisory and global trade facilitation to help businesses expand internationally. :contentReference[oaicite:2]{index=2}","og_url":"https:\/\/lnkbridge.com\/fr\/services\/","article_modified_time":"2025-06-18T10:38:52+00:00","og_image":[{"url":"https:\/\/lnkbridge.com\/wp-content\/uploads\/2025\/03\/AdobeStock_907170032.jpg","type":"","width":"","height":""}],"twitter_card":"summary_large_image","twitter_misc":{"Dur\u00e9e de lecture estim\u00e9e":"2 minutes"},"schema":{"@context":"https:\/\/schema.org","@graph":[{"@type":"WebPage","@id":"https:\/\/lnkbridge.com\/services\/","url":"https:\/\/lnkbridge.com\/services\/","name":"LnkBridge Services \u2013 Business Matchmaking, Financing & M&A","isPartOf":{"@id":"https:\/\/lnkbridge.com\/#website"},"primaryImageOfPage":{"@id":"https:\/\/lnkbridge.com\/services\/#primaryimage"},"image":{"@id":"https:\/\/lnkbridge.com\/services\/#primaryimage"},"thumbnailUrl":"https:\/\/lnkbridge.com\/wp-content\/uploads\/2025\/03\/AdobeStock_907170032.jpg","datePublished":"2025-03-30T17:32:21+00:00","dateModified":"2025-06-18T10:38:52+00:00","description":"At LnkBridge, we offer business matchmaking, strategic financing, M&A advisory and global trade facilitation to help businesses expand internationally. :contentReference[oaicite:2]{index=2}","breadcrumb":{"@id":"https:\/\/lnkbridge.com\/services\/#breadcrumb"},"inLanguage":"fr-FR","potentialAction":[{"@type":"ReadAction","target":["https:\/\/lnkbridge.com\/services\/"]}]},{"@type":"ImageObject","inLanguage":"fr-FR","@id":"https:\/\/lnkbridge.com\/services\/#primaryimage","url":"https:\/\/lnkbridge.com\/wp-content\/uploads\/2025\/03\/AdobeStock_907170032.jpg","contentUrl":"https:\/\/lnkbridge.com\/wp-content\/uploads\/2025\/03\/AdobeStock_907170032.jpg"},{"@type":"BreadcrumbList","@id":"https:\/\/lnkbridge.com\/services\/#breadcrumb","itemListElement":[{"@type":"ListItem","position":1,"name":"Home","item":"https:\/\/lnkbridge.com\/"},{"@type":"ListItem","position":2,"name":"Services"}]},{"@type":"WebSite","@id":"https:\/\/lnkbridge.com\/#website","url":"https:\/\/lnkbridge.com\/","name":"","description":"","potentialAction":[{"@type":"SearchAction","target":{"@type":"EntryPoint","urlTemplate":"https:\/\/lnkbridge.com\/?s={search_term_string}"},"query-input":{"@type":"PropertyValueSpecification","valueRequired":true,"valueName":"search_term_string"}}],"inLanguage":"fr-FR"}]}},"_links":{"self":[{"href":"https:\/\/lnkbridge.com\/fr\/wp-json\/wp\/v2\/pages\/129","targetHints":{"allow":["GET"]}}],"collection":[{"href":"https:\/\/lnkbridge.com\/fr\/wp-json\/wp\/v2\/pages"}],"about":[{"href":"https:\/\/lnkbridge.com\/fr\/wp-json\/wp\/v2\/types\/page"}],"author":[{"embeddable":true,"href":"https:\/\/lnkbridge.com\/fr\/wp-json\/wp\/v2\/users\/2"}],"replies":[{"embeddable":true,"href":"https:\/\/lnkbridge.com\/fr\/wp-json\/wp\/v2\/comments?post=129"}],"version-history":[{"count":49,"href":"https:\/\/lnkbridge.com\/fr\/wp-json\/wp\/v2\/pages\/129\/revisions"}],"predecessor-version":[{"id":1811,"href":"https:\/\/lnkbridge.com\/fr\/wp-json\/wp\/v2\/pages\/129\/revisions\/1811"}],"wp:attachment":[{"href":"https:\/\/lnkbridge.com\/fr\/wp-json\/wp\/v2\/media?parent=129"}],"curies":[{"name":"wp","href":"https:\/\/api.w.org\/{rel}","templated":true}]}}