{"id":127,"date":"2025-03-30T19:32:21","date_gmt":"2025-03-30T17:32:21","guid":{"rendered":"http:\/\/lnkbridge.com\/home\/"},"modified":"2025-10-10T12:35:17","modified_gmt":"2025-10-10T10:35:17","slug":"home","status":"publish","type":"page","link":"https:\/\/lnkbridge.com\/fr\/","title":{"rendered":"Page d'accueil"},"content":{"rendered":"<div data-elementor-type=\"wp-page\" data-elementor-id=\"127\" class=\"elementor elementor-127\">\n\t\t\t\t<div class=\"elementor-element elementor-element-816bc2e e-flex e-con-boxed e-con e-parent\" data-id=\"816bc2e\" data-element_type=\"container\" data-settings=\"{&quot;background_background&quot;:&quot;classic&quot;}\">\n\t\t\t\t\t<div class=\"e-con-inner\">\n\t\t\t\t\t<\/div>\n\t\t\t\t<\/div>\n\t\t<div class=\"elementor-element elementor-element-03d5ac0 e-flex e-con-boxed e-con e-parent\" data-id=\"03d5ac0\" data-element_type=\"container\">\n\t\t\t\t\t<div class=\"e-con-inner\">\n\t\t\t\t<div class=\"elementor-element elementor-element-91edc4f elementor-widget elementor-widget-text-editor\" data-id=\"91edc4f\" data-element_type=\"widget\" data-widget_type=\"text-editor.default\">\n\t\t\t\t<div class=\"elementor-widget-container\">\n\t\t\t\t\t\t\t\t\t<p style=\"font-weight: 400;\"><strong>Relier les investisseurs aux projets de qualit\u00e9 et mise en relation d\u2019acheteurs et vendeurs de confiance pour un succ\u00e8s mutuel.<\/strong><\/p>\t\t\t\t\t\t\t\t<\/div>\n\t\t\t\t<\/div>\n\t\t\t\t<div class=\"elementor-element elementor-element-5792b1d elementor-widget elementor-widget-image\" data-id=\"5792b1d\" data-element_type=\"widget\" data-widget_type=\"image.default\">\n\t\t\t\t<div class=\"elementor-widget-container\">\n\t\t\t\t\t\t\t\t\t\t\t\t\t\t\t<img decoding=\"async\" src=\"https:\/\/lnkbridge.com\/wp-content\/uploads\/elementor\/thumbs\/FIN-LNKBRIDGE-LOGO-v5-rcyq5k6ie44wc8ukmyeo10g4zyrodz4324t2tca4zq.png\" title=\"FIN-LNKBRIDGE-LOGO-v5\" alt=\"FIN-LNKBRIDGE-LOGO-v5\" loading=\"lazy\" \/>\t\t\t\t\t\t\t\t\t\t\t\t\t\t\t<\/div>\n\t\t\t\t<\/div>\n\t\t\t\t\t<\/div>\n\t\t\t\t<\/div>\n\t\t<div class=\"elementor-element elementor-element-bc3512a e-flex e-con-boxed e-con e-parent\" data-id=\"bc3512a\" data-element_type=\"container\" data-settings=\"{&quot;background_background&quot;:&quot;classic&quot;}\">\n\t\t\t\t\t<div class=\"e-con-inner\">\n\t\t<div class=\"elementor-element elementor-element-c730a48 e-con-full e-flex e-con e-child\" data-id=\"c730a48\" data-element_type=\"container\">\n\t\t\t\t<div class=\"elementor-element elementor-element-669418a elementor-widget elementor-widget-heading\" data-id=\"669418a\" data-element_type=\"widget\" data-widget_type=\"heading.default\">\n\t\t\t\t<div class=\"elementor-widget-container\">\n\t\t\t\t\t<h2 class=\"elementor-heading-title elementor-size-default\">NOS SERVICES<\/h2>\t\t\t\t<\/div>\n\t\t\t\t<\/div>\n\t\t\t\t<div class=\"elementor-element elementor-element-bdec0a5 elementor-widget elementor-widget-text-editor\" data-id=\"bdec0a5\" data-element_type=\"widget\" data-widget_type=\"text-editor.default\">\n\t\t\t\t<div class=\"elementor-widget-container\">\n\t\t\t\t\t\t\t\t\t<p style=\"font-weight: 400;\">Chez LnkBridge, nous proposons des services adapt\u00e9s \u00e0 vos besoins, que vous n\u00e9cessitiez un financement en fonds propres et en dette ou des solutions pour le commerce mondial et l'expansion internationale des affaires. Notre \u00e9quipe d'experts fournit des solutions personnalis\u00e9es qui favorisent la croissance et la scalabilit\u00e9.<\/p>\t\t\t\t\t\t\t\t<\/div>\n\t\t\t\t<\/div>\n\t\t\t\t<\/div>\n\t\t\t\t\t<\/div>\n\t\t\t\t<\/div>\n\t\t<div class=\"elementor-element elementor-element-4d58789 e-con-full e-flex e-con e-parent\" data-id=\"4d58789\" data-element_type=\"container\" data-settings=\"{&quot;background_background&quot;:&quot;classic&quot;}\">\n\t\t\t\t<div class=\"elementor-element elementor-element-35293e4 elementor-widget elementor-widget-heading\" data-id=\"35293e4\" data-element_type=\"widget\" data-widget_type=\"heading.default\">\n\t\t\t\t<div class=\"elementor-widget-container\">\n\t\t\t\t\t<h3 class=\"elementor-heading-title elementor-size-default\">R\u00e9seau mondial de LnkBridge <br>Plus de 50 pays sur 6 continents<\/h3>\t\t\t\t<\/div>\n\t\t\t\t<\/div>\n\t\t\t\t<\/div>\n\t\t<div class=\"elementor-element elementor-element-28c4e90 e-con-full e-flex e-con e-parent\" data-id=\"28c4e90\" data-element_type=\"container\">\n\t\t<div class=\"elementor-element elementor-element-f6c2b59 e-con-full e-flex e-con e-child\" data-id=\"f6c2b59\" data-element_type=\"container\">\n\t\t<div class=\"elementor-element elementor-element-e4c314a e-con-full e-flex e-con e-child\" data-id=\"e4c314a\" data-element_type=\"container\">\n\t\t\t\t<div class=\"elementor-element elementor-element-c924289 elementor-widget elementor-widget-heading\" data-id=\"c924289\" data-element_type=\"widget\" data-widget_type=\"heading.default\">\n\t\t\t\t<div class=\"elementor-widget-container\">\n\t\t\t\t\t<h2 class=\"elementor-heading-title elementor-size-default\">QUI NOUS SOMMES<\/h2>\t\t\t\t<\/div>\n\t\t\t\t<\/div>\n\t\t\t\t<div class=\"elementor-element elementor-element-2a0705e elementor-widget elementor-widget-text-editor\" data-id=\"2a0705e\" data-element_type=\"widget\" data-widget_type=\"text-editor.default\">\n\t\t\t\t<div class=\"elementor-widget-container\">\n\t\t\t\t\t\t\t\t\t<div>\n<p><b>LnkBridge est une soci\u00e9t\u00e9 mondiale de mise en relation commerciale et de conseil financier, avec des partenaires dans plus de 50 pays et 6 continents : Europe, Am\u00e9riques, Afrique, Moyen-Orient, Asie et Oc\u00e9anie.<\/b><\/p><p><b><br><\/b><\/p>\n<\/div>\n<div>\n<p>Nos experts apportent plus de 20 ans d\u2019exp\u00e9rience dans le commerce international et dans la banque d'entreprise et d'investissement. <span style=\"font-size: 16px;\">Nous sommes sp\u00e9cialis\u00e9s dans la mise en relation d\u2019investisseurs et de banques avec les bons projets et entreprises, offrant des conseils sur des solutions financi\u00e8res avanc\u00e9es et innovantes pour le financement strat\u00e9gique de projets. Notre expertise inclut \u00e9galement le conseil en fusions-acquisitions (M&amp;A) pour soutenir la croissance et la restructuration des entreprises. De plus, nous facilitons les connexions entre acheteurs et vendeurs de confiance afin de favoriser des b\u00e9n\u00e9fices mutuels.<\/span><\/p><p><span style=\"font-size: 16px;\"><br><\/span><\/p>\n<\/div>\n<div>\n<p>D\u00e9di\u00e9s \u00e0 la construction de relations commerciales durables et fructueuses, nous sommes un partenaire cl\u00e9 pour l\u2019expansion des entreprises, la recherche d\u2019investissements et la facilitation du commerce international.<\/p>\n<\/div>\t\t\t\t\t\t\t\t<\/div>\n\t\t\t\t<\/div>\n\t\t\t\t<\/div>\n\t\t\t\t<\/div>\n\t\t\t\t<\/div>\n\t\t\t\t<\/div>","protected":false},"excerpt":{"rendered":"<p>Bridging Investors with the right projects and connecting Trusted Buyers and Sellers for mutual success. OUR SERVICES At LnkBridge, we provide services and solutions tailored to your needs, whether you require equity and debt funding or solutions for global trade and international business expansion. Our team of experts delivers customized solutions that foster growth and [&hellip;]<\/p>","protected":false},"author":2,"featured_media":0,"parent":0,"menu_order":0,"comment_status":"closed","ping_status":"closed","template":"","meta":{"site-sidebar-layout":"default","site-content-layout":"page-builder","ast-site-content-layout":"full-width-container","site-content-style":"unboxed","site-sidebar-style":"unboxed","ast-global-header-display":"","ast-banner-title-visibility":"","ast-main-header-display":"","ast-hfb-above-header-display":"","ast-hfb-below-header-display":"","ast-hfb-mobile-header-display":"","site-post-title":"disabled","ast-breadcrumbs-content":"","ast-featured-img":"disabled","footer-sml-layout":"","theme-transparent-header-meta":"enabled","adv-header-id-meta":"","stick-header-meta":"","header-above-stick-meta":"","header-main-stick-meta":"","header-below-stick-meta":"","astra-migrate-meta-layouts":"set","ast-page-background-enabled":"default","ast-page-background-meta":{"desktop":{"background-color":"","background-image":"","background-repeat":"repeat","background-position":"center center","background-size":"auto","background-attachment":"scroll","background-type":"","background-media":"","overlay-type":"","overlay-color":"","overlay-opacity":"","overlay-gradient":""},"tablet":{"background-color":"","background-image":"","background-repeat":"repeat","background-position":"center center","background-size":"auto","background-attachment":"scroll","background-type":"","background-media":"","overlay-type":"","overlay-color":"","overlay-opacity":"","overlay-gradient":""},"mobile":{"background-color":"","background-image":"","background-repeat":"repeat","background-position":"center center","background-size":"auto","background-attachment":"scroll","background-type":"","background-media":"","overlay-type":"","overlay-color":"","overlay-opacity":"","overlay-gradient":""}},"ast-content-background-meta":{"desktop":{"background-color":"var(--ast-global-color-5)","background-image":"","background-repeat":"repeat","background-position":"center center","background-size":"auto","background-attachment":"scroll","background-type":"","background-media":"","overlay-type":"","overlay-color":"","overlay-opacity":"","overlay-gradient":""},"tablet":{"background-color":"var(--ast-global-color-5)","background-image":"","background-repeat":"repeat","background-position":"center center","background-size":"auto","background-attachment":"scroll","background-type":"","background-media":"","overlay-type":"","overlay-color":"","overlay-opacity":"","overlay-gradient":""},"mobile":{"background-color":"var(--ast-global-color-5)","background-image":"","background-repeat":"repeat","background-position":"center center","background-size":"auto","background-attachment":"scroll","background-type":"","background-media":"","overlay-type":"","overlay-color":"","overlay-opacity":"","overlay-gradient":""}},"footnotes":""},"class_list":["post-127","page","type-page","status-publish","hentry"],"yoast_head":"<!-- This site is optimized with the Yoast SEO plugin v24.7 - https:\/\/yoast.com\/wordpress\/plugins\/seo\/ -->\n<title>LnkBridge \u2013 Global Business Matchmaking &amp; Consulting<\/title>\n<meta name=\"description\" content=\"LnkBridge is a global business matchmaking and financial consulting firm operating in 50+ countries, offering tailored financing, M&amp;A advisory, and international trade facilitation. :contentReference[oaicite:1]{index=1}\" \/>\n<meta name=\"robots\" content=\"index, follow, max-snippet:-1, max-image-preview:large, max-video-preview:-1\" \/>\n<link rel=\"canonical\" href=\"https:\/\/lnkbridge.com\/fr\/\" \/>\n<meta property=\"og:locale\" content=\"fr_FR\" \/>\n<meta property=\"og:type\" content=\"article\" \/>\n<meta property=\"og:title\" content=\"LnkBridge \u2013 Global Business Matchmaking &amp; Consulting\" \/>\n<meta property=\"og:description\" content=\"LnkBridge is a global business matchmaking and financial consulting firm operating in 50+ countries, offering tailored financing, M&amp;A advisory, and international trade facilitation. :contentReference[oaicite:1]{index=1}\" \/>\n<meta property=\"og:url\" content=\"https:\/\/lnkbridge.com\/fr\/\" \/>\n<meta property=\"article:modified_time\" content=\"2025-10-10T10:35:17+00:00\" \/>\n<meta property=\"og:image\" content=\"https:\/\/lnkbridge.com\/wp-content\/uploads\/elementor\/thumbs\/FIN-LNKBRIDGE-LOGO-v5-rcyq5k6ie44wc8ukmyeo10g4zyrodz4324t2tca4zq.png\" \/>\n<meta name=\"twitter:card\" content=\"summary_large_image\" \/>\n<meta name=\"twitter:label1\" content=\"Dur\u00e9e de lecture estim\u00e9e\" \/>\n\t<meta name=\"twitter:data1\" content=\"2 minutes\" \/>\n<script type=\"application\/ld+json\" class=\"yoast-schema-graph\">{\"@context\":\"https:\/\/schema.org\",\"@graph\":[{\"@type\":\"WebPage\",\"@id\":\"https:\/\/lnkbridge.com\/\",\"url\":\"https:\/\/lnkbridge.com\/\",\"name\":\"LnkBridge \u2013 Global Business Matchmaking & Consulting\",\"isPartOf\":{\"@id\":\"https:\/\/lnkbridge.com\/#website\"},\"primaryImageOfPage\":{\"@id\":\"https:\/\/lnkbridge.com\/#primaryimage\"},\"image\":{\"@id\":\"https:\/\/lnkbridge.com\/#primaryimage\"},\"thumbnailUrl\":\"https:\/\/lnkbridge.com\/wp-content\/uploads\/elementor\/thumbs\/FIN-LNKBRIDGE-LOGO-v5-rcyq5k6ie44wc8ukmyeo10g4zyrodz4324t2tca4zq.png\",\"datePublished\":\"2025-03-30T17:32:21+00:00\",\"dateModified\":\"2025-10-10T10:35:17+00:00\",\"description\":\"LnkBridge is a global business matchmaking and financial consulting firm operating in 50+ countries, offering tailored financing, M&A advisory, and international trade facilitation. :contentReference[oaicite:1]{index=1}\",\"breadcrumb\":{\"@id\":\"https:\/\/lnkbridge.com\/#breadcrumb\"},\"inLanguage\":\"fr-FR\",\"potentialAction\":[{\"@type\":\"ReadAction\",\"target\":[\"https:\/\/lnkbridge.com\/\"]}]},{\"@type\":\"ImageObject\",\"inLanguage\":\"fr-FR\",\"@id\":\"https:\/\/lnkbridge.com\/#primaryimage\",\"url\":\"https:\/\/lnkbridge.com\/wp-content\/uploads\/elementor\/thumbs\/FIN-LNKBRIDGE-LOGO-v5-rcyq5k6ie44wc8ukmyeo10g4zyrodz4324t2tca4zq.png\",\"contentUrl\":\"https:\/\/lnkbridge.com\/wp-content\/uploads\/elementor\/thumbs\/FIN-LNKBRIDGE-LOGO-v5-rcyq5k6ie44wc8ukmyeo10g4zyrodz4324t2tca4zq.png\"},{\"@type\":\"BreadcrumbList\",\"@id\":\"https:\/\/lnkbridge.com\/#breadcrumb\",\"itemListElement\":[{\"@type\":\"ListItem\",\"position\":1,\"name\":\"Home\",\"item\":\"https:\/\/lnkbridge.com\/\"},{\"@type\":\"ListItem\",\"position\":2,\"name\":\"Home\"}]},{\"@type\":\"WebSite\",\"@id\":\"https:\/\/lnkbridge.com\/#website\",\"url\":\"https:\/\/lnkbridge.com\/\",\"name\":\"\",\"description\":\"\",\"potentialAction\":[{\"@type\":\"SearchAction\",\"target\":{\"@type\":\"EntryPoint\",\"urlTemplate\":\"https:\/\/lnkbridge.com\/?s={search_term_string}\"},\"query-input\":{\"@type\":\"PropertyValueSpecification\",\"valueRequired\":true,\"valueName\":\"search_term_string\"}}],\"inLanguage\":\"fr-FR\"}]}<\/script>\n<!-- \/ Yoast SEO plugin. -->","yoast_head_json":{"title":"LnkBridge \u2013 Global Business Matchmaking & Consulting","description":"LnkBridge is a global business matchmaking and financial consulting firm operating in 50+ countries, offering tailored financing, M&A advisory, and international trade facilitation. :contentReference[oaicite:1]{index=1}","robots":{"index":"index","follow":"follow","max-snippet":"max-snippet:-1","max-image-preview":"max-image-preview:large","max-video-preview":"max-video-preview:-1"},"canonical":"https:\/\/lnkbridge.com\/fr\/","og_locale":"fr_FR","og_type":"article","og_title":"LnkBridge \u2013 Global Business Matchmaking & Consulting","og_description":"LnkBridge is a global business matchmaking and financial consulting firm operating in 50+ countries, offering tailored financing, M&A advisory, and international trade facilitation. :contentReference[oaicite:1]{index=1}","og_url":"https:\/\/lnkbridge.com\/fr\/","article_modified_time":"2025-10-10T10:35:17+00:00","og_image":[{"url":"https:\/\/lnkbridge.com\/wp-content\/uploads\/elementor\/thumbs\/FIN-LNKBRIDGE-LOGO-v5-rcyq5k6ie44wc8ukmyeo10g4zyrodz4324t2tca4zq.png","type":"","width":"","height":""}],"twitter_card":"summary_large_image","twitter_misc":{"Dur\u00e9e de lecture estim\u00e9e":"2 minutes"},"schema":{"@context":"https:\/\/schema.org","@graph":[{"@type":"WebPage","@id":"https:\/\/lnkbridge.com\/","url":"https:\/\/lnkbridge.com\/","name":"LnkBridge \u2013 Global Business Matchmaking & Consulting","isPartOf":{"@id":"https:\/\/lnkbridge.com\/#website"},"primaryImageOfPage":{"@id":"https:\/\/lnkbridge.com\/#primaryimage"},"image":{"@id":"https:\/\/lnkbridge.com\/#primaryimage"},"thumbnailUrl":"https:\/\/lnkbridge.com\/wp-content\/uploads\/elementor\/thumbs\/FIN-LNKBRIDGE-LOGO-v5-rcyq5k6ie44wc8ukmyeo10g4zyrodz4324t2tca4zq.png","datePublished":"2025-03-30T17:32:21+00:00","dateModified":"2025-10-10T10:35:17+00:00","description":"LnkBridge is a global business matchmaking and financial consulting firm operating in 50+ countries, offering tailored financing, M&A advisory, and international trade facilitation. :contentReference[oaicite:1]{index=1}","breadcrumb":{"@id":"https:\/\/lnkbridge.com\/#breadcrumb"},"inLanguage":"fr-FR","potentialAction":[{"@type":"ReadAction","target":["https:\/\/lnkbridge.com\/"]}]},{"@type":"ImageObject","inLanguage":"fr-FR","@id":"https:\/\/lnkbridge.com\/#primaryimage","url":"https:\/\/lnkbridge.com\/wp-content\/uploads\/elementor\/thumbs\/FIN-LNKBRIDGE-LOGO-v5-rcyq5k6ie44wc8ukmyeo10g4zyrodz4324t2tca4zq.png","contentUrl":"https:\/\/lnkbridge.com\/wp-content\/uploads\/elementor\/thumbs\/FIN-LNKBRIDGE-LOGO-v5-rcyq5k6ie44wc8ukmyeo10g4zyrodz4324t2tca4zq.png"},{"@type":"BreadcrumbList","@id":"https:\/\/lnkbridge.com\/#breadcrumb","itemListElement":[{"@type":"ListItem","position":1,"name":"Home","item":"https:\/\/lnkbridge.com\/"},{"@type":"ListItem","position":2,"name":"Home"}]},{"@type":"WebSite","@id":"https:\/\/lnkbridge.com\/#website","url":"https:\/\/lnkbridge.com\/","name":"","description":"","potentialAction":[{"@type":"SearchAction","target":{"@type":"EntryPoint","urlTemplate":"https:\/\/lnkbridge.com\/?s={search_term_string}"},"query-input":{"@type":"PropertyValueSpecification","valueRequired":true,"valueName":"search_term_string"}}],"inLanguage":"fr-FR"}]}},"_links":{"self":[{"href":"https:\/\/lnkbridge.com\/fr\/wp-json\/wp\/v2\/pages\/127","targetHints":{"allow":["GET"]}}],"collection":[{"href":"https:\/\/lnkbridge.com\/fr\/wp-json\/wp\/v2\/pages"}],"about":[{"href":"https:\/\/lnkbridge.com\/fr\/wp-json\/wp\/v2\/types\/page"}],"author":[{"embeddable":true,"href":"https:\/\/lnkbridge.com\/fr\/wp-json\/wp\/v2\/users\/2"}],"replies":[{"embeddable":true,"href":"https:\/\/lnkbridge.com\/fr\/wp-json\/wp\/v2\/comments?post=127"}],"version-history":[{"count":175,"href":"https:\/\/lnkbridge.com\/fr\/wp-json\/wp\/v2\/pages\/127\/revisions"}],"predecessor-version":[{"id":1908,"href":"https:\/\/lnkbridge.com\/fr\/wp-json\/wp\/v2\/pages\/127\/revisions\/1908"}],"wp:attachment":[{"href":"https:\/\/lnkbridge.com\/fr\/wp-json\/wp\/v2\/media?parent=127"}],"curies":[{"name":"wp","href":"https:\/\/api.w.org\/{rel}","templated":true}]}}