{"id":596,"date":"2025-03-30T19:32:21","date_gmt":"2025-03-30T17:32:21","guid":{"rendered":"http:\/\/lnkbridge.com\/why-choose-me\/"},"modified":"2025-10-10T15:00:09","modified_gmt":"2025-10-10T13:00:09","slug":"team","status":"publish","type":"page","link":"https:\/\/lnkbridge.com\/es\/team\/","title":{"rendered":"Equipo"},"content":{"rendered":"<div data-elementor-type=\"wp-post\" data-elementor-id=\"596\" class=\"elementor elementor-596\">\n\t\t\t\t<div class=\"elementor-element elementor-element-69c6002 e-flex e-con-boxed e-con e-parent\" data-id=\"69c6002\" data-element_type=\"container\" data-settings=\"{&quot;background_background&quot;:&quot;classic&quot;}\">\n\t\t\t\t\t<div class=\"e-con-inner\">\n\t\t<div class=\"elementor-element elementor-element-499678b e-con-full e-flex e-con e-child\" data-id=\"499678b\" data-element_type=\"container\">\n\t\t\t\t<div class=\"elementor-element elementor-element-1295887 elementor-widget elementor-widget-heading\" data-id=\"1295887\" data-element_type=\"widget\" data-widget_type=\"heading.default\">\n\t\t\t\t<div class=\"elementor-widget-container\">\n\t\t\t\t\t<h1 class=\"elementor-heading-title elementor-size-default\">Nuestro Equipo<\/h1>\t\t\t\t<\/div>\n\t\t\t\t<\/div>\n\t\t\t\t<\/div>\n\t\t\t\t\t<\/div>\n\t\t\t\t<\/div>\n\t\t<div class=\"elementor-element elementor-element-fe17a38 e-flex e-con-boxed e-con e-parent\" data-id=\"fe17a38\" data-element_type=\"container\" data-settings=\"{&quot;background_background&quot;:&quot;classic&quot;}\">\n\t\t\t\t\t<div class=\"e-con-inner\">\n\t\t<div class=\"elementor-element elementor-element-b50d7b4 e-con-full e-flex e-con e-child\" data-id=\"b50d7b4\" data-element_type=\"container\" data-settings=\"{&quot;background_background&quot;:&quot;classic&quot;}\">\n\t\t\t\t<div class=\"elementor-element elementor-element-39e95a4 elementor-widget elementor-widget-image\" data-id=\"39e95a4\" data-element_type=\"widget\" data-widget_type=\"image.default\">\n\t\t\t\t<div class=\"elementor-widget-container\">\n\t\t\t\t\t\t\t\t\t\t\t\t\t\t\t<img fetchpriority=\"high\" decoding=\"async\" width=\"231\" height=\"300\" src=\"https:\/\/lnkbridge.com\/wp-content\/uploads\/2025\/05\/Charles-1-231x300.jpg\" class=\"attachment-medium size-medium wp-image-1737\" alt=\"\" srcset=\"https:\/\/lnkbridge.com\/wp-content\/uploads\/2025\/05\/Charles-1-231x300.jpg 231w, https:\/\/lnkbridge.com\/wp-content\/uploads\/2025\/05\/Charles-1-9x12.jpg 9w, https:\/\/lnkbridge.com\/wp-content\/uploads\/2025\/05\/Charles-1.jpg 500w\" sizes=\"(max-width: 231px) 100vw, 231px\" \/>\t\t\t\t\t\t\t\t\t\t\t\t\t\t\t<\/div>\n\t\t\t\t<\/div>\n\t\t\t\t<\/div>\n\t\t<div class=\"elementor-element elementor-element-6692b5f e-con-full e-flex e-con e-child\" data-id=\"6692b5f\" data-element_type=\"container\">\n\t\t\t\t<div class=\"elementor-element elementor-element-0e184dc elementor-widget elementor-widget-heading\" data-id=\"0e184dc\" data-element_type=\"widget\" data-widget_type=\"heading.default\">\n\t\t\t\t<div class=\"elementor-widget-container\">\n\t\t\t\t\t<h4 class=\"elementor-heading-title elementor-size-default\">Charles Kujawski<br>Fundador y CEO<\/h4>\t\t\t\t<\/div>\n\t\t\t\t<\/div>\n\t\t\t\t<div class=\"elementor-element elementor-element-a762bab elementor-widget elementor-widget-text-editor\" data-id=\"a762bab\" data-element_type=\"widget\" data-widget_type=\"text-editor.default\">\n\t\t\t\t<div class=\"elementor-widget-container\">\n\t\t\t\t\t\t\t\t\t<p style=\"font-weight: 400;\">Graduado en la Harvard Business School, la Universit\u00e9 du Qu\u00e9bec \u00e0 Montr\u00e9al y la SGH Warsaw School of Economics, habiendo completado toda su formaci\u00f3n b\u00e1sica en Francia y el Reino Unido.<\/p><p style=\"font-weight: 400;\">Cuenta con m\u00e1s de 20 a\u00f1os de experiencia en Banca Corporativa y de Inversi\u00f3n. Ha originado m\u00e1s de 30 mil millones de d\u00f3lares estadounidenses en capital en Europa, \u00c1frica, Oriente Medio y Estados Unidos, en instituciones l\u00edderes como Citigroup, Banco Santander, Soci\u00e9t\u00e9 G\u00e9n\u00e9rale e ICBC \u2013 Industrial and Commercial Bank of China.<\/p>\t\t\t\t\t\t\t\t<\/div>\n\t\t\t\t<\/div>\n\t\t\t\t<\/div>\n\t\t\t\t\t<\/div>\n\t\t\t\t<\/div>\n\t\t<div class=\"elementor-element elementor-element-10b1a06 e-flex e-con-boxed e-con e-parent\" data-id=\"10b1a06\" data-element_type=\"container\" data-settings=\"{&quot;background_background&quot;:&quot;classic&quot;}\">\n\t\t\t\t\t<div class=\"e-con-inner\">\n\t\t<div class=\"elementor-element elementor-element-06b054f e-con-full e-flex e-con e-child\" data-id=\"06b054f\" data-element_type=\"container\" data-settings=\"{&quot;background_background&quot;:&quot;classic&quot;}\">\n\t\t\t\t<div class=\"elementor-element elementor-element-be5a6d0 elementor-widget elementor-widget-image\" data-id=\"be5a6d0\" data-element_type=\"widget\" data-widget_type=\"image.default\">\n\t\t\t\t<div class=\"elementor-widget-container\">\n\t\t\t\t\t\t\t\t\t\t\t\t\t\t\t<img decoding=\"async\" width=\"231\" height=\"300\" src=\"https:\/\/lnkbridge.com\/wp-content\/uploads\/2025\/05\/Paul-1-231x300.jpg\" class=\"attachment-medium size-medium wp-image-1739\" alt=\"\" srcset=\"https:\/\/lnkbridge.com\/wp-content\/uploads\/2025\/05\/Paul-1-231x300.jpg 231w, https:\/\/lnkbridge.com\/wp-content\/uploads\/2025\/05\/Paul-1-9x12.jpg 9w, https:\/\/lnkbridge.com\/wp-content\/uploads\/2025\/05\/Paul-1.jpg 500w\" sizes=\"(max-width: 231px) 100vw, 231px\" \/>\t\t\t\t\t\t\t\t\t\t\t\t\t\t\t<\/div>\n\t\t\t\t<\/div>\n\t\t\t\t<\/div>\n\t\t<div class=\"elementor-element elementor-element-6c9aaf3 e-con-full e-flex e-con e-child\" data-id=\"6c9aaf3\" data-element_type=\"container\">\n\t\t\t\t<div class=\"elementor-element elementor-element-89a5eea elementor-widget elementor-widget-heading\" data-id=\"89a5eea\" data-element_type=\"widget\" data-widget_type=\"heading.default\">\n\t\t\t\t<div class=\"elementor-widget-container\">\n\t\t\t\t\t<h4 class=\"elementor-heading-title elementor-size-default\">Paul B Fogo <br>Socio Legal y Asuntos Corporativos\n<\/h4>\t\t\t\t<\/div>\n\t\t\t\t<\/div>\n\t\t\t\t<div class=\"elementor-element elementor-element-c9d269e elementor-widget elementor-widget-text-editor\" data-id=\"c9d269e\" data-element_type=\"widget\" data-widget_type=\"text-editor.default\">\n\t\t\t\t<div class=\"elementor-widget-container\">\n\t\t\t\t\t\t\t\t\t<p style=\"font-weight: 400;\">Graduado en la Columbus School of Law de la Universidad Cat\u00f3lica de Am\u00e9rica en Washington, D.C. y en la Universidad de Virginia en los Estados Unidos.<\/p><p style=\"font-weight: 400;\">M\u00e1s de 25 a\u00f1os de experiencia viviendo y trabajando en Europa Central y del Este, incluyendo roles como consejero principal en un despacho de abogados global, enfocado en derecho comercial y inmobiliario, adem\u00e1s de desempe\u00f1ar cargos directivos en varios fondos de inversi\u00f3n privados europeos y compa\u00f1\u00edas de Desarrollo residencial.<\/p>\t\t\t\t\t\t\t\t<\/div>\n\t\t\t\t<\/div>\n\t\t\t\t<\/div>\n\t\t\t\t\t<\/div>\n\t\t\t\t<\/div>\n\t\t<div class=\"elementor-element elementor-element-39f90f0 e-flex e-con-boxed e-con e-parent\" data-id=\"39f90f0\" data-element_type=\"container\" data-settings=\"{&quot;background_background&quot;:&quot;classic&quot;}\">\n\t\t\t\t\t<div class=\"e-con-inner\">\n\t\t<div class=\"elementor-element elementor-element-e7b7d75 e-con-full e-flex e-con e-child\" data-id=\"e7b7d75\" data-element_type=\"container\" data-settings=\"{&quot;background_background&quot;:&quot;classic&quot;}\">\n\t\t\t\t<div class=\"elementor-element elementor-element-81aa117 elementor-widget elementor-widget-image\" data-id=\"81aa117\" data-element_type=\"widget\" data-widget_type=\"image.default\">\n\t\t\t\t<div class=\"elementor-widget-container\">\n\t\t\t\t\t\t\t\t\t\t\t\t\t\t\t<img decoding=\"async\" width=\"231\" height=\"300\" src=\"https:\/\/lnkbridge.com\/wp-content\/uploads\/2025\/05\/Kamila-1-231x300.jpg\" class=\"attachment-medium size-medium wp-image-1741\" alt=\"\" srcset=\"https:\/\/lnkbridge.com\/wp-content\/uploads\/2025\/05\/Kamila-1-231x300.jpg 231w, https:\/\/lnkbridge.com\/wp-content\/uploads\/2025\/05\/Kamila-1-9x12.jpg 9w, https:\/\/lnkbridge.com\/wp-content\/uploads\/2025\/05\/Kamila-1.jpg 500w\" sizes=\"(max-width: 231px) 100vw, 231px\" \/>\t\t\t\t\t\t\t\t\t\t\t\t\t\t\t<\/div>\n\t\t\t\t<\/div>\n\t\t\t\t<\/div>\n\t\t<div class=\"elementor-element elementor-element-4a58f49 e-con-full e-flex e-con e-child\" data-id=\"4a58f49\" data-element_type=\"container\">\n\t\t\t\t<div class=\"elementor-element elementor-element-a586a27 elementor-widget elementor-widget-heading\" data-id=\"a586a27\" data-element_type=\"widget\" data-widget_type=\"heading.default\">\n\t\t\t\t<div class=\"elementor-widget-container\">\n\t\t\t\t\t<h4 class=\"elementor-heading-title elementor-size-default\">Kamila Grochala<br>Socio Negocio Bancario<\/h4>\t\t\t\t<\/div>\n\t\t\t\t<\/div>\n\t\t\t\t<div class=\"elementor-element elementor-element-e8ab0ec elementor-widget elementor-widget-text-editor\" data-id=\"e8ab0ec\" data-element_type=\"widget\" data-widget_type=\"text-editor.default\">\n\t\t\t\t<div class=\"elementor-widget-container\">\n\t\t\t\t\t\t\t\t\t<p style=\"font-weight: 400;\">Graduada de la Academia de Econom\u00eda de Radom en contabilidad y gesti\u00f3n, y del Colegio Privado de Protecci\u00f3n Ambiental. \u00a0<\/p><p style=\"font-weight: 400;\">M\u00e1s de 15 a\u00f1os de experiencia en el sector bancario, incluyendo roles en ventas y an\u00e1lisis de riesgos crediticios en bancos comerciales y cooperativos en Polonia, como Raiffeisen, Idea Bank y WBS. Especializada en asesoramiento de deuda y servicios bancarios transaccionales. \u00a0<\/p>\t\t\t\t\t\t\t\t<\/div>\n\t\t\t\t<\/div>\n\t\t\t\t<\/div>\n\t\t\t\t\t<\/div>\n\t\t\t\t<\/div>\n\t\t<div class=\"elementor-element elementor-element-9ad407c e-flex e-con-boxed e-con e-parent\" data-id=\"9ad407c\" data-element_type=\"container\" data-settings=\"{&quot;background_background&quot;:&quot;classic&quot;}\">\n\t\t\t\t\t<div class=\"e-con-inner\">\n\t\t<div class=\"elementor-element elementor-element-01535ec e-con-full e-flex e-con e-child\" data-id=\"01535ec\" data-element_type=\"container\" data-settings=\"{&quot;background_background&quot;:&quot;classic&quot;}\">\n\t\t\t\t<div class=\"elementor-element elementor-element-7c84ddb elementor-widget elementor-widget-image\" data-id=\"7c84ddb\" data-element_type=\"widget\" data-widget_type=\"image.default\">\n\t\t\t\t<div class=\"elementor-widget-container\">\n\t\t\t\t\t\t\t\t\t\t\t\t\t\t\t<img loading=\"lazy\" decoding=\"async\" width=\"231\" height=\"300\" src=\"https:\/\/lnkbridge.com\/wp-content\/uploads\/2025\/06\/Ola-Fraczek-v3-231x300.jpg\" class=\"attachment-medium size-medium wp-image-1794\" alt=\"\" srcset=\"https:\/\/lnkbridge.com\/wp-content\/uploads\/2025\/06\/Ola-Fraczek-v3-231x300.jpg 231w, https:\/\/lnkbridge.com\/wp-content\/uploads\/2025\/06\/Ola-Fraczek-v3-9x12.jpg 9w, https:\/\/lnkbridge.com\/wp-content\/uploads\/2025\/06\/Ola-Fraczek-v3.jpg 500w\" sizes=\"(max-width: 231px) 100vw, 231px\" \/>\t\t\t\t\t\t\t\t\t\t\t\t\t\t\t<\/div>\n\t\t\t\t<\/div>\n\t\t\t\t<\/div>\n\t\t<div class=\"elementor-element elementor-element-10d506e e-con-full e-flex e-con e-child\" data-id=\"10d506e\" data-element_type=\"container\">\n\t\t\t\t<div class=\"elementor-element elementor-element-4ec4bf4 elementor-widget elementor-widget-heading\" data-id=\"4ec4bf4\" data-element_type=\"widget\" data-widget_type=\"heading.default\">\n\t\t\t\t<div class=\"elementor-widget-container\">\n\t\t\t\t\t<h4 class=\"elementor-heading-title elementor-size-default\">Aleksandra Fraczek&nbsp;<div>Socio, Asesor Legal y Estrategia Corporativa <\/div><\/h4>\t\t\t\t<\/div>\n\t\t\t\t<\/div>\n\t\t\t\t<div class=\"elementor-element elementor-element-aaf5a3f elementor-widget elementor-widget-text-editor\" data-id=\"aaf5a3f\" data-element_type=\"widget\" data-widget_type=\"text-editor.default\">\n\t\t\t\t<div class=\"elementor-widget-container\">\n\t\t\t\t\t\t\t\t\t<p style=\"font-weight: 400;\">Socio, Asesor Legal y Estrategia Corporativa. Graduado de la Facultad de Derecho y Administraci\u00f3n de la Universidad de Varsovia. Abogado, miembro del Colegio de Abogados de Varsovia.<\/p><p style=\"font-weight: 400;\">Miembro del Consejo de la Fundaci\u00f3n del Emblema Promocional Polaco 'Teraz Polska' (Ahora Polonia) \u2013 fundaci\u00f3n que promueve la imagen y la econom\u00eda de Polonia a nivel nacional e internacional. Experiencia en la administraci\u00f3n p\u00fablica, estructuras de organizaciones europeas, cooperaci\u00f3n con c\u00e1maras de empresarios, peque\u00f1as y grandes empresas.<\/p>\t\t\t\t\t\t\t\t<\/div>\n\t\t\t\t<\/div>\n\t\t\t\t<\/div>\n\t\t\t\t\t<\/div>\n\t\t\t\t<\/div>\n\t\t\t\t<\/div>","protected":false},"excerpt":{"rendered":"<p>Our Team Charles KujawskiFounder &amp; CEO Graduated from Harvard Business School, Universit\u00e9 du Qu\u00e9bec \u00e0 Montr\u00e9al and the SGH Warsaw School of Economics, having completed all foundational education in France and the UK. Over 20 years in Corporate and Investment Banking. Originated over US$ 30 billion of capital across Europe, Africa, the Middle East and [&hellip;]<\/p>","protected":false},"author":2,"featured_media":0,"parent":0,"menu_order":0,"comment_status":"closed","ping_status":"closed","template":"","meta":{"site-sidebar-layout":"default","site-content-layout":"page-builder","ast-site-content-layout":"full-width-container","site-content-style":"unboxed","site-sidebar-style":"unboxed","ast-global-header-display":"","ast-banner-title-visibility":"","ast-main-header-display":"","ast-hfb-above-header-display":"","ast-hfb-below-header-display":"","ast-hfb-mobile-header-display":"","site-post-title":"disabled","ast-breadcrumbs-content":"","ast-featured-img":"disabled","footer-sml-layout":"","theme-transparent-header-meta":"enabled","adv-header-id-meta":"","stick-header-meta":"","header-above-stick-meta":"","header-main-stick-meta":"","header-below-stick-meta":"","astra-migrate-meta-layouts":"set","ast-page-background-enabled":"default","ast-page-background-meta":{"desktop":{"background-color":"","background-image":"","background-repeat":"repeat","background-position":"center center","background-size":"auto","background-attachment":"scroll","background-type":"","background-media":"","overlay-type":"","overlay-color":"","overlay-opacity":"","overlay-gradient":""},"tablet":{"background-color":"","background-image":"","background-repeat":"repeat","background-position":"center center","background-size":"auto","background-attachment":"scroll","background-type":"","background-media":"","overlay-type":"","overlay-color":"","overlay-opacity":"","overlay-gradient":""},"mobile":{"background-color":"","background-image":"","background-repeat":"repeat","background-position":"center center","background-size":"auto","background-attachment":"scroll","background-type":"","background-media":"","overlay-type":"","overlay-color":"","overlay-opacity":"","overlay-gradient":""}},"ast-content-background-meta":{"desktop":{"background-color":"var(--ast-global-color-5)","background-image":"","background-repeat":"repeat","background-position":"center center","background-size":"auto","background-attachment":"scroll","background-type":"","background-media":"","overlay-type":"","overlay-color":"","overlay-opacity":"","overlay-gradient":""},"tablet":{"background-color":"var(--ast-global-color-5)","background-image":"","background-repeat":"repeat","background-position":"center center","background-size":"auto","background-attachment":"scroll","background-type":"","background-media":"","overlay-type":"","overlay-color":"","overlay-opacity":"","overlay-gradient":""},"mobile":{"background-color":"var(--ast-global-color-5)","background-image":"","background-repeat":"repeat","background-position":"center center","background-size":"auto","background-attachment":"scroll","background-type":"","background-media":"","overlay-type":"","overlay-color":"","overlay-opacity":"","overlay-gradient":""}},"footnotes":""},"class_list":["post-596","page","type-page","status-publish","hentry"],"yoast_head":"<!-- This site is optimized with the Yoast SEO plugin v24.7 - https:\/\/yoast.com\/wordpress\/plugins\/seo\/ -->\n<title>Team- LnkBridge Conseil &amp; Financement<\/title>\n<meta name=\"description\" content=\"Meet LnkBridge\u2019s team of seasoned investment banking and M&amp;A professionals delivering tailored financial structuring and transaction support worldwide. :contentReference[oaicite:4]{index=4}\" \/>\n<meta name=\"robots\" content=\"index, follow, max-snippet:-1, max-image-preview:large, max-video-preview:-1\" \/>\n<link rel=\"canonical\" href=\"https:\/\/lnkbridge.com\/es\/team\/\" \/>\n<meta property=\"og:locale\" content=\"es_ES\" \/>\n<meta property=\"og:type\" content=\"article\" \/>\n<meta property=\"og:title\" content=\"Team- LnkBridge Conseil &amp; Financement\" \/>\n<meta property=\"og:description\" content=\"Meet LnkBridge\u2019s team of seasoned investment banking and M&amp;A professionals delivering tailored financial structuring and transaction support worldwide. :contentReference[oaicite:4]{index=4}\" \/>\n<meta property=\"og:url\" content=\"https:\/\/lnkbridge.com\/es\/team\/\" \/>\n<meta property=\"article:modified_time\" content=\"2025-10-10T13:00:09+00:00\" \/>\n<meta property=\"og:image\" content=\"https:\/\/lnkbridge.com\/wp-content\/uploads\/2025\/05\/Charles-1.jpg\" \/>\n\t<meta property=\"og:image:width\" content=\"500\" \/>\n\t<meta property=\"og:image:height\" content=\"650\" \/>\n\t<meta property=\"og:image:type\" content=\"image\/jpeg\" \/>\n<meta name=\"twitter:card\" content=\"summary_large_image\" \/>\n<meta name=\"twitter:label1\" content=\"Tiempo de lectura\" \/>\n\t<meta name=\"twitter:data1\" content=\"3 minutos\" \/>\n<script type=\"application\/ld+json\" class=\"yoast-schema-graph\">{\"@context\":\"https:\/\/schema.org\",\"@graph\":[{\"@type\":\"WebPage\",\"@id\":\"https:\/\/lnkbridge.com\/team\/\",\"url\":\"https:\/\/lnkbridge.com\/team\/\",\"name\":\"Team- LnkBridge Conseil & Financement\",\"isPartOf\":{\"@id\":\"https:\/\/lnkbridge.com\/#website\"},\"primaryImageOfPage\":{\"@id\":\"https:\/\/lnkbridge.com\/team\/#primaryimage\"},\"image\":{\"@id\":\"https:\/\/lnkbridge.com\/team\/#primaryimage\"},\"thumbnailUrl\":\"https:\/\/lnkbridge.com\/wp-content\/uploads\/2025\/05\/Charles-1-231x300.jpg\",\"datePublished\":\"2025-03-30T17:32:21+00:00\",\"dateModified\":\"2025-10-10T13:00:09+00:00\",\"description\":\"Meet LnkBridge\u2019s team of seasoned investment banking and M&A professionals delivering tailored financial structuring and transaction support worldwide. :contentReference[oaicite:4]{index=4}\",\"breadcrumb\":{\"@id\":\"https:\/\/lnkbridge.com\/team\/#breadcrumb\"},\"inLanguage\":\"es\",\"potentialAction\":[{\"@type\":\"ReadAction\",\"target\":[\"https:\/\/lnkbridge.com\/team\/\"]}]},{\"@type\":\"ImageObject\",\"inLanguage\":\"es\",\"@id\":\"https:\/\/lnkbridge.com\/team\/#primaryimage\",\"url\":\"https:\/\/lnkbridge.com\/wp-content\/uploads\/2025\/05\/Charles-1-231x300.jpg\",\"contentUrl\":\"https:\/\/lnkbridge.com\/wp-content\/uploads\/2025\/05\/Charles-1-231x300.jpg\"},{\"@type\":\"BreadcrumbList\",\"@id\":\"https:\/\/lnkbridge.com\/team\/#breadcrumb\",\"itemListElement\":[{\"@type\":\"ListItem\",\"position\":1,\"name\":\"Home\",\"item\":\"https:\/\/lnkbridge.com\/\"},{\"@type\":\"ListItem\",\"position\":2,\"name\":\"Team\"}]},{\"@type\":\"WebSite\",\"@id\":\"https:\/\/lnkbridge.com\/#website\",\"url\":\"https:\/\/lnkbridge.com\/\",\"name\":\"\",\"description\":\"\",\"potentialAction\":[{\"@type\":\"SearchAction\",\"target\":{\"@type\":\"EntryPoint\",\"urlTemplate\":\"https:\/\/lnkbridge.com\/?s={search_term_string}\"},\"query-input\":{\"@type\":\"PropertyValueSpecification\",\"valueRequired\":true,\"valueName\":\"search_term_string\"}}],\"inLanguage\":\"es\"}]}<\/script>\n<!-- \/ Yoast SEO plugin. -->","yoast_head_json":{"title":"Team- LnkBridge Conseil & Financement","description":"Meet LnkBridge\u2019s team of seasoned investment banking and M&A professionals delivering tailored financial structuring and transaction support worldwide. :contentReference[oaicite:4]{index=4}","robots":{"index":"index","follow":"follow","max-snippet":"max-snippet:-1","max-image-preview":"max-image-preview:large","max-video-preview":"max-video-preview:-1"},"canonical":"https:\/\/lnkbridge.com\/es\/team\/","og_locale":"es_ES","og_type":"article","og_title":"Team- LnkBridge Conseil & Financement","og_description":"Meet LnkBridge\u2019s team of seasoned investment banking and M&A professionals delivering tailored financial structuring and transaction support worldwide. :contentReference[oaicite:4]{index=4}","og_url":"https:\/\/lnkbridge.com\/es\/team\/","article_modified_time":"2025-10-10T13:00:09+00:00","og_image":[{"width":500,"height":650,"url":"https:\/\/lnkbridge.com\/wp-content\/uploads\/2025\/05\/Charles-1.jpg","type":"image\/jpeg"}],"twitter_card":"summary_large_image","twitter_misc":{"Tiempo de lectura":"3 minutos"},"schema":{"@context":"https:\/\/schema.org","@graph":[{"@type":"WebPage","@id":"https:\/\/lnkbridge.com\/team\/","url":"https:\/\/lnkbridge.com\/team\/","name":"Team- LnkBridge Conseil & Financement","isPartOf":{"@id":"https:\/\/lnkbridge.com\/#website"},"primaryImageOfPage":{"@id":"https:\/\/lnkbridge.com\/team\/#primaryimage"},"image":{"@id":"https:\/\/lnkbridge.com\/team\/#primaryimage"},"thumbnailUrl":"https:\/\/lnkbridge.com\/wp-content\/uploads\/2025\/05\/Charles-1-231x300.jpg","datePublished":"2025-03-30T17:32:21+00:00","dateModified":"2025-10-10T13:00:09+00:00","description":"Meet LnkBridge\u2019s team of seasoned investment banking and M&A professionals delivering tailored financial structuring and transaction support worldwide. :contentReference[oaicite:4]{index=4}","breadcrumb":{"@id":"https:\/\/lnkbridge.com\/team\/#breadcrumb"},"inLanguage":"es","potentialAction":[{"@type":"ReadAction","target":["https:\/\/lnkbridge.com\/team\/"]}]},{"@type":"ImageObject","inLanguage":"es","@id":"https:\/\/lnkbridge.com\/team\/#primaryimage","url":"https:\/\/lnkbridge.com\/wp-content\/uploads\/2025\/05\/Charles-1-231x300.jpg","contentUrl":"https:\/\/lnkbridge.com\/wp-content\/uploads\/2025\/05\/Charles-1-231x300.jpg"},{"@type":"BreadcrumbList","@id":"https:\/\/lnkbridge.com\/team\/#breadcrumb","itemListElement":[{"@type":"ListItem","position":1,"name":"Home","item":"https:\/\/lnkbridge.com\/"},{"@type":"ListItem","position":2,"name":"Team"}]},{"@type":"WebSite","@id":"https:\/\/lnkbridge.com\/#website","url":"https:\/\/lnkbridge.com\/","name":"","description":"","potentialAction":[{"@type":"SearchAction","target":{"@type":"EntryPoint","urlTemplate":"https:\/\/lnkbridge.com\/?s={search_term_string}"},"query-input":{"@type":"PropertyValueSpecification","valueRequired":true,"valueName":"search_term_string"}}],"inLanguage":"es"}]}},"_links":{"self":[{"href":"https:\/\/lnkbridge.com\/es\/wp-json\/wp\/v2\/pages\/596","targetHints":{"allow":["GET"]}}],"collection":[{"href":"https:\/\/lnkbridge.com\/es\/wp-json\/wp\/v2\/pages"}],"about":[{"href":"https:\/\/lnkbridge.com\/es\/wp-json\/wp\/v2\/types\/page"}],"author":[{"embeddable":true,"href":"https:\/\/lnkbridge.com\/es\/wp-json\/wp\/v2\/users\/2"}],"replies":[{"embeddable":true,"href":"https:\/\/lnkbridge.com\/es\/wp-json\/wp\/v2\/comments?post=596"}],"version-history":[{"count":94,"href":"https:\/\/lnkbridge.com\/es\/wp-json\/wp\/v2\/pages\/596\/revisions"}],"predecessor-version":[{"id":1911,"href":"https:\/\/lnkbridge.com\/es\/wp-json\/wp\/v2\/pages\/596\/revisions\/1911"}],"wp:attachment":[{"href":"https:\/\/lnkbridge.com\/es\/wp-json\/wp\/v2\/media?parent=596"}],"curies":[{"name":"wp","href":"https:\/\/api.w.org\/{rel}","templated":true}]}}