{"id":128,"date":"2025-03-30T19:32:21","date_gmt":"2025-03-30T17:32:21","guid":{"rendered":"http:\/\/lnkbridge.com\/about\/"},"modified":"2025-06-18T12:37:43","modified_gmt":"2025-06-18T10:37:43","slug":"about","status":"publish","type":"page","link":"https:\/\/lnkbridge.com\/es\/about\/","title":{"rendered":"Acerca"},"content":{"rendered":"<div data-elementor-type=\"wp-post\" data-elementor-id=\"128\" class=\"elementor elementor-128\">\n\t\t\t\t<div class=\"elementor-element elementor-element-1337320 e-flex e-con-boxed e-con e-parent\" data-id=\"1337320\" data-element_type=\"container\" data-settings=\"{&quot;background_background&quot;:&quot;classic&quot;}\">\n\t\t\t\t\t<div class=\"e-con-inner\">\n\t\t<div class=\"elementor-element elementor-element-8c47842 e-con-full e-flex e-con e-child\" data-id=\"8c47842\" data-element_type=\"container\">\n\t\t\t\t<div class=\"elementor-element elementor-element-6020073 elementor-widget elementor-widget-heading\" data-id=\"6020073\" data-element_type=\"widget\" data-widget_type=\"heading.default\">\n\t\t\t\t<div class=\"elementor-widget-container\">\n\t\t\t\t\t<h1 class=\"elementor-heading-title elementor-size-default\">Acerca<\/h1>\t\t\t\t<\/div>\n\t\t\t\t<\/div>\n\t\t\t\t<\/div>\n\t\t\t\t\t<\/div>\n\t\t\t\t<\/div>\n\t\t<div class=\"elementor-element elementor-element-d6ed0c3 e-flex e-con-boxed e-con e-parent\" data-id=\"d6ed0c3\" data-element_type=\"container\" data-settings=\"{&quot;background_background&quot;:&quot;classic&quot;}\">\n\t\t\t\t\t<div class=\"e-con-inner\">\n\t\t<div class=\"elementor-element elementor-element-a914404 e-con-full e-flex e-con e-child\" data-id=\"a914404\" data-element_type=\"container\">\n\t\t\t\t<div class=\"elementor-element elementor-element-ccd6dc2 elementor-widget elementor-widget-heading\" data-id=\"ccd6dc2\" data-element_type=\"widget\" data-widget_type=\"heading.default\">\n\t\t\t\t<div class=\"elementor-widget-container\">\n\t\t\t\t\t<h3 class=\"elementor-heading-title elementor-size-default\">Sobre LnkBridge<\/h3>\t\t\t\t<\/div>\n\t\t\t\t<\/div>\n\t\t\t\t<div class=\"elementor-element elementor-element-c96c18c elementor-widget elementor-widget-text-editor\" data-id=\"c96c18c\" data-element_type=\"widget\" data-widget_type=\"text-editor.default\">\n\t\t\t\t<div class=\"elementor-widget-container\">\n\t\t\t\t\t\t\t\t\t<div><p>En LnkBridge, impulsamos a las empresas facilitando conexiones estrat\u00e9gicas con inversores, instituciones financieras (FIs), instituciones financieras no bancarias (NBFIs) y socios empresariales en todo el mundo. Nuestra red extensa, que abarca m\u00e1s de 50 pa\u00edses y 6 continentes, junto con nuestro profundo conocimiento de los mercados internacionales, sustentan nuestro \u00e9xito y el de nuestros clientes.<\/p><\/div><div><p>Aunque nuestro enfoque principal es el matchmaking empresarial global, la asesor\u00eda financiera y el apoyo en fusiones y adquisiciones, tambi\u00e9n aprovechamos nuestra red para conectar compradores y vendedores confiables siempre que esto se ajuste a las necesidades del cliente, creando oportunidades para transacciones y crecimiento mutuo.<\/p><\/div>\t\t\t\t\t\t\t\t<\/div>\n\t\t\t\t<\/div>\n\t\t\t\t<\/div>\n\t\t<div class=\"elementor-element elementor-element-a706181 e-con-full e-flex e-con e-child\" data-id=\"a706181\" data-element_type=\"container\" data-settings=\"{&quot;background_background&quot;:&quot;classic&quot;}\">\n\t\t\t\t<div class=\"elementor-element elementor-element-068e80d elementor-widget elementor-widget-image\" data-id=\"068e80d\" data-element_type=\"widget\" data-widget_type=\"image.default\">\n\t\t\t\t<div class=\"elementor-widget-container\">\n\t\t\t\t\t\t\t\t\t\t\t\t\t\t\t<img fetchpriority=\"high\" decoding=\"async\" width=\"1590\" height=\"1060\" src=\"https:\/\/lnkbridge.com\/wp-content\/uploads\/2025\/03\/AdobeStock_502007078.jpeg\" class=\"attachment-full size-full wp-image-1261\" alt=\"\" srcset=\"https:\/\/lnkbridge.com\/wp-content\/uploads\/2025\/03\/AdobeStock_502007078.jpeg 1590w, https:\/\/lnkbridge.com\/wp-content\/uploads\/2025\/03\/AdobeStock_502007078-300x200.jpeg 300w, https:\/\/lnkbridge.com\/wp-content\/uploads\/2025\/03\/AdobeStock_502007078-1024x683.jpeg 1024w, https:\/\/lnkbridge.com\/wp-content\/uploads\/2025\/03\/AdobeStock_502007078-768x512.jpeg 768w, https:\/\/lnkbridge.com\/wp-content\/uploads\/2025\/03\/AdobeStock_502007078-1536x1024.jpeg 1536w\" sizes=\"(max-width: 1590px) 100vw, 1590px\" \/>\t\t\t\t\t\t\t\t\t\t\t\t\t\t\t<\/div>\n\t\t\t\t<\/div>\n\t\t\t\t<\/div>\n\t\t\t\t\t<\/div>\n\t\t\t\t<\/div>\n\t\t<div class=\"elementor-element elementor-element-8ee5ef8 e-flex e-con-boxed e-con e-parent\" data-id=\"8ee5ef8\" data-element_type=\"container\">\n\t\t\t\t\t<div class=\"e-con-inner\">\n\t\t<div class=\"elementor-element elementor-element-fa54e5a e-con-full e-flex e-con e-child\" data-id=\"fa54e5a\" data-element_type=\"container\">\n\t\t\t\t<div class=\"elementor-element elementor-element-0f469a3 elementor-widget elementor-widget-heading\" data-id=\"0f469a3\" data-element_type=\"widget\" data-widget_type=\"heading.default\">\n\t\t\t\t<div class=\"elementor-widget-container\">\n\t\t\t\t\t<h3 class=\"elementor-heading-title elementor-size-default\">Nuestros Puntos Fuertes<\/h3>\t\t\t\t<\/div>\n\t\t\t\t<\/div>\n\t\t\t\t<div class=\"elementor-element elementor-element-a67cbc7 elementor-widget elementor-widget-text-editor\" data-id=\"a67cbc7\" data-element_type=\"widget\" data-widget_type=\"text-editor.default\">\n\t\t\t\t<div class=\"elementor-widget-container\">\n\t\t\t\t\t\t\t\t\t<p><span style=\"color: #000080;\"><strong>Global Network<\/strong><\/span><\/p><p>Nuestra experiencia abarca financiaci\u00f3n de proyectos, inversiones estrat\u00e9gicas, estructuraci\u00f3n financiera y fusiones y adquisiciones (M&amp;A). Dise\u00f1amos soluciones financieras a medida que apoyan el crecimiento, la escalabilidad y la transformaci\u00f3n corporativa.<\/p><p><span style=\"color: #000080;\"><strong>Asesor\u00eda de Capital<\/strong><\/span><\/p><p>Nuestra experiencia abarca financiamiento de proyectos, inversiones estrat\u00e9gicas, estructuraci\u00f3n financiera y fusiones y adquisiciones (M&amp;A). Dise\u00f1amos soluciones financieras a medida que apoyan el crecimiento, la escalabilidad y la transformaci\u00f3n corporativa.<\/p><p style=\"padding-left: 40px;\"><span style=\"color: #000080;\"><strong>Acceso al Capital de los Inversionistas<\/strong><\/span><\/p><div style=\"padding-left: 40px;\">Nos especializamos en obtener financiaci\u00f3n estrat\u00e9gico de firmas de gesti\u00f3n de activos, fondos de capital privado, capital de riesgo e inversores privados, asegurando que nuestros clientes tengan el capital necesario para cumplir sus metas.<br \/><em><br \/><\/em><\/div><p style=\"font-size: 16px; font-style: normal; padding-left: 40px;\"><span style=\"color: #000080;\"><strong>Acceso a Deuda\u00a0<br \/><\/strong><\/span><\/p><p style=\"padding-left: 40px;\">Nuestras relaciones establecidas con m\u00e1s de 150 bancos, financiaci\u00f3n privado y proveedores de financiaci\u00f3n alternativo nos permiten ofrecer soluciones financieras diversas y avanzadas, adaptadas a las necesidades espec\u00edficas de nuestros clientes.<\/p><div><p><strong><span style=\"color: #000080;\">Desarrollo Empresarial Internacional<\/span><\/strong><\/p><p>Nuestra red amplia tambi\u00e9n nos permite conectar compradores y vendedores confiables cuando surgen oportunidades, creando un entorno m\u00e1s amplio para transacciones y alianzas mutuamente beneficiosas.<\/p><\/div>\t\t\t\t\t\t\t\t<\/div>\n\t\t\t\t<\/div>\n\t\t\t\t<\/div>\n\t\t<div class=\"elementor-element elementor-element-b0e2680 e-con-full e-flex e-con e-child\" data-id=\"b0e2680\" data-element_type=\"container\" data-settings=\"{&quot;background_background&quot;:&quot;classic&quot;}\">\n\t\t\t\t<div class=\"elementor-element elementor-element-b2d990d elementor-widget elementor-widget-image\" data-id=\"b2d990d\" data-element_type=\"widget\" data-widget_type=\"image.default\">\n\t\t\t\t<div class=\"elementor-widget-container\">\n\t\t\t\t\t\t\t\t\t\t\t\t\t\t\t<img decoding=\"async\" width=\"1031\" height=\"1600\" src=\"https:\/\/lnkbridge.com\/wp-content\/uploads\/2025\/03\/AdobeStock_1033420980-2.jpg\" class=\"attachment-full size-full wp-image-1266\" alt=\"\" srcset=\"https:\/\/lnkbridge.com\/wp-content\/uploads\/2025\/03\/AdobeStock_1033420980-2.jpg 1031w, https:\/\/lnkbridge.com\/wp-content\/uploads\/2025\/03\/AdobeStock_1033420980-2-193x300.jpg 193w, https:\/\/lnkbridge.com\/wp-content\/uploads\/2025\/03\/AdobeStock_1033420980-2-660x1024.jpg 660w, https:\/\/lnkbridge.com\/wp-content\/uploads\/2025\/03\/AdobeStock_1033420980-2-768x1192.jpg 768w, https:\/\/lnkbridge.com\/wp-content\/uploads\/2025\/03\/AdobeStock_1033420980-2-990x1536.jpg 990w\" sizes=\"(max-width: 1031px) 100vw, 1031px\" \/>\t\t\t\t\t\t\t\t\t\t\t\t\t\t\t<\/div>\n\t\t\t\t<\/div>\n\t\t\t\t<\/div>\n\t\t\t\t\t<\/div>\n\t\t\t\t<\/div>\n\t\t<div class=\"elementor-element elementor-element-16041d7 e-flex e-con-boxed e-con e-parent\" data-id=\"16041d7\" data-element_type=\"container\">\n\t\t\t\t\t<div class=\"e-con-inner\">\n\t\t\t\t<div class=\"elementor-element elementor-element-d3c09e3 elementor-widget elementor-widget-heading\" data-id=\"d3c09e3\" data-element_type=\"widget\" data-widget_type=\"heading.default\">\n\t\t\t\t<div class=\"elementor-widget-container\">\n\t\t\t\t\t<h2 class=\"elementor-heading-title elementor-size-default\">Red Global de LnkBridge <br>M\u00e1s de 50 pa\u00edses en 6 continentes<\/h2>\t\t\t\t<\/div>\n\t\t\t\t<\/div>\n\t\t\t\t\t<\/div>\n\t\t\t\t<\/div>\n\t\t<div class=\"elementor-element elementor-element-0f8540c e-con-full e-flex e-con e-parent\" data-id=\"0f8540c\" data-element_type=\"container\" data-settings=\"{&quot;background_background&quot;:&quot;classic&quot;}\">\n\t\t<div class=\"elementor-element elementor-element-07dc55a e-con-full e-flex e-con e-child\" data-id=\"07dc55a\" data-element_type=\"container\">\n\t\t\t\t<\/div>\n\t\t\t\t<\/div>\n\t\t\t\t<\/div>","protected":false},"excerpt":{"rendered":"<p>About us About LnkBridge At LnkBridge, we empower businesses by facilitating strategic connections with Investors, financial institutions (FIs), non-banking financial institutions (NBFIs) and enterprise partners worldwide. Our extensive network across over 50 countries and 6 continents, coupled with our deep understanding of international markets, underpins our success and that of our Clients. While our primary [&hellip;]<\/p>","protected":false},"author":2,"featured_media":0,"parent":0,"menu_order":0,"comment_status":"closed","ping_status":"closed","template":"","meta":{"site-sidebar-layout":"default","site-content-layout":"page-builder","ast-site-content-layout":"full-width-container","site-content-style":"unboxed","site-sidebar-style":"unboxed","ast-global-header-display":"","ast-banner-title-visibility":"","ast-main-header-display":"","ast-hfb-above-header-display":"","ast-hfb-below-header-display":"","ast-hfb-mobile-header-display":"","site-post-title":"disabled","ast-breadcrumbs-content":"","ast-featured-img":"disabled","footer-sml-layout":"","theme-transparent-header-meta":"enabled","adv-header-id-meta":"","stick-header-meta":"","header-above-stick-meta":"","header-main-stick-meta":"","header-below-stick-meta":"","astra-migrate-meta-layouts":"set","ast-page-background-enabled":"default","ast-page-background-meta":{"desktop":{"background-color":"","background-image":"","background-repeat":"repeat","background-position":"center center","background-size":"auto","background-attachment":"scroll","background-type":"","background-media":"","overlay-type":"","overlay-color":"","overlay-opacity":"","overlay-gradient":""},"tablet":{"background-color":"","background-image":"","background-repeat":"repeat","background-position":"center center","background-size":"auto","background-attachment":"scroll","background-type":"","background-media":"","overlay-type":"","overlay-color":"","overlay-opacity":"","overlay-gradient":""},"mobile":{"background-color":"","background-image":"","background-repeat":"repeat","background-position":"center center","background-size":"auto","background-attachment":"scroll","background-type":"","background-media":"","overlay-type":"","overlay-color":"","overlay-opacity":"","overlay-gradient":""}},"ast-content-background-meta":{"desktop":{"background-color":"var(--ast-global-color-5)","background-image":"","background-repeat":"repeat","background-position":"center center","background-size":"auto","background-attachment":"scroll","background-type":"","background-media":"","overlay-type":"","overlay-color":"","overlay-opacity":"","overlay-gradient":""},"tablet":{"background-color":"var(--ast-global-color-5)","background-image":"","background-repeat":"repeat","background-position":"center center","background-size":"auto","background-attachment":"scroll","background-type":"","background-media":"","overlay-type":"","overlay-color":"","overlay-opacity":"","overlay-gradient":""},"mobile":{"background-color":"var(--ast-global-color-5)","background-image":"","background-repeat":"repeat","background-position":"center center","background-size":"auto","background-attachment":"scroll","background-type":"","background-media":"","overlay-type":"","overlay-color":"","overlay-opacity":"","overlay-gradient":""}},"footnotes":""},"class_list":["post-128","page","type-page","status-publish","hentry"],"yoast_head":"<!-- This site is optimized with the Yoast SEO plugin v24.7 - https:\/\/yoast.com\/wordpress\/plugins\/seo\/ -->\n<title>About LnkBridge \u2013 International Finance &amp; Business Consulting<\/title>\n<meta name=\"description\" content=\"Learn how LnkBridge connects companies with investors, banks and global partners across 50+ countries. Expertise in financing, M&amp;A and trade facilitation. :contentReference[oaicite:3]{index=3}\" \/>\n<meta name=\"robots\" content=\"index, follow, max-snippet:-1, max-image-preview:large, max-video-preview:-1\" \/>\n<link rel=\"canonical\" href=\"https:\/\/lnkbridge.com\/es\/about\/\" \/>\n<meta property=\"og:locale\" content=\"es_ES\" \/>\n<meta property=\"og:type\" content=\"article\" \/>\n<meta property=\"og:title\" content=\"About LnkBridge \u2013 International Finance &amp; Business Consulting\" \/>\n<meta property=\"og:description\" content=\"Learn how LnkBridge connects companies with investors, banks and global partners across 50+ countries. Expertise in financing, M&amp;A and trade facilitation. :contentReference[oaicite:3]{index=3}\" \/>\n<meta property=\"og:url\" content=\"https:\/\/lnkbridge.com\/es\/about\/\" \/>\n<meta property=\"article:modified_time\" content=\"2025-06-18T10:37:43+00:00\" \/>\n<meta property=\"og:image\" content=\"https:\/\/lnkbridge.com\/wp-content\/uploads\/2025\/03\/AdobeStock_502007078.jpeg\" \/>\n<meta name=\"twitter:card\" content=\"summary_large_image\" \/>\n<meta name=\"twitter:label1\" content=\"Tiempo de lectura\" \/>\n\t<meta name=\"twitter:data1\" content=\"2 minutos\" \/>\n<script type=\"application\/ld+json\" class=\"yoast-schema-graph\">{\"@context\":\"https:\/\/schema.org\",\"@graph\":[{\"@type\":\"WebPage\",\"@id\":\"https:\/\/lnkbridge.com\/about\/\",\"url\":\"https:\/\/lnkbridge.com\/about\/\",\"name\":\"About LnkBridge \u2013 International Finance & Business Consulting\",\"isPartOf\":{\"@id\":\"https:\/\/lnkbridge.com\/#website\"},\"primaryImageOfPage\":{\"@id\":\"https:\/\/lnkbridge.com\/about\/#primaryimage\"},\"image\":{\"@id\":\"https:\/\/lnkbridge.com\/about\/#primaryimage\"},\"thumbnailUrl\":\"https:\/\/lnkbridge.com\/wp-content\/uploads\/2025\/03\/AdobeStock_502007078.jpeg\",\"datePublished\":\"2025-03-30T17:32:21+00:00\",\"dateModified\":\"2025-06-18T10:37:43+00:00\",\"description\":\"Learn how LnkBridge connects companies with investors, banks and global partners across 50+ countries. Expertise in financing, M&A and trade facilitation. :contentReference[oaicite:3]{index=3}\",\"breadcrumb\":{\"@id\":\"https:\/\/lnkbridge.com\/about\/#breadcrumb\"},\"inLanguage\":\"es\",\"potentialAction\":[{\"@type\":\"ReadAction\",\"target\":[\"https:\/\/lnkbridge.com\/about\/\"]}]},{\"@type\":\"ImageObject\",\"inLanguage\":\"es\",\"@id\":\"https:\/\/lnkbridge.com\/about\/#primaryimage\",\"url\":\"https:\/\/lnkbridge.com\/wp-content\/uploads\/2025\/03\/AdobeStock_502007078.jpeg\",\"contentUrl\":\"https:\/\/lnkbridge.com\/wp-content\/uploads\/2025\/03\/AdobeStock_502007078.jpeg\"},{\"@type\":\"BreadcrumbList\",\"@id\":\"https:\/\/lnkbridge.com\/about\/#breadcrumb\",\"itemListElement\":[{\"@type\":\"ListItem\",\"position\":1,\"name\":\"Home\",\"item\":\"https:\/\/lnkbridge.com\/\"},{\"@type\":\"ListItem\",\"position\":2,\"name\":\"About\"}]},{\"@type\":\"WebSite\",\"@id\":\"https:\/\/lnkbridge.com\/#website\",\"url\":\"https:\/\/lnkbridge.com\/\",\"name\":\"\",\"description\":\"\",\"potentialAction\":[{\"@type\":\"SearchAction\",\"target\":{\"@type\":\"EntryPoint\",\"urlTemplate\":\"https:\/\/lnkbridge.com\/?s={search_term_string}\"},\"query-input\":{\"@type\":\"PropertyValueSpecification\",\"valueRequired\":true,\"valueName\":\"search_term_string\"}}],\"inLanguage\":\"es\"}]}<\/script>\n<!-- \/ Yoast SEO plugin. -->","yoast_head_json":{"title":"About LnkBridge \u2013 International Finance & Business Consulting","description":"Learn how LnkBridge connects companies with investors, banks and global partners across 50+ countries. Expertise in financing, M&A and trade facilitation. :contentReference[oaicite:3]{index=3}","robots":{"index":"index","follow":"follow","max-snippet":"max-snippet:-1","max-image-preview":"max-image-preview:large","max-video-preview":"max-video-preview:-1"},"canonical":"https:\/\/lnkbridge.com\/es\/about\/","og_locale":"es_ES","og_type":"article","og_title":"About LnkBridge \u2013 International Finance & Business Consulting","og_description":"Learn how LnkBridge connects companies with investors, banks and global partners across 50+ countries. Expertise in financing, M&A and trade facilitation. :contentReference[oaicite:3]{index=3}","og_url":"https:\/\/lnkbridge.com\/es\/about\/","article_modified_time":"2025-06-18T10:37:43+00:00","og_image":[{"url":"https:\/\/lnkbridge.com\/wp-content\/uploads\/2025\/03\/AdobeStock_502007078.jpeg","type":"","width":"","height":""}],"twitter_card":"summary_large_image","twitter_misc":{"Tiempo de lectura":"2 minutos"},"schema":{"@context":"https:\/\/schema.org","@graph":[{"@type":"WebPage","@id":"https:\/\/lnkbridge.com\/about\/","url":"https:\/\/lnkbridge.com\/about\/","name":"About LnkBridge \u2013 International Finance & Business Consulting","isPartOf":{"@id":"https:\/\/lnkbridge.com\/#website"},"primaryImageOfPage":{"@id":"https:\/\/lnkbridge.com\/about\/#primaryimage"},"image":{"@id":"https:\/\/lnkbridge.com\/about\/#primaryimage"},"thumbnailUrl":"https:\/\/lnkbridge.com\/wp-content\/uploads\/2025\/03\/AdobeStock_502007078.jpeg","datePublished":"2025-03-30T17:32:21+00:00","dateModified":"2025-06-18T10:37:43+00:00","description":"Learn how LnkBridge connects companies with investors, banks and global partners across 50+ countries. Expertise in financing, M&A and trade facilitation. :contentReference[oaicite:3]{index=3}","breadcrumb":{"@id":"https:\/\/lnkbridge.com\/about\/#breadcrumb"},"inLanguage":"es","potentialAction":[{"@type":"ReadAction","target":["https:\/\/lnkbridge.com\/about\/"]}]},{"@type":"ImageObject","inLanguage":"es","@id":"https:\/\/lnkbridge.com\/about\/#primaryimage","url":"https:\/\/lnkbridge.com\/wp-content\/uploads\/2025\/03\/AdobeStock_502007078.jpeg","contentUrl":"https:\/\/lnkbridge.com\/wp-content\/uploads\/2025\/03\/AdobeStock_502007078.jpeg"},{"@type":"BreadcrumbList","@id":"https:\/\/lnkbridge.com\/about\/#breadcrumb","itemListElement":[{"@type":"ListItem","position":1,"name":"Home","item":"https:\/\/lnkbridge.com\/"},{"@type":"ListItem","position":2,"name":"About"}]},{"@type":"WebSite","@id":"https:\/\/lnkbridge.com\/#website","url":"https:\/\/lnkbridge.com\/","name":"","description":"","potentialAction":[{"@type":"SearchAction","target":{"@type":"EntryPoint","urlTemplate":"https:\/\/lnkbridge.com\/?s={search_term_string}"},"query-input":{"@type":"PropertyValueSpecification","valueRequired":true,"valueName":"search_term_string"}}],"inLanguage":"es"}]}},"_links":{"self":[{"href":"https:\/\/lnkbridge.com\/es\/wp-json\/wp\/v2\/pages\/128","targetHints":{"allow":["GET"]}}],"collection":[{"href":"https:\/\/lnkbridge.com\/es\/wp-json\/wp\/v2\/pages"}],"about":[{"href":"https:\/\/lnkbridge.com\/es\/wp-json\/wp\/v2\/types\/page"}],"author":[{"embeddable":true,"href":"https:\/\/lnkbridge.com\/es\/wp-json\/wp\/v2\/users\/2"}],"replies":[{"embeddable":true,"href":"https:\/\/lnkbridge.com\/es\/wp-json\/wp\/v2\/comments?post=128"}],"version-history":[{"count":85,"href":"https:\/\/lnkbridge.com\/es\/wp-json\/wp\/v2\/pages\/128\/revisions"}],"predecessor-version":[{"id":1808,"href":"https:\/\/lnkbridge.com\/es\/wp-json\/wp\/v2\/pages\/128\/revisions\/1808"}],"wp:attachment":[{"href":"https:\/\/lnkbridge.com\/es\/wp-json\/wp\/v2\/media?parent=128"}],"curies":[{"name":"wp","href":"https:\/\/api.w.org\/{rel}","templated":true}]}}