{"id":127,"date":"2025-03-30T19:32:21","date_gmt":"2025-03-30T17:32:21","guid":{"rendered":"http:\/\/lnkbridge.com\/home\/"},"modified":"2025-10-10T12:35:17","modified_gmt":"2025-10-10T10:35:17","slug":"home","status":"publish","type":"page","link":"https:\/\/lnkbridge.com\/es\/","title":{"rendered":"P\u00e1gina principal"},"content":{"rendered":"<div data-elementor-type=\"wp-page\" data-elementor-id=\"127\" class=\"elementor elementor-127\">\n\t\t\t\t<div class=\"elementor-element elementor-element-816bc2e e-flex e-con-boxed e-con e-parent\" data-id=\"816bc2e\" data-element_type=\"container\" data-settings=\"{&quot;background_background&quot;:&quot;classic&quot;}\">\n\t\t\t\t\t<div class=\"e-con-inner\">\n\t\t\t\t\t<\/div>\n\t\t\t\t<\/div>\n\t\t<div class=\"elementor-element elementor-element-03d5ac0 e-flex e-con-boxed e-con e-parent\" data-id=\"03d5ac0\" data-element_type=\"container\">\n\t\t\t\t\t<div class=\"e-con-inner\">\n\t\t\t\t<div class=\"elementor-element elementor-element-91edc4f elementor-widget elementor-widget-text-editor\" data-id=\"91edc4f\" data-element_type=\"widget\" data-widget_type=\"text-editor.default\">\n\t\t\t\t<div class=\"elementor-widget-container\">\n\t\t\t\t\t\t\t\t\t<p style=\"font-weight: 400;\"><strong>Conectando Inversores con los proyectos adecuados y vinculando Compradores y Vendedores de confianza para el \u00e9xito mutuo.<\/strong><\/p>\t\t\t\t\t\t\t\t<\/div>\n\t\t\t\t<\/div>\n\t\t\t\t<div class=\"elementor-element elementor-element-5792b1d elementor-widget elementor-widget-image\" data-id=\"5792b1d\" data-element_type=\"widget\" data-widget_type=\"image.default\">\n\t\t\t\t<div class=\"elementor-widget-container\">\n\t\t\t\t\t\t\t\t\t\t\t\t\t\t\t<img decoding=\"async\" src=\"https:\/\/lnkbridge.com\/wp-content\/uploads\/elementor\/thumbs\/FIN-LNKBRIDGE-LOGO-v5-rcyq5k6ie44wc8ukmyeo10g4zyrodz4324t2tca4zq.png\" title=\"FIN-LNKBRIDGE-LOGO-v5\" alt=\"FIN-LNKBRIDGE-LOGO-v5\" loading=\"lazy\" \/>\t\t\t\t\t\t\t\t\t\t\t\t\t\t\t<\/div>\n\t\t\t\t<\/div>\n\t\t\t\t\t<\/div>\n\t\t\t\t<\/div>\n\t\t<div class=\"elementor-element elementor-element-bc3512a e-flex e-con-boxed e-con e-parent\" data-id=\"bc3512a\" data-element_type=\"container\" data-settings=\"{&quot;background_background&quot;:&quot;classic&quot;}\">\n\t\t\t\t\t<div class=\"e-con-inner\">\n\t\t<div class=\"elementor-element elementor-element-c730a48 e-con-full e-flex e-con e-child\" data-id=\"c730a48\" data-element_type=\"container\">\n\t\t\t\t<div class=\"elementor-element elementor-element-669418a elementor-widget elementor-widget-heading\" data-id=\"669418a\" data-element_type=\"widget\" data-widget_type=\"heading.default\">\n\t\t\t\t<div class=\"elementor-widget-container\">\n\t\t\t\t\t<h2 class=\"elementor-heading-title elementor-size-default\">NUESTROS SERVICIOS<\/h2>\t\t\t\t<\/div>\n\t\t\t\t<\/div>\n\t\t\t\t<div class=\"elementor-element elementor-element-bdec0a5 elementor-widget elementor-widget-text-editor\" data-id=\"bdec0a5\" data-element_type=\"widget\" data-widget_type=\"text-editor.default\">\n\t\t\t\t<div class=\"elementor-widget-container\">\n\t\t\t\t\t\t\t\t\t<p style=\"font-weight: 400;\">En LnkBridge, ofrecemos servicios y soluciones adaptados a sus necesidades, ya sea que requiera financiamiento de capital y deuda o soluciones para el comercio global y la expansi\u00f3n internacional de negocios. Nuestro equipo de expertos proporciona soluciones personalizadas que fomentan el crecimiento y la escalabilidad.<\/p>\t\t\t\t\t\t\t\t<\/div>\n\t\t\t\t<\/div>\n\t\t\t\t<\/div>\n\t\t\t\t\t<\/div>\n\t\t\t\t<\/div>\n\t\t<div class=\"elementor-element elementor-element-4d58789 e-con-full e-flex e-con e-parent\" data-id=\"4d58789\" data-element_type=\"container\" data-settings=\"{&quot;background_background&quot;:&quot;classic&quot;}\">\n\t\t\t\t<div class=\"elementor-element elementor-element-35293e4 elementor-widget elementor-widget-heading\" data-id=\"35293e4\" data-element_type=\"widget\" data-widget_type=\"heading.default\">\n\t\t\t\t<div class=\"elementor-widget-container\">\n\t\t\t\t\t<h3 class=\"elementor-heading-title elementor-size-default\">Red Global de LnkBridge <br>M\u00e1s de 50 pa\u00edses en 6 continentes<\/h3>\t\t\t\t<\/div>\n\t\t\t\t<\/div>\n\t\t\t\t<\/div>\n\t\t<div class=\"elementor-element elementor-element-28c4e90 e-con-full e-flex e-con e-parent\" data-id=\"28c4e90\" data-element_type=\"container\">\n\t\t<div class=\"elementor-element elementor-element-f6c2b59 e-con-full e-flex e-con e-child\" data-id=\"f6c2b59\" data-element_type=\"container\">\n\t\t<div class=\"elementor-element elementor-element-e4c314a e-con-full e-flex e-con e-child\" data-id=\"e4c314a\" data-element_type=\"container\">\n\t\t\t\t<div class=\"elementor-element elementor-element-c924289 elementor-widget elementor-widget-heading\" data-id=\"c924289\" data-element_type=\"widget\" data-widget_type=\"heading.default\">\n\t\t\t\t<div class=\"elementor-widget-container\">\n\t\t\t\t\t<h2 class=\"elementor-heading-title elementor-size-default\">QUI\u00c9NES SOMOS<\/h2>\t\t\t\t<\/div>\n\t\t\t\t<\/div>\n\t\t\t\t<div class=\"elementor-element elementor-element-2a0705e elementor-widget elementor-widget-text-editor\" data-id=\"2a0705e\" data-element_type=\"widget\" data-widget_type=\"text-editor.default\">\n\t\t\t\t<div class=\"elementor-widget-container\">\n\t\t\t\t\t\t\t\t\t<div>\n<p><b>LnkBridge es una firma global de matchmaking empresarial y consultor\u00eda financiera con socios en m\u00e1s de 50 pa\u00edses y 6 continentes: Europa, Am\u00e9rica \u00c1frica, Oriente Medio, Asia y Ocean\u00eda.<\/b><\/p><p><b><br><\/b><\/p>\n<\/div>\n<div>\n<p>Nuestros expertos aportan m\u00e1s de 20 a\u00f1os de experiencia en negocios globales y en banca corporativa y de inversi\u00f3n. <span style=\"font-size: 16px;\">Estamos especializados en conectar inversores y bancos con los proyectos y empresas adecuados, ofreciendo orientaci\u00f3n sobre soluciones financieras avanzadas e innovadoras para el financiamiento estrat\u00e9gico de proyectos. Nuestra experiencia tambi\u00e9n incluye asesoramiento en fusiones y adquisiciones (M&amp;A) para apoyar el crecimiento y la reestructuraci\u00f3n empresarial. Adem\u00e1s, facilitamos conexiones entre compradores y vendedores confiables para promover beneficios mutuos.<\/span><\/p><p><span style=\"font-size: 16px;\"><br><\/span><\/p>\n<\/div>\n<div>\n<p>Somos un equipo que se dedica a construir relaciones comerciales exitosas a largo plazo. Es por eso, que actuamos como un socio clave para la expansi\u00f3n empresarial, la b\u00fasqueda de inversiones y la facilitaci\u00f3n del comercio global.<\/p>\n<\/div>\t\t\t\t\t\t\t\t<\/div>\n\t\t\t\t<\/div>\n\t\t\t\t<\/div>\n\t\t\t\t<\/div>\n\t\t\t\t<\/div>\n\t\t\t\t<\/div>","protected":false},"excerpt":{"rendered":"<p>Bridging Investors with the right projects and connecting Trusted Buyers and Sellers for mutual success. OUR SERVICES At LnkBridge, we provide services and solutions tailored to your needs, whether you require equity and debt funding or solutions for global trade and international business expansion. Our team of experts delivers customized solutions that foster growth and [&hellip;]<\/p>","protected":false},"author":2,"featured_media":0,"parent":0,"menu_order":0,"comment_status":"closed","ping_status":"closed","template":"","meta":{"site-sidebar-layout":"default","site-content-layout":"page-builder","ast-site-content-layout":"full-width-container","site-content-style":"unboxed","site-sidebar-style":"unboxed","ast-global-header-display":"","ast-banner-title-visibility":"","ast-main-header-display":"","ast-hfb-above-header-display":"","ast-hfb-below-header-display":"","ast-hfb-mobile-header-display":"","site-post-title":"disabled","ast-breadcrumbs-content":"","ast-featured-img":"disabled","footer-sml-layout":"","theme-transparent-header-meta":"enabled","adv-header-id-meta":"","stick-header-meta":"","header-above-stick-meta":"","header-main-stick-meta":"","header-below-stick-meta":"","astra-migrate-meta-layouts":"set","ast-page-background-enabled":"default","ast-page-background-meta":{"desktop":{"background-color":"","background-image":"","background-repeat":"repeat","background-position":"center center","background-size":"auto","background-attachment":"scroll","background-type":"","background-media":"","overlay-type":"","overlay-color":"","overlay-opacity":"","overlay-gradient":""},"tablet":{"background-color":"","background-image":"","background-repeat":"repeat","background-position":"center center","background-size":"auto","background-attachment":"scroll","background-type":"","background-media":"","overlay-type":"","overlay-color":"","overlay-opacity":"","overlay-gradient":""},"mobile":{"background-color":"","background-image":"","background-repeat":"repeat","background-position":"center center","background-size":"auto","background-attachment":"scroll","background-type":"","background-media":"","overlay-type":"","overlay-color":"","overlay-opacity":"","overlay-gradient":""}},"ast-content-background-meta":{"desktop":{"background-color":"var(--ast-global-color-5)","background-image":"","background-repeat":"repeat","background-position":"center center","background-size":"auto","background-attachment":"scroll","background-type":"","background-media":"","overlay-type":"","overlay-color":"","overlay-opacity":"","overlay-gradient":""},"tablet":{"background-color":"var(--ast-global-color-5)","background-image":"","background-repeat":"repeat","background-position":"center center","background-size":"auto","background-attachment":"scroll","background-type":"","background-media":"","overlay-type":"","overlay-color":"","overlay-opacity":"","overlay-gradient":""},"mobile":{"background-color":"var(--ast-global-color-5)","background-image":"","background-repeat":"repeat","background-position":"center center","background-size":"auto","background-attachment":"scroll","background-type":"","background-media":"","overlay-type":"","overlay-color":"","overlay-opacity":"","overlay-gradient":""}},"footnotes":""},"class_list":["post-127","page","type-page","status-publish","hentry"],"yoast_head":"<!-- This site is optimized with the Yoast SEO plugin v24.7 - https:\/\/yoast.com\/wordpress\/plugins\/seo\/ -->\n<title>LnkBridge \u2013 Global Business Matchmaking &amp; Consulting<\/title>\n<meta name=\"description\" content=\"LnkBridge is a global business matchmaking and financial consulting firm operating in 50+ countries, offering tailored financing, M&amp;A advisory, and international trade facilitation. :contentReference[oaicite:1]{index=1}\" \/>\n<meta name=\"robots\" content=\"index, follow, max-snippet:-1, max-image-preview:large, max-video-preview:-1\" \/>\n<link rel=\"canonical\" href=\"https:\/\/lnkbridge.com\/es\/\" \/>\n<meta property=\"og:locale\" content=\"es_ES\" \/>\n<meta property=\"og:type\" content=\"article\" \/>\n<meta property=\"og:title\" content=\"LnkBridge \u2013 Global Business Matchmaking &amp; Consulting\" \/>\n<meta property=\"og:description\" content=\"LnkBridge is a global business matchmaking and financial consulting firm operating in 50+ countries, offering tailored financing, M&amp;A advisory, and international trade facilitation. :contentReference[oaicite:1]{index=1}\" \/>\n<meta property=\"og:url\" content=\"https:\/\/lnkbridge.com\/es\/\" \/>\n<meta property=\"article:modified_time\" content=\"2025-10-10T10:35:17+00:00\" \/>\n<meta property=\"og:image\" content=\"https:\/\/lnkbridge.com\/wp-content\/uploads\/elementor\/thumbs\/FIN-LNKBRIDGE-LOGO-v5-rcyq5k6ie44wc8ukmyeo10g4zyrodz4324t2tca4zq.png\" \/>\n<meta name=\"twitter:card\" content=\"summary_large_image\" \/>\n<meta name=\"twitter:label1\" content=\"Tiempo de lectura\" \/>\n\t<meta name=\"twitter:data1\" content=\"2 minutos\" \/>\n<script type=\"application\/ld+json\" class=\"yoast-schema-graph\">{\"@context\":\"https:\/\/schema.org\",\"@graph\":[{\"@type\":\"WebPage\",\"@id\":\"https:\/\/lnkbridge.com\/\",\"url\":\"https:\/\/lnkbridge.com\/\",\"name\":\"LnkBridge \u2013 Global Business Matchmaking & Consulting\",\"isPartOf\":{\"@id\":\"https:\/\/lnkbridge.com\/#website\"},\"primaryImageOfPage\":{\"@id\":\"https:\/\/lnkbridge.com\/#primaryimage\"},\"image\":{\"@id\":\"https:\/\/lnkbridge.com\/#primaryimage\"},\"thumbnailUrl\":\"https:\/\/lnkbridge.com\/wp-content\/uploads\/elementor\/thumbs\/FIN-LNKBRIDGE-LOGO-v5-rcyq5k6ie44wc8ukmyeo10g4zyrodz4324t2tca4zq.png\",\"datePublished\":\"2025-03-30T17:32:21+00:00\",\"dateModified\":\"2025-10-10T10:35:17+00:00\",\"description\":\"LnkBridge is a global business matchmaking and financial consulting firm operating in 50+ countries, offering tailored financing, M&A advisory, and international trade facilitation. :contentReference[oaicite:1]{index=1}\",\"breadcrumb\":{\"@id\":\"https:\/\/lnkbridge.com\/#breadcrumb\"},\"inLanguage\":\"es\",\"potentialAction\":[{\"@type\":\"ReadAction\",\"target\":[\"https:\/\/lnkbridge.com\/\"]}]},{\"@type\":\"ImageObject\",\"inLanguage\":\"es\",\"@id\":\"https:\/\/lnkbridge.com\/#primaryimage\",\"url\":\"https:\/\/lnkbridge.com\/wp-content\/uploads\/elementor\/thumbs\/FIN-LNKBRIDGE-LOGO-v5-rcyq5k6ie44wc8ukmyeo10g4zyrodz4324t2tca4zq.png\",\"contentUrl\":\"https:\/\/lnkbridge.com\/wp-content\/uploads\/elementor\/thumbs\/FIN-LNKBRIDGE-LOGO-v5-rcyq5k6ie44wc8ukmyeo10g4zyrodz4324t2tca4zq.png\"},{\"@type\":\"BreadcrumbList\",\"@id\":\"https:\/\/lnkbridge.com\/#breadcrumb\",\"itemListElement\":[{\"@type\":\"ListItem\",\"position\":1,\"name\":\"Home\",\"item\":\"https:\/\/lnkbridge.com\/\"},{\"@type\":\"ListItem\",\"position\":2,\"name\":\"Home\"}]},{\"@type\":\"WebSite\",\"@id\":\"https:\/\/lnkbridge.com\/#website\",\"url\":\"https:\/\/lnkbridge.com\/\",\"name\":\"\",\"description\":\"\",\"potentialAction\":[{\"@type\":\"SearchAction\",\"target\":{\"@type\":\"EntryPoint\",\"urlTemplate\":\"https:\/\/lnkbridge.com\/?s={search_term_string}\"},\"query-input\":{\"@type\":\"PropertyValueSpecification\",\"valueRequired\":true,\"valueName\":\"search_term_string\"}}],\"inLanguage\":\"es\"}]}<\/script>\n<!-- \/ Yoast SEO plugin. -->","yoast_head_json":{"title":"LnkBridge \u2013 Global Business Matchmaking & Consulting","description":"LnkBridge is a global business matchmaking and financial consulting firm operating in 50+ countries, offering tailored financing, M&A advisory, and international trade facilitation. :contentReference[oaicite:1]{index=1}","robots":{"index":"index","follow":"follow","max-snippet":"max-snippet:-1","max-image-preview":"max-image-preview:large","max-video-preview":"max-video-preview:-1"},"canonical":"https:\/\/lnkbridge.com\/es\/","og_locale":"es_ES","og_type":"article","og_title":"LnkBridge \u2013 Global Business Matchmaking & Consulting","og_description":"LnkBridge is a global business matchmaking and financial consulting firm operating in 50+ countries, offering tailored financing, M&A advisory, and international trade facilitation. :contentReference[oaicite:1]{index=1}","og_url":"https:\/\/lnkbridge.com\/es\/","article_modified_time":"2025-10-10T10:35:17+00:00","og_image":[{"url":"https:\/\/lnkbridge.com\/wp-content\/uploads\/elementor\/thumbs\/FIN-LNKBRIDGE-LOGO-v5-rcyq5k6ie44wc8ukmyeo10g4zyrodz4324t2tca4zq.png","type":"","width":"","height":""}],"twitter_card":"summary_large_image","twitter_misc":{"Tiempo de lectura":"2 minutos"},"schema":{"@context":"https:\/\/schema.org","@graph":[{"@type":"WebPage","@id":"https:\/\/lnkbridge.com\/","url":"https:\/\/lnkbridge.com\/","name":"LnkBridge \u2013 Global Business Matchmaking & Consulting","isPartOf":{"@id":"https:\/\/lnkbridge.com\/#website"},"primaryImageOfPage":{"@id":"https:\/\/lnkbridge.com\/#primaryimage"},"image":{"@id":"https:\/\/lnkbridge.com\/#primaryimage"},"thumbnailUrl":"https:\/\/lnkbridge.com\/wp-content\/uploads\/elementor\/thumbs\/FIN-LNKBRIDGE-LOGO-v5-rcyq5k6ie44wc8ukmyeo10g4zyrodz4324t2tca4zq.png","datePublished":"2025-03-30T17:32:21+00:00","dateModified":"2025-10-10T10:35:17+00:00","description":"LnkBridge is a global business matchmaking and financial consulting firm operating in 50+ countries, offering tailored financing, M&A advisory, and international trade facilitation. :contentReference[oaicite:1]{index=1}","breadcrumb":{"@id":"https:\/\/lnkbridge.com\/#breadcrumb"},"inLanguage":"es","potentialAction":[{"@type":"ReadAction","target":["https:\/\/lnkbridge.com\/"]}]},{"@type":"ImageObject","inLanguage":"es","@id":"https:\/\/lnkbridge.com\/#primaryimage","url":"https:\/\/lnkbridge.com\/wp-content\/uploads\/elementor\/thumbs\/FIN-LNKBRIDGE-LOGO-v5-rcyq5k6ie44wc8ukmyeo10g4zyrodz4324t2tca4zq.png","contentUrl":"https:\/\/lnkbridge.com\/wp-content\/uploads\/elementor\/thumbs\/FIN-LNKBRIDGE-LOGO-v5-rcyq5k6ie44wc8ukmyeo10g4zyrodz4324t2tca4zq.png"},{"@type":"BreadcrumbList","@id":"https:\/\/lnkbridge.com\/#breadcrumb","itemListElement":[{"@type":"ListItem","position":1,"name":"Home","item":"https:\/\/lnkbridge.com\/"},{"@type":"ListItem","position":2,"name":"Home"}]},{"@type":"WebSite","@id":"https:\/\/lnkbridge.com\/#website","url":"https:\/\/lnkbridge.com\/","name":"","description":"","potentialAction":[{"@type":"SearchAction","target":{"@type":"EntryPoint","urlTemplate":"https:\/\/lnkbridge.com\/?s={search_term_string}"},"query-input":{"@type":"PropertyValueSpecification","valueRequired":true,"valueName":"search_term_string"}}],"inLanguage":"es"}]}},"_links":{"self":[{"href":"https:\/\/lnkbridge.com\/es\/wp-json\/wp\/v2\/pages\/127","targetHints":{"allow":["GET"]}}],"collection":[{"href":"https:\/\/lnkbridge.com\/es\/wp-json\/wp\/v2\/pages"}],"about":[{"href":"https:\/\/lnkbridge.com\/es\/wp-json\/wp\/v2\/types\/page"}],"author":[{"embeddable":true,"href":"https:\/\/lnkbridge.com\/es\/wp-json\/wp\/v2\/users\/2"}],"replies":[{"embeddable":true,"href":"https:\/\/lnkbridge.com\/es\/wp-json\/wp\/v2\/comments?post=127"}],"version-history":[{"count":175,"href":"https:\/\/lnkbridge.com\/es\/wp-json\/wp\/v2\/pages\/127\/revisions"}],"predecessor-version":[{"id":1908,"href":"https:\/\/lnkbridge.com\/es\/wp-json\/wp\/v2\/pages\/127\/revisions\/1908"}],"wp:attachment":[{"href":"https:\/\/lnkbridge.com\/es\/wp-json\/wp\/v2\/media?parent=127"}],"curies":[{"name":"wp","href":"https:\/\/api.w.org\/{rel}","templated":true}]}}